{"id":4107,"date":"2018-08-23T08:05:27","date_gmt":"2018-08-23T06:05:27","guid":{"rendered":"https:\/\/www.rika-chemie.com\/demo\/?page_id=4107"},"modified":"2018-08-23T08:05:27","modified_gmt":"2018-08-23T06:05:27","slug":"home","status":"publish","type":"page","link":"https:\/\/www.rika-chemie.com\/en\/home\/","title":{"rendered":"Home"},"content":{"rendered":"<p>[fullwidth menu_anchor=&#8221;&#8221; backgroundcolor=&#8221;#fff&#8221; backgroundimage=&#8221;&#8221; backgroundrepeat=&#8221;no-repeat&#8221; backgroundposition=&#8221;left top&#8221; backgroundattachment=&#8221;scroll&#8221; bordersize=&#8221;0px&#8221; bordercolor=&#8221;&#8221; borderstyle=&#8221;solid&#8221; paddingtop=&#8221;5px&#8221; paddingbottom=&#8221;50px&#8221; class=&#8221;&#8221; id=&#8221;&#8221;]<br \/>\n[one_third last=&#8221;no&#8221; class=&#8221;&#8221; id=&#8221;&#8221;]\n<h1><span style=\"color: #09589e;\">DAS RIKA-PRINZIP<br \/>\n<\/span><\/h1>\n<p style=\"text-align: left;\">[\/one_third]\n[one_third last=&#8221;no&#8221; class=&#8221;&#8221; id=&#8221;&#8221;]&#8221;Ein chemischer Betrieb funktioniert auch nicht anders, als ein moderner Ozeanriese: Das Ganze l\u00e4uft nur wirklich gut, wenn das Zusammenspiel der gesamten Mannschaft passt, vom kleinsten Matrosen, bis hin zum Kapit\u00e4n des Schiffes.&#8221; So der gelernte Chemiker Dieter Weisenborn, seineszeichens &#8220;Kapit\u00e4n&#8221; der Rika Chemie GmbH, der das Unternehmen im Jahr 1997, gemeinsam mit seinem Kompagnon Hans Buse gr\u00fcndete, der f\u00fcr die Bereiche Personal, Einkauf und Finanzen verantwortlich zeichnet. Gemeinsam blicken die beiden auf weit \u00fcber 40 Jahre PU-Erfahrung zur\u00fcck, ein in dieser Form einzigartiges Know How, das sich in allen Rika-Produkten widerspiegelt. [\/one_third]\n<p style=\"text-align: left;\">[one_third last=&#8221;yes&#8221; class=&#8221;&#8221; id=&#8221;&#8221;]Heute liegen die St\u00e4rken der Firma in der Entwicklung und Herstellung von Spezialchemikalien f\u00fcr die PU basierte Schuhindustrie: Insbesondere moderne, umweltvertr\u00e4gliche Trennmittel, Lacke und Farbpasten bilden die Haupts\u00e4ulen des Produktportfolios, das durch Antistatika und spezielle Reiniger abgerundet wird, wie sie in der PU-Direktbesohlung ebenfalls zum Einsatz kommen. Neben der konstant hohen, zertifizierten Qualilt\u00e4t der Erzeugnisse bietet die Rika Chemie GmbH ihren Kunden weitere handfeste Vorteile, wie ma\u00dfgeschneiderte Produkt-Entwicklungen oder weltweiten Technik-Service mit Kooperationspartnern in China, Indien und Spanien.[\/one_third]\n[\/fullwidth]<\/p>\n<p>[fullwidth menu_anchor=&#8221;&#8221; backgroundcolor=&#8221;&#8221; backgroundimage=&#8221;&#8221; backgroundrepeat=&#8221;no-repeat&#8221; backgroundposition=&#8221;center bottom&#8221; backgroundattachment=&#8221;fixed&#8221; bordersize=&#8221;0px&#8221; bordercolor=&#8221;&#8221; borderstyle=&#8221;solid&#8221; paddingtop=&#8221;20px&#8221; paddingbottom=&#8221;10px&#8221; class=&#8221;&#8221; id=&#8221;&#8221;]<\/p>\n<h1 style=\"text-align: center;\"><span style=\"color: #09589e;\">DIE RIKA-PRODUKTPALETTE<\/span><\/h1>\n<h2 style=\"text-align: center;\">Hochmoderne, umweltvertr\u00e4gliche Spezialchemikalien f\u00fcr die PU-Direktbesohlungs-Technologie<\/h2>\n[content_boxes layout=&#8221;icon-on-top&#8221; columns=&#8221;4&#8243; class=&#8221;radio&#8221; id=&#8221;0&#8243;]\n[content_box title=&#8221;Trennmittel&#8221; backgroundcolor=&#8221;&#8221; icon=&#8221;&#8221; iconcolor=&#8221;&#8221; circlecolor=&#8221;&#8221; circlebordercolor=&#8221;&#8221; iconflip=&#8221;&#8221; iconrotate=&#8221;yes&#8221; iconspin=&#8221;yes&#8221; image=&#8221;.\/wp-content\/uploads\/2018\/01\/TM.png&#8221; image_width=&#8221;150&#8243; image_height=&#8221;150&#8243; link=&#8221;\/products\/trennmittel\/&#8221; linktarget=&#8221;_self&#8221; linktext=&#8221;mehr&#8221; animation_type=&#8221;fade&#8221; animation_direction=&#8221;down&#8221; animation_speed=&#8221;2&#8243;]Nemo enim ipsam voluptatem quia voluptas sit aspernatur aut odit aut fugit, sed quia[\/content_box]\n[content_box title=&#8221;PUR-Farbpasten&#8221; backgroundcolor=&#8221;&#8221; icon=&#8221;&#8221; iconcolor=&#8221;000&#8243; circlecolor=&#8221;000&#8243; circlebordercolor=&#8221;&#8221; iconflip=&#8221;&#8221; iconrotate=&#8221;&#8221; iconspin=&#8221;no&#8221; image=&#8221;.\/wp-content\/uploads\/2018\/01\/FR.png&#8221; image_width=&#8221;150&#8243; image_height=&#8221;150&#8243; link=&#8221;#&#8221; linktarget=&#8221;_self&#8221; linktext=&#8221;mehr&#8221; animation_type=&#8221;fade&#8221; animation_direction=&#8221;down&#8221; animation_speed=&#8221;2&#8243;]Nemo enim ipsam voluptatem quia voluptas sit aspernatur aut odit aut fugit, sed quia[\/content_box]\n[content_box title=&#8221;Spritzfarben &#038; Lacke&#8221; backgroundcolor=&#8221;&#8221; icon=&#8221;&#8221; iconcolor=&#8221;&#8221; circlecolor=&#8221;&#8221; circlebordercolor=&#8221;&#8221; iconflip=&#8221;&#8221; iconrotate=&#8221;&#8221; iconspin=&#8221;no&#8221; image=&#8221;.\/wp-content\/uploads\/2018\/01\/FP.png&#8221; image_width=&#8221;150&#8243; image_height=&#8221;150&#8243; link=&#8221;#&#8221; linktarget=&#8221;_self&#8221; linktext=&#8221;mehr&#8221; animation_type=&#8221;fade&#8221; animation_direction=&#8221;down&#8221; animation_speed=&#8221;2&#8243;]Nemo enim ipsam voluptatem quia voluptas sit aspernatur aut odit aut fugit, sed quia[\/content_box]\n[content_box title=&#8221;Antistatika&#8221; backgroundcolor=&#8221;&#8221; icon=&#8221;&#8221; iconcolor=&#8221;&#8221; circlecolor=&#8221;&#8221; circlebordercolor=&#8221;&#8221; iconflip=&#8221;&#8221; iconrotate=&#8221;&#8221; iconspin=&#8221;no&#8221; image=&#8221;.\/wp-content\/uploads\/2018\/01\/FP.png&#8221; image_width=&#8221;150&#8243; image_height=&#8221;150&#8243; link=&#8221;#&#8221; linktarget=&#8221;_self&#8221; linktext=&#8221;mehr&#8221; animation_type=&#8221;fade&#8221; animation_direction=&#8221;down&#8221; animation_speed=&#8221;2&#8243;]Nemo enim ipsam voluptatem quia voluptas sit aspernatur aut odit aut fugit, sed quia[\/content_box]\n[\/content_boxes]\n[content_boxes layout=&#8221;icon-on-top&#8221; columns=&#8221;2&#8243; class=&#8221;radio&#8221; id=&#8221;&#8221;]\n[content_box title=&#8221;Reiniger &#038; Verd\u00fcnner&#8221; backgroundcolor=&#8221;&#8221; icon=&#8221;&#8221; iconcolor=&#8221;&#8221; circlecolor=&#8221;&#8221; circlebordercolor=&#8221;&#8221; iconflip=&#8221;&#8221; iconrotate=&#8221;&#8221; iconspin=&#8221;no&#8221; image=&#8221;.\/wp-content\/uploads\/2018\/01\/Lacke.png&#8221; image_width=&#8221;150&#8243; image_height=&#8221;150&#8243; link=&#8221;#&#8221; linktarget=&#8221;_self&#8221; linktext=&#8221;mehr&#8221; animation_type=&#8221;fade&#8221; animation_direction=&#8221;down&#8221; animation_speed=&#8221;2&#8243;]Nemo enim ipsam voluptatem quia voluptas sit aspernatur aut odit aut fugit, sed quia[\/content_box]\n[\/content_boxes]\n[\/fullwidth]<\/p>\n<p>[fullwidth menu_anchor=&#8221;&#8221; backgroundcolor=&#8221;&#8221; backgroundimage=&#8221;.\/wp-content\/uploads\/2018\/02\/eisbaer.jpg&#8221; backgroundrepeat=&#8221;no-repeat&#8221; backgroundposition=&#8221;left top&#8221; backgroundattachment=&#8221;fixed&#8221; bordersize=&#8221;0px&#8221; bordercolor=&#8221;&#8221; borderstyle=&#8221;solid&#8221; paddingtop=&#8221;100px&#8221; paddingbottom=&#8221;100px&#8221; class=&#8221;&#8221; id=&#8221;&#8221;]<\/p>\n<h1 style=\"text-align: center;\"><span style=\"color: #000000;\">Trennmittel auf Wasserbasis<\/span><\/h1>\n<p style=\"text-align: center;\"><span style=\"color: #000000;\"><strong>Wir haben den weltweiten Mega-Trend fr\u00fchzeitig erkannt und bieten Ihnen somit schon heute eine breite Palette an hochmodernen, umweltvertr\u00e4glichen Trennmitteln auf Wasserbasis. Ganz gleich, ob Sie Polyether, Polyester, einfarbig oder zweifarbig fahren, extremen Hochglanz oder dezentes Mattfinish w\u00fcnschen, wir haben das passende w\u00e4ssrige Produkt f\u00fcr Ihre Bed\u00fcrfnisse.<\/strong><br \/>\n<\/span><\/p>\n<p>[\/fullwidth]<\/p>\n<p>[fullwidth menu_anchor=&#8221;&#8221; backgroundcolor=&#8221;#fffff&#8221; backgroundimage=&#8221;&#8221; backgroundrepeat=&#8221;no-repeat&#8221; backgroundposition=&#8221;left top&#8221; backgroundattachment=&#8221;scroll&#8221; bordersize=&#8221;0px&#8221; bordercolor=&#8221;&#8221; borderstyle=&#8221;solid&#8221; paddingtop=&#8221;100px&#8221; paddingbottom=&#8221;20px&#8221; class=&#8221;&#8221; id=&#8221;&#8221;]<\/p>\n<h1 style=\"text-align: center;\">TEXT<\/h1>\n[content_boxes layout=&#8221;icon-on-side&#8221; columns=&#8221;3&#8243; class=&#8221;&#8221; id=&#8221;&#8221;]\n[content_box title=&#8221;RESPONSIVE DESIGN&#8221; backgroundcolor=&#8221;#ffffff&#8221; icon=&#8221;fa-desktop&#8221; iconcolor=&#8221;#00b797&#8243; circlecolor=&#8221;#ffffff&#8221; circlebordercolor=&#8221;#ffffff&#8221; iconflip=&#8221;&#8221; iconrotate=&#8221;&#8221; iconspin=&#8221;no&#8221; image=&#8221;&#8221; image_width=&#8221;35&#8243; image_height=&#8221;35&#8243; link=&#8221;&#8221; linktarget=&#8221;_blank&#8221; linktext=&#8221;&#8221; animation_type=&#8221;0&#8243; animation_direction=&#8221;down&#8221; animation_speed=&#8221;0.1&#8243;]Nam tellus turpis blandit et ligula sit amet semper euismod massa auctor magna eget nunc iaculis nunc.[\/content_box]\n[content_box title=&#8221;OUT OF BOX DESIGN&#8221; backgroundcolor=&#8221;#ffffff&#8221; icon=&#8221;fa-folder-open&#8221; iconcolor=&#8221;#00b797&#8243; circlecolor=&#8221;#ffffff&#8221; circlebordercolor=&#8221;#ffffff&#8221; iconflip=&#8221;&#8221; iconrotate=&#8221;&#8221; iconspin=&#8221;no&#8221; image=&#8221;&#8221; image_width=&#8221;35&#8243; image_height=&#8221;35&#8243; link=&#8221;&#8221; linktarget=&#8221;_self&#8221; linktext=&#8221;&#8221; animation_type=&#8221;0&#8243; animation_direction=&#8221;down&#8221; animation_speed=&#8221;0.1&#8243;]Nam tellus turpis blandit et ligula sit amet semper euismod massa auctor magna eget nunc iaculis nunc.[\/content_box]\n[content_box title=&#8221;MAGIC ANIMATIONS&#8221; backgroundcolor=&#8221;#ffffff&#8221; icon=&#8221;fa-star-half-o&#8221; iconcolor=&#8221;#00b797&#8243; circlecolor=&#8221;#ffffff&#8221; circlebordercolor=&#8221;#ffffff&#8221; iconflip=&#8221;&#8221; iconrotate=&#8221;&#8221; iconspin=&#8221;no&#8221; image=&#8221;&#8221; image_width=&#8221;35&#8243; image_height=&#8221;35&#8243; link=&#8221;&#8221; linktarget=&#8221;_self&#8221; linktext=&#8221;&#8221; animation_type=&#8221;0&#8243; animation_direction=&#8221;down&#8221; animation_speed=&#8221;0.1&#8243;]Nam tellus turpis blandit et ligula sit amet semper euismod massa auctor magna eget nunc iaculis nunc.[\/content_box]\n[\/content_boxes]\n[content_boxes layout=&#8221;icon-on-side&#8221; columns=&#8221;3&#8243; class=&#8221;&#8221; id=&#8221;&#8221;]\n[content_box title=&#8221;CROSS BROWSER&#8221; backgroundcolor=&#8221;#ffffff&#8221; icon=&#8221;fa fa-magic&#8221; iconcolor=&#8221;#00b797&#8243; circlecolor=&#8221;#ffffff&#8221; circlebordercolor=&#8221;#ffffff&#8221; iconflip=&#8221;&#8221; iconrotate=&#8221;&#8221; iconspin=&#8221;no&#8221; image=&#8221;&#8221; image_width=&#8221;35&#8243; image_height=&#8221;35&#8243; link=&#8221;&#8221; linktarget=&#8221;_blank&#8221; linktext=&#8221;&#8221; animation_type=&#8221;0&#8243; animation_direction=&#8221;down&#8221; animation_speed=&#8221;0.1&#8243;]Nam tellus turpis blandit et ligula sit amet semper euismod massa auctor magna eget nunc iaculis nunc.[\/content_box]\n[content_box title=&#8221;LOVE AND PASSION&#8221; backgroundcolor=&#8221;#ffffff&#8221; icon=&#8221;fa fa-heart&#8221; iconcolor=&#8221;#00b797&#8243; circlecolor=&#8221;#ffffff&#8221; circlebordercolor=&#8221;#ffffff&#8221; iconflip=&#8221;&#8221; iconrotate=&#8221;&#8221; iconspin=&#8221;no&#8221; image=&#8221;&#8221; image_width=&#8221;35&#8243; image_height=&#8221;35&#8243; link=&#8221;&#8221; linktarget=&#8221;_self&#8221; linktext=&#8221;&#8221; animation_type=&#8221;0&#8243; animation_direction=&#8221;down&#8221; animation_speed=&#8221;0.1&#8243;]Nam tellus turpis blandit et ligula sit amet semper euismod massa auctor magna eget nunc iaculis nunc.[\/content_box]\n[content_box title=&#8221;CUSTOM CSS&#8221; backgroundcolor=&#8221;#ffffff&#8221; icon=&#8221;fa fa-css3&#8243; iconcolor=&#8221;#00b797&#8243; circlecolor=&#8221;#ffffff&#8221; circlebordercolor=&#8221;#ffffff&#8221; iconflip=&#8221;&#8221; iconrotate=&#8221;&#8221; iconspin=&#8221;no&#8221; image=&#8221;&#8221; image_width=&#8221;35&#8243; image_height=&#8221;35&#8243; link=&#8221;&#8221; linktarget=&#8221;_self&#8221; linktext=&#8221;&#8221; animation_type=&#8221;0&#8243; animation_direction=&#8221;down&#8221; animation_speed=&#8221;0.1&#8243;]Nam tellus turpis blandit et ligula sit amet semper euismod massa auctor magna eget nunc iaculis nunc.[\/content_box]\n[\/content_boxes]\n[content_boxes layout=&#8221;icon-on-side&#8221; columns=&#8221;3&#8243; class=&#8221;&#8221; id=&#8221;&#8221;]\n[content_box title=&#8221;PARALLAX EFFECT&#8221; backgroundcolor=&#8221;#ffffff&#8221; icon=&#8221;fa fa-object-ungroup&#8221; iconcolor=&#8221;#00b797&#8243; circlecolor=&#8221;#ffffff&#8221; circlebordercolor=&#8221;#ffffff&#8221; iconflip=&#8221;&#8221; iconrotate=&#8221;&#8221; iconspin=&#8221;no&#8221; image=&#8221;&#8221; image_width=&#8221;35&#8243; image_height=&#8221;35&#8243; link=&#8221;&#8221; linktarget=&#8221;_blank&#8221; linktext=&#8221;&#8221; animation_type=&#8221;0&#8243; animation_direction=&#8221;down&#8221; animation_speed=&#8221;0.1&#8243;]Nam tellus turpis blandit et ligula sit amet semper euismod massa auctor magna eget nunc iaculis nunc.[\/content_box]\n[content_box title=&#8221;POST GALLERY&#8221; backgroundcolor=&#8221;#ffffff&#8221; icon=&#8221;fa fa-picture-o&#8221; iconcolor=&#8221;#00b797&#8243; circlecolor=&#8221;#ffffff&#8221; circlebordercolor=&#8221;#ffffff&#8221; iconflip=&#8221;&#8221; iconrotate=&#8221;&#8221; iconspin=&#8221;no&#8221; image=&#8221;&#8221; image_width=&#8221;35&#8243; image_height=&#8221;35&#8243; link=&#8221;&#8221; linktarget=&#8221;_self&#8221; linktext=&#8221;&#8221; animation_type=&#8221;0&#8243; animation_direction=&#8221;down&#8221; animation_speed=&#8221;0.1&#8243;]Nam tellus turpis blandit et ligula sit amet semper euismod massa auctor magna eget nunc iaculis nunc.[\/content_box]\n[content_box title=&#8221;MANY ELEMENTS&#8221; backgroundcolor=&#8221;#ffffff&#8221; icon=&#8221;fa fa-th&#8221; iconcolor=&#8221;#00b797&#8243; circlecolor=&#8221;#ffffff&#8221; circlebordercolor=&#8221;#ffffff&#8221; iconflip=&#8221;&#8221; iconrotate=&#8221;&#8221; iconspin=&#8221;no&#8221; image=&#8221;&#8221; image_width=&#8221;35&#8243; image_height=&#8221;35&#8243; link=&#8221;&#8221; linktarget=&#8221;_self&#8221; linktext=&#8221;&#8221; animation_type=&#8221;0&#8243; animation_direction=&#8221;down&#8221; animation_speed=&#8221;0.1&#8243;]Nam tellus turpis blandit et ligula sit amet semper euismod massa auctor magna eget nunc iaculis nunc.[\/content_box]\n[\/content_boxes]\n[\/fullwidth]<\/p>\n<p>[fullwidth menu_anchor=&#8221;&#8221; backgroundcolor=&#8221;&#8221; backgroundimage=&#8221;.\/wp-content\/uploads\/2018\/01\/shutterstock_549121867-1500&#215;566-1167&#215;440.jpg&#8221; backgroundrepeat=&#8221;no-repeat&#8221; backgroundposition=&#8221;left top&#8221; backgroundattachment=&#8221;fixed&#8221; bordersize=&#8221;0px&#8221; bordercolor=&#8221;&#8221; borderstyle=&#8221;solid&#8221; paddingtop=&#8221;90px&#8221; paddingbottom=&#8221;80px&#8221; class=&#8221;&#8221; id=&#8221;&#8221;]<br \/>\n[three_fourth last=&#8221;no&#8221;]\n<h1>Solvent und VOC frei<\/h1>\n<p><span style=\"color: #ffffff;\">Vivamus nec massa sit amet sapien molestie. Vivamus nec massa sit amet sapien molestie. Proin iaculis lacus nisl, vel sollicitudin mauris vehicula et. Nunc tincidunt mollis risus. Proin iaculis lacus nisl, vel sollicitudin mauris vehicula et. Nunc tincidunt mollis risus.<\/span><br \/>\n[\/three_fourth][one_fourth last=&#8221;yes&#8221;]<style scoped>.t4p-button.button-1{border-width:1px;}.t4p-button.button-1:hover,.t4p-button.button-1:focus,.t4p-button.button-1:active{border-width:1px;}<\/style><style scoped>.t4p-button.button-1{border-width:1px;}.t4p-button.button-1:hover,.t4p-button.button-1:focus,.t4p-button.button-1:active{border-width:1px;}<\/style><a class=\"btn-default pull-left button  button  t4p-button button- button- button- button-default button-1 buttonshadow-\" type=\"message\/http\" target=\"_self\" title href=\"\/\"><span class=\"button-icon-divider-left\"><i class=\"fa fa-shopping-cart\"><\/i><\/span><span class=\"t4p-button-text-left\">Read more<\/span><\/a>[\/one_fourth]\n[\/fullwidth]<\/p>\n<div class=\"t4p-sep-clear\"><\/div><div class=\"t4p-separator sep-shadow\" style=\"margin-top:40px;margin-bottom:40px;\"><\/div>\n","protected":false},"excerpt":{"rendered":"<p>[fullwidth menu_anchor=&#8221;&#8221; backgroundcolor=&#8221;#fff&#8221; backgroundimage=&#8221;&#8221; backgroundrepeat=&#8221;no-repeat&#8221; backgroundposition=&#8221;left top&#8221; backgroundattachment=&#8221;scroll&#8221; bordersize=&#8221;0px&#8221; bordercolor=&#8221;&#8221; borderstyle=&#8221;solid&#8221; paddingtop=&#8221;5px&#8221; paddingbottom=&#8221;50px&#8221; class=&#8221;&#8221; id=&#8221;&#8221;] [one_third last=&#8221;no&#8221; class=&#8221;&#8221; id=&#8221;&#8221;] DAS RIKA-PRINZIP [\/one_third] [one_third last=&#8221;no&#8221; class=&#8221;&#8221; id=&#8221;&#8221;]&#8221;Ein chemischer Betrieb funktioniert auch nicht anders, als ein moderner Ozeanriese: Das Ganze l\u00e4uft nur wirklich gut, wenn das Zusammenspiel der gesamten Mannschaft passt, vom kleinsten Matrosen, bis hin zum [&hellip;]<\/p>\n","protected":false},"author":1,"featured_media":0,"parent":0,"menu_order":0,"comment_status":"closed","ping_status":"closed","template":"100-width.php","meta":{"footnotes":""},"class_list":["post-4107","page","type-page","status-publish","hentry"],"translation":{"provider":"WPGlobus","version":"3.0.1","language":"en","enabled_languages":["de","en","es","fr"],"languages":{"de":{"title":true,"content":true,"excerpt":false},"en":{"title":false,"content":false,"excerpt":false},"es":{"title":false,"content":false,"excerpt":false},"fr":{"title":false,"content":false,"excerpt":false}}},"_links":{"self":[{"href":"https:\/\/www.rika-chemie.com\/en\/wp-json\/wp\/v2\/pages\/4107","targetHints":{"allow":["GET"]}}],"collection":[{"href":"https:\/\/www.rika-chemie.com\/en\/wp-json\/wp\/v2\/pages"}],"about":[{"href":"https:\/\/www.rika-chemie.com\/en\/wp-json\/wp\/v2\/types\/page"}],"author":[{"embeddable":true,"href":"https:\/\/www.rika-chemie.com\/en\/wp-json\/wp\/v2\/users\/1"}],"replies":[{"embeddable":true,"href":"https:\/\/www.rika-chemie.com\/en\/wp-json\/wp\/v2\/comments?post=4107"}],"version-history":[{"count":2,"href":"https:\/\/www.rika-chemie.com\/en\/wp-json\/wp\/v2\/pages\/4107\/revisions"}],"predecessor-version":[{"id":4190,"href":"https:\/\/www.rika-chemie.com\/en\/wp-json\/wp\/v2\/pages\/4107\/revisions\/4190"}],"wp:attachment":[{"href":"https:\/\/www.rika-chemie.com\/en\/wp-json\/wp\/v2\/media?parent=4107"}],"curies":[{"name":"wp","href":"https:\/\/api.w.org\/{rel}","templated":true}]}}