{"id":2717,"date":"2014-03-26T12:20:57","date_gmt":"2014-03-26T12:20:57","guid":{"rendered":"http:\/\/demo.theme4press.com\/evolve\/?page_id=2717"},"modified":"2026-01-09T11:09:52","modified_gmt":"2026-01-09T10:09:52","slug":"products","status":"publish","type":"page","link":"https:\/\/www.rika-chemie.com\/es\/products\/","title":{"rendered":"Productos"},"content":{"rendered":"\n<h2 class=\"wp-block-heading\"><strong>El RIKA-portafolio<\/strong><\/h2>\n\n\n\n<p>En lo siguiente le damos una idea general sobre nuestros grupos de producto m\u00e1s importantes, con las &#8220;estrellas&#8221; de venta de cada categor\u00eda. Sin embargo, por si tuviera cualquier pregunta espec\u00edfica o si deseara un desarollo individual, estar\u00edamos naturalmente encanteados discutir su desaf\u00edo a lo largo de una conversaci\u00f3n individual.<\/p>\n\n\n\n<div style=\"height:40px\" aria-hidden=\"true\" class=\"wp-block-spacer\"><\/div>\n\n\n\n<div class=\"t4p-table table-1\">\n<table>\n<tbody>\n<tr style=\"border-radius: 15px; border-collapse: collapse;\">\n<td style=\"background-color: #0873bb; text-align: center;\"><span style=\"color: #ffffff; font-size: 25px;\"><a href=\"\/es\/products\/trennmittel\/\"><span style=\"color: #ffffff;\"><b>Desmoldeantes<\/b><\/span><\/a><\/span><\/td>\n<\/tr>\n<tr>\n<td style=\"background-color: #9bca3e; text-align: center;\"><span style=\"color: #ffffff; font-size: 25px;\"><a href=\"\/es\/products\/farbpasten\/\"><span style=\"color: #ffffff;\"><b>Pastas coloreadas<\/b><\/span><\/a><\/span><\/td>\n<\/tr>\n<tr>\n<td style=\"background-color: #fdb717; text-align: center;\"><span style=\"color: #ffffff; font-size: 25px;\"><a href=\"\/es\/products\/formenreiniger\/\"><span style=\"color: #ffffff;\"><b>Limpiamoldes<\/b><\/span><\/a><\/span><\/td>\n<\/tr>\n<tr>\n<td style=\"background-color: #ed2027; text-align: center;\"><span style=\"color: #ffffff; font-size: 25px;\"><a href=\"\/es\/products\/lacke\/\"><span style=\"color: #ffffff;\"><b>Lacas<\/b><\/span><\/a><\/span><\/td>\n<\/tr>\n<tr>\n<td style=\"background-color: #f48325; text-align: center;\"><span style=\"color: #ffffff; font-size: 25px;\"><a href=\"\/es\/products\/antistatic\/\"><span style=\"color: #ffffff;\"><b>Agentes antiest\u00e1ticos<\/b><\/span><\/a><\/span><\/td>\n<\/tr>\n<\/tbody>\n<\/table>\n<\/div>\n\n\n\n<p class=\"has-text-align-center\">Por si lo deseara as\u00ed desarollamos productos individualizados<\/p>\n","protected":false},"excerpt":{"rendered":"<p>El RIKA-portafolio En lo siguiente le damos una idea general sobre nuestros grupos de producto m\u00e1s importantes, con las &#8220;estrellas&#8221; de venta de cada categor\u00eda. Sin embargo, por si tuviera cualquier pregunta espec\u00edfica o si deseara un desarollo individual, estar\u00edamos naturalmente encanteados discutir su desaf\u00edo a lo largo de una conversaci\u00f3n individual. Desmoldeantes Pastas coloreadas [&hellip;]<\/p>\n","protected":false},"author":1,"featured_media":0,"parent":0,"menu_order":0,"comment_status":"closed","ping_status":"closed","template":"","meta":{"footnotes":""},"class_list":["post-2717","page","type-page","status-publish","hentry"],"translation":{"provider":"WPGlobus","version":"3.0.1","language":"es","enabled_languages":["de","en","es","fr"],"languages":{"de":{"title":true,"content":true,"excerpt":false},"en":{"title":true,"content":true,"excerpt":false},"es":{"title":true,"content":true,"excerpt":false},"fr":{"title":true,"content":true,"excerpt":false}}},"_links":{"self":[{"href":"https:\/\/www.rika-chemie.com\/es\/wp-json\/wp\/v2\/pages\/2717","targetHints":{"allow":["GET"]}}],"collection":[{"href":"https:\/\/www.rika-chemie.com\/es\/wp-json\/wp\/v2\/pages"}],"about":[{"href":"https:\/\/www.rika-chemie.com\/es\/wp-json\/wp\/v2\/types\/page"}],"author":[{"embeddable":true,"href":"https:\/\/www.rika-chemie.com\/es\/wp-json\/wp\/v2\/users\/1"}],"replies":[{"embeddable":true,"href":"https:\/\/www.rika-chemie.com\/es\/wp-json\/wp\/v2\/comments?post=2717"}],"version-history":[{"count":5,"href":"https:\/\/www.rika-chemie.com\/es\/wp-json\/wp\/v2\/pages\/2717\/revisions"}],"predecessor-version":[{"id":7034,"href":"https:\/\/www.rika-chemie.com\/es\/wp-json\/wp\/v2\/pages\/2717\/revisions\/7034"}],"wp:attachment":[{"href":"https:\/\/www.rika-chemie.com\/es\/wp-json\/wp\/v2\/media?parent=2717"}],"curies":[{"name":"wp","href":"https:\/\/api.w.org\/{rel}","templated":true}]}}