{"id":2834,"date":"2014-03-27T14:46:28","date_gmt":"2014-03-27T14:46:28","guid":{"rendered":"http:\/\/demo.theme4press.com\/evolve\/?page_id=2834"},"modified":"2024-07-02T11:35:01","modified_gmt":"2024-07-02T09:35:01","slug":"corporate","status":"publish","type":"page","link":"https:\/\/www.rika-chemie.com\/es\/","title":{"rendered":"Start"},"content":{"rendered":"<p class=\"has-drop-cap has-text-align-left justify-class\" style=\"font-size: 18px;\"><span style=\"color: #09589e;\"><strong>RIKA<\/strong><\/span> es su aliado fuerte y fiable cuando hablemos de productos qu\u00edmicos especiales para la industria del calzado basada en el PU.<\/p>\n<p>Los fundamentos de nuestro abanico de productos son sobre todo modern\u00edsimos desmoldeantes PUR, pastas coloreadas PUR y barnices\/lacas PUR, todo ello completado por agentes antiest\u00e1ticos, limpiamoldes y diluyentes, tal como tambien se utilizan en el sector de la inyecci\u00f3n directa.<\/p>\n<p>Se entiende por si mismo que siempre estemos aplicando las \u00faltimas technolog\u00edas para as\u00ed ser capaces de siempre garantizar una constantemente alta, certificable calidad de nuestros productos. Aunque todav\u00eda no exista una \u201cqu\u00edmica verde\u201d al 100%, es, no obstante, nuestra filosof\u00eda construir todos nuestros productos tan sosteniblemente como lo es posible hoy en d\u00eda.<\/p>\n\n\n<div style=\"height:40px\" aria-hidden=\"true\" class=\"wp-block-spacer\"><\/div>\n\n\n\n<h1 class=\"wp-block-heading\"><span style=\"color: #09589e;\"><strong>EL PORTAFOLIO RIKA<\/strong><\/span><\/h1>\n\n\n\n<hr class=\"wp-block-separator has-alpha-channel-opacity\"\/>\n\n\n\n<p class=\"has-text-align-center\"><strong>Modern\u00edsimos, sostenibles productos qu\u00edmicos especiales para las ind\u00fastrias de injecci\u00f3n directa y de producci\u00f3n de suelas en PUR<\/strong><\/p>\n\n\n<div class=\"wp-block-image\">\n<figure class=\"alignright size-full is-resized\"><img loading=\"lazy\" decoding=\"async\" width=\"300\" height=\"275\" src=\"https:\/\/www.rika-chemie.com\/wp-content\/uploads\/2019\/04\/farbpasten.jpg\" alt=\"Farbpasten\" class=\"wp-image-5690\" style=\"width:317px;height:auto\"\/><\/figure>\n<\/div>\n\n\n<p>No importa la complejidad del desarollo que nos puedan confiar, nosotros les ofreceremos una soluci\u00f3n hecha a medida y t\u00e9cnicamente factible. <\/p>\n\n\n\n<p>En el campo de los colorantes PUR, o sea de las lacas\/de los barnices, podemos realizar b\u00e1sicamente todo el espectro RAL o PANTONE. Uno de nuestros fuertes es el sector de los desmoldeantes, no importa si hablamos de soluciones tradicionales a base de disolventes, de modernas variantes a base de agua o de productos fuertemente reducidos en COV: Nosotros tenemos la soluci\u00f3n adecuada en nuestro programa. <\/p>\n\n\n\n<p>La completaci\u00f3n l\u00f3gica de todo ello son nuestros limpiadores eficientes, nuestros diluyentes y nuestros agentes antiest\u00e1ticos para su producci\u00f3n PUR de calzado o de suelas.<\/p>\n\n\n\n<div style=\"height:50px\" aria-hidden=\"true\" class=\"wp-block-spacer\"><\/div>\n\n\n\n<div class=\"t4p-table table-1\">\n<table>\n<tbody>\n<tr>\n<td style=\"background-color: #0873bb; text-align: center;\"><span style=\"color: #ffffff; font-size: 25px;\"><a href=\"\/es\/products\/trennmittel\/\"><span style=\"color: #ffffff;\"><b>Desmoldeantes<\/b><\/span><\/a><\/span><\/td>\n<\/tr>\n<tr>\n<td style=\"background-color: #9bca3e; text-align: center;\"><span style=\"color: #ffffff; font-size: 25px;\"><a href=\"\/es\/products\/farbpasten\/\"><span style=\"color: #ffffff;\"><b>Pastas Coloreadas<\/b><\/a><\/span><\/td>\n<\/tr>\n<tr>\n<td style=\"background-color: #fdb717; text-align: center;\"><span style=\"color: #ffffff; font-size: 25px;\"><a href=\"\/es\/products\/formenreiniger\/\"><span style=\"color: #ffffff;\"><b>Limpiamoldes<\/b><\/span><\/td>\n<\/tr>\n<tr>\n<td style=\"background-color: #ed2027; text-align: center;\"><span style=\"color: #ffffff; font-size: 25px;\"><a href=\"\/es\/antistatic\/\"><span style=\"color: #ffffff;\"><b>Barnices\/Lacas<\/b> <\/span><\/td>\n<\/tr>\n<tr>\n<td style=\"background-color: #f48325; text-align: center;\"><span style=\"color: #ffffff; font-size: 25px;\"><a href=\"\/es\/lacke\/\"><span style=\"color: #ffffff;\"><b>Agentes antiest\u00e1ticos<\/b><\/span><\/td>\n<\/tr>\n<\/tbody>\n<\/table>\n<\/div>\n\n\n\n<div style=\"height:19px\" aria-hidden=\"true\" class=\"wp-block-spacer\"><\/div>\n\n\n\n<h2 class=\"wp-block-heading\"><span style=\"color: #09589e;\"><strong>NUESTRA VENTAJAS<\/strong><\/span><\/h2>\n\n\n\n<hr class=\"wp-block-separator has-alpha-channel-opacity\"\/>\n\n\n\n<div style=\"height:40px\" aria-hidden=\"true\" class=\"wp-block-spacer\"><\/div>\n\n\n<div class=\"componentz-content-boxes columns-3 content-boxes-1 content-boxes-icon-boxed row\"><div class=\"card-deck mb-0 mb-lg-3\"><br \/>\n<div class=\"col col-12 col-md-6 componentz-content-box px-sm-0 component-animated animated\" animation_class=\"component-animated animated\" data-animationType=\"slideInDown\" data-animationDuration=\"0.1\"><div class=\"card mb-4 w-100 text-center rounded shadow\" style=\"background-color: #ededed;\"><div class=\"card-img-top heading-with-icon\"><i style=\"color:#5b5b5b;\" class=\"p-2 fa fa-wrench mt-0\"><\/i><\/div><div class=\"card-body\"><p class=\"card-text\"><b>Desarollos hechos a medida seg\u00fan las indicaciones de nuestros clientes<\/b><\/p><\/div><\/div><\/div><\/p>\n<p><div class=\"col col-12 col-md-6 componentz-content-box px-sm-0 component-animated animated\" animation_class=\"component-animated animated\" data-animationType=\"slideInDown\" data-animationDuration=\"0.1\"><div class=\"card mb-4 w-100 text-center rounded shadow\" style=\"background-color: #ededed;\"><div class=\"card-img-top heading-with-icon\"><i style=\"color:#5b5b5b;\" class=\"p-2 fa fa-check mt-0\"><\/i><\/div><div class=\"card-body\"><p class=\"card-text\"><b>Alta flexibilidad, tambien en el caso de tareas complejas<\/b><\/p><\/div><\/div><\/div><\/p>\n<p><div class=\"col col-12 col-md-6 componentz-content-box px-sm-0 component-animated animated\" animation_class=\"component-animated animated\" data-animationType=\"slideInDown\" data-animationDuration=\"0.1\"><div class=\"card mb-4 w-100 text-center rounded shadow\" style=\"background-color: #ededed;\"><div class=\"card-img-top heading-with-icon\"><i style=\"color:#5b5b5b;\" class=\"p-2 fa fa-plane mt-0\"><\/i><\/div><div class=\"card-body\"><p class=\"card-text\"><b>Servicio t\u00e9chnico global llevado a cabo por nuestros expertos<\/b><\/p><\/div><\/div><\/div><br \/>\n<\/div><\/div>\n\n\n\n<p><span style=\"color: #09589e;\"><\/span><\/p>\n\n\n\n<div style=\"height:100px\" aria-hidden=\"true\" class=\"wp-block-spacer\"><\/div>\n\n\n\n<div class=\"wp-block-group\"><div class=\"wp-block-group__inner-container is-layout-constrained wp-block-group-is-layout-constrained\">\n<div class=\"wp-block-columns is-layout-flex wp-container-core-columns-is-layout-9d6595d7 wp-block-columns-is-layout-flex\">\n<div class=\"wp-block-column is-layout-flow wp-block-column-is-layout-flow\" style=\"flex-basis:33.33%\"><div class=\"wp-block-image\">\n<figure class=\"aligncenter size-full is-resized\"><img loading=\"lazy\" decoding=\"async\" width=\"249\" height=\"333\" src=\"http:\/\/neu.rika-chemie.com\/wp-content\/uploads\/2024\/07\/Kopf.jpg\" alt=\"\" class=\"wp-image-6924\" style=\"width:227px;height:auto\" srcset=\"https:\/\/www.rika-chemie.com\/wp-content\/uploads\/2024\/07\/Kopf.jpg 249w, https:\/\/www.rika-chemie.com\/wp-content\/uploads\/2024\/07\/Kopf-224x300.jpg 224w\" sizes=\"auto, (max-width: 249px) 100vw, 249px\" \/><\/figure>\n<\/div><\/div>\n\n\n\n<div class=\"wp-block-column is-layout-flow wp-block-column-is-layout-flow\" style=\"flex-basis:66.66%\">\n<p>Hoy en d\u00eda nuestra empresa tiene fama de ser un fiable aliado de muchos conocidos producentes de calzado o de componentes de calzado en todo el mundo. <\/p>\n\n\n\n<p>Tanto nuestros desarollos como nuestra producci\u00f3n se llevan a cabo exclusivamente en Alemania, cumpliendo con los \u00faltimos est\u00e1ndares europ\u00e9os.<\/p>\n\n\n\n<p class=\"justify-class\">Por ello hemos elegido Pirmasens como sede de nuestra empresa conscientemente, ya que la ciudad a\u00fan es un reconocido n\u00facleo de conocimientos alrededor de la producci\u00f3n del calzdado.<\/p>\n<\/div>\n<\/div>\n<\/div><\/div>\n","protected":false},"excerpt":{"rendered":"<p>RIKA es su aliado fuerte y fiable cuando hablemos de productos qu\u00edmicos especiales para la industria del calzado basada en el PU. Los fundamentos de nuestro abanico de productos son sobre todo modern\u00edsimos desmoldeantes PUR, pastas coloreadas PUR y barnices\/lacas PUR, todo ello completado por agentes antiest\u00e1ticos, limpiamoldes y diluyentes, tal como tambien se utilizan [&hellip;]<\/p>\n","protected":false},"author":1,"featured_media":0,"parent":0,"menu_order":0,"comment_status":"closed","ping_status":"closed","template":"","meta":{"footnotes":""},"class_list":["post-2834","page","type-page","status-publish","hentry"],"translation":{"provider":"WPGlobus","version":"3.0.1","language":"es","enabled_languages":["de","en","es","fr"],"languages":{"de":{"title":true,"content":true,"excerpt":false},"en":{"title":true,"content":true,"excerpt":false},"es":{"title":true,"content":true,"excerpt":false},"fr":{"title":true,"content":true,"excerpt":false}}},"_links":{"self":[{"href":"https:\/\/www.rika-chemie.com\/es\/wp-json\/wp\/v2\/pages\/2834","targetHints":{"allow":["GET"]}}],"collection":[{"href":"https:\/\/www.rika-chemie.com\/es\/wp-json\/wp\/v2\/pages"}],"about":[{"href":"https:\/\/www.rika-chemie.com\/es\/wp-json\/wp\/v2\/types\/page"}],"author":[{"embeddable":true,"href":"https:\/\/www.rika-chemie.com\/es\/wp-json\/wp\/v2\/users\/1"}],"replies":[{"embeddable":true,"href":"https:\/\/www.rika-chemie.com\/es\/wp-json\/wp\/v2\/comments?post=2834"}],"version-history":[{"count":100,"href":"https:\/\/www.rika-chemie.com\/es\/wp-json\/wp\/v2\/pages\/2834\/revisions"}],"predecessor-version":[{"id":6950,"href":"https:\/\/www.rika-chemie.com\/es\/wp-json\/wp\/v2\/pages\/2834\/revisions\/6950"}],"wp:attachment":[{"href":"https:\/\/www.rika-chemie.com\/es\/wp-json\/wp\/v2\/media?parent=2834"}],"curies":[{"name":"wp","href":"https:\/\/api.w.org\/{rel}","templated":true}]}}