{"id":3721,"date":"2018-01-29T13:19:38","date_gmt":"2018-01-29T12:19:38","guid":{"rendered":"http:\/\/localhost\/?page_id=3721"},"modified":"2024-06-26T11:44:55","modified_gmt":"2024-06-26T09:44:55","slug":"impressum","status":"publish","type":"page","link":"https:\/\/www.rika-chemie.com\/es\/impressum\/","title":{"rendered":"Aviso Legal"},"content":{"rendered":"<p>Rika Chemie GmbH<br \/>\nIndustriestrasse 10<br \/>\nD-66981 M\u00fcnchweiler<\/p>\n<p><strong>Representado por:<\/strong><br \/>\nDieter Weisenborn, Hans Buse<\/p>\n<p><strong>Contacto:<\/strong><br \/>\nTel\u00e9fono: +49 63 95 &#8211; 99 47 57<br \/>\nFax: + 49 63 95 &#8211; 99 47 60<br \/>\nE-Mail: info@rika-chemie.com<\/p>\n<p><strong>Anotaci\u00f3n en el registro comercial:<\/strong><br \/>\nAnotaci\u00f3n en el registro de la Corte Comercial de: Zweibr\u00fccken<br \/>\nN\u00famero de registro: HRB 23202<\/p>\n<p><strong>NIF:<\/strong><br \/>\nNIF seg\u00fan \u00a727a Ley del impuesto a\u00f1adido: DE812352380.<\/p>\n<h2>Exenci\u00f3n de responsabilidad:<\/h2>\n<h3>Responsabilidad por contenido<\/h3>\n<p>Los contenidos de nuestras p\u00e1ginas fueron creados con gran cuidado. Sin embargo, no podemos garantizar la precisi\u00f3n, integridad y puntualidad de los contenidos. Como proveedor de servicios, somos responsables seg\u00fan los \u00a7 7 Abs.1 TMG de los contenidos propios en estos lados de acuerdo con las leyes generales. Sin embargo, seg\u00fan \u00a7\u00a7 8 a 10 TMG, nosotros, como proveedores de servicios, no estamos obligados a monitorear la informaci\u00f3n externa transmitida o almacenada, ni a investigar circunstancias que indiquen actividad ilegal. Las obligaciones de eliminar o bloquear el uso de la informaci\u00f3n en virtud de la ley general no se ver\u00e1n afectadas. Sin embargo, la responsabilidad en este sentido solo es posible desde el momento del conocimiento de una infracci\u00f3n espec\u00edfica. Tras la notificaci\u00f3n de las violaciones correspondientes, eliminaremos este contenido de inmediato.<\/p>\n<h3>Responsabilidad por enlaces<\/h3>\n<p>Nuestra oferta contiene enlaces a sitios web externos de terceros sobre cuyos contenidos no tenemos influencia. Por lo tanto no podemos asumir ninguna responsabilidad por estos contenidos externos. El contenido de las p\u00e1ginas enlazadas es siempre responsabilidad del proveedor u operador respectivo de las p\u00e1ginas. Las p\u00e1ginas enlazadas fueron revisadas por posibles violaciones legales en el momento de la vinculaci\u00f3n. El contenido ilegal no era reconocible en el momento de la vinculaci\u00f3n. Sin embargo, un control de contenido permanente de las p\u00e1ginas enlazadas no es razonable sin evidencia concreta de una violaci\u00f3n de la ley. Tras la notificaci\u00f3n de violaciones, eliminaremos dichos enlaces inmediatamente.<\/p>\n<h3>Derechos de autor<\/h3>\n<p>El contenido y los trabajos en estas p\u00e1ginas creados por los operadores del sitio est\u00e1n sujetos a la ley alemana de derechos de autor. La duplicaci\u00f3n, el procesamiento, la distribuci\u00f3n y cualquier tipo de explotaci\u00f3n fuera de los l\u00edmites de los derechos de autor requieren el consentimiento por escrito del autor o creador correspondiente. Las descargas y copias de este sitio son solo para uso privado, no comercial. En la medida en que los contenidos en este lado no fueron creados por el operador, se consideran los derechos de autor de terceros. En particular, el contenido de terceros se identifica como tal. Si a\u00fan tiene conocimiento de una infracci\u00f3n de derechos de autor, le pedimos una nota. Tras la notificaci\u00f3n de violaciones, eliminaremos dicho contenido inmediatamente.<\/p>\n","protected":false},"excerpt":{"rendered":"<p>Rika Chemie GmbH Industriestrasse 10 D-66981 M\u00fcnchweiler Representado por: Dieter Weisenborn, Hans Buse Contacto: Tel\u00e9fono: +49 63 95 &#8211; 99 47 57 Fax: + 49 63 95 &#8211; 99 47 60 E-Mail: info@rika-chemie.com Anotaci\u00f3n en el registro comercial: Anotaci\u00f3n en el registro de la Corte Comercial de: Zweibr\u00fccken N\u00famero de registro: HRB 23202 NIF: NIF [&hellip;]<\/p>\n","protected":false},"author":1,"featured_media":0,"parent":0,"menu_order":0,"comment_status":"closed","ping_status":"closed","template":"","meta":{"footnotes":""},"class_list":["post-3721","page","type-page","status-publish","hentry"],"translation":{"provider":"WPGlobus","version":"3.0.1","language":"es","enabled_languages":["de","en","es","fr"],"languages":{"de":{"title":true,"content":true,"excerpt":false},"en":{"title":true,"content":true,"excerpt":false},"es":{"title":true,"content":true,"excerpt":false},"fr":{"title":true,"content":true,"excerpt":false}}},"_links":{"self":[{"href":"https:\/\/www.rika-chemie.com\/es\/wp-json\/wp\/v2\/pages\/3721","targetHints":{"allow":["GET"]}}],"collection":[{"href":"https:\/\/www.rika-chemie.com\/es\/wp-json\/wp\/v2\/pages"}],"about":[{"href":"https:\/\/www.rika-chemie.com\/es\/wp-json\/wp\/v2\/types\/page"}],"author":[{"embeddable":true,"href":"https:\/\/www.rika-chemie.com\/es\/wp-json\/wp\/v2\/users\/1"}],"replies":[{"embeddable":true,"href":"https:\/\/www.rika-chemie.com\/es\/wp-json\/wp\/v2\/comments?post=3721"}],"version-history":[{"count":5,"href":"https:\/\/www.rika-chemie.com\/es\/wp-json\/wp\/v2\/pages\/3721\/revisions"}],"predecessor-version":[{"id":6856,"href":"https:\/\/www.rika-chemie.com\/es\/wp-json\/wp\/v2\/pages\/3721\/revisions\/6856"}],"wp:attachment":[{"href":"https:\/\/www.rika-chemie.com\/es\/wp-json\/wp\/v2\/media?parent=3721"}],"curies":[{"name":"wp","href":"https:\/\/api.w.org\/{rel}","templated":true}]}}