{"id":3880,"date":"2018-02-02T13:17:56","date_gmt":"2018-02-02T12:17:56","guid":{"rendered":"http:\/\/192.168.2.211\/?page_id=3880"},"modified":"2026-01-09T10:59:36","modified_gmt":"2026-01-09T09:59:36","slug":"trennmittel","status":"publish","type":"page","link":"https:\/\/www.rika-chemie.com\/es\/products\/trennmittel\/","title":{"rendered":"Trennmittel"},"content":{"rendered":"\n<h1 class=\"wp-block-heading\">Desmoldeantes para suelas en PUR y en EVA<\/h1>\n\n\n<div class=\"wp-block-image\">\n<figure class=\"alignright\"><img loading=\"lazy\" decoding=\"async\" width=\"300\" height=\"201\" src=\"https:\/\/www.rika-chemie.com\/wp-content\/uploads\/2019\/04\/TPU_Form-300x201.jpg\" alt=\"\" class=\"wp-image-5551\" srcset=\"https:\/\/www.rika-chemie.com\/wp-content\/uploads\/2019\/04\/TPU_Form-300x201.jpg 300w, https:\/\/www.rika-chemie.com\/wp-content\/uploads\/2019\/04\/TPU_Form.jpg 597w\" sizes=\"auto, (max-width: 300px) 100vw, 300px\" \/><\/figure>\n<\/div>\n\n\n<p><br>Nosotros tenemos la soluci\u00f3n \u00f3ptima para cualquier de sus desaf\u00edos en el campo de los desmoldeantes, no importa si hablamos de productos basados en agua, basados en disolventes, para pronto uso o de concentrados. Nosotros le facilitamos el producto m\u00e1s id\u00f3neo para cualquier aplicaci\u00f3n que le hiciere falta : Poli\u00e9ter o poli\u00e9ster, mono- o bi-densidad, con acabado mate o brillante, todo eso naturalmente adaptado al peso espec\u00edfco de sus suelas. A parte de ello, podemos adaptar nuestros desmoldeantes a las necesidades espec\u00edficas de su producci\u00f3n, no importa si lo aplican manualmente, con robot o mediante electroest\u00e1tica. Finalmente ser\u00e1 nuestro placer aconsejarles el equipo (t\u00e9chnico) m\u00e1s adecuado. Todos los desmoldeantes RIKA se destacan por su f\u00e1cil aplicaci\u00f3n, su escaso consumo y la poca contaminaci\u00f3n de los moldes. Desarollos especiales, como p.e. desmoldeantes muy reducidos en COV, libres de esta\u00f1o o libres de silicona completan nuestra oferta perfectamente.<\/p>\n\n\n\n<h2 class=\"wp-block-heading\">Desmoldeantes para poli\u00e9ster Mono-Color<\/h2>\n\n\n\n<div>\n<table width=\"100%\">\n<thead>\n<tr>\n<th>Aplicaci\u00f3n<\/th>\n<th>Art\u00edculo Rika<\/th>\n<th>Technolog\u00eda<\/th>\n<th>Descripci\u00f3n<\/th>\n<\/tr>\n<\/thead>\n<tbody>\n<tr>\n<td>Poly\u00e9ster-mono-color<\/td>\n<td>TM 800\/&#8230;<\/td>\n<td>Modern\u00edsimos desmoldeantes, basados \u00fanicamente en aceites sint\u00e9ticos<\/td>\n<td>M\u00ednimo ensuciamento del molde, f\u00e1cil proceso desmoldeador, acabado seco, \u00f3ptima preparaci\u00f3n para pintura posterior<\/td>\n<\/tr>\n<\/tbody>\n<\/table>\n<\/div>\n\n\n<div class=\"t4p-title title\"><h2 class=\"title-heading-left\">Desmoldeantes para poli\u00e9ster<\/p>\n<p>Bi-Color<\/h2><div class=\"title-sep-container\"><div class=\"title-sep sep-double\"><\/div><\/div><\/div>\n\n\n\n<div>\n<table width=\"100%\">\n<thead>\n<tr>\n<th>Aplicaci\u00f3n<\/th>\n<th>Art\u00edculo Rika<\/th>\n<th>Technolog\u00eda<\/th>\n<th>Descripci\u00f3n<\/th>\n<\/tr>\n<\/thead>\n<tbody>\n<tr>\n<td>Poli\u00e9ster bi-color<\/td>\n<td>820\/&#8230;<\/td>\n<td>Desmoldeantes modernos, una combinaci\u00f3n de aceite y cera, alto porcentaje de sustancias s\u00f3lidas<\/td>\n<td>Epecialmente aptos para la inyecci\u00f3n directa en bi-densidad de calzado de seguridad, aspecto mate-seda, m\u00ednimo ensuciamento del molde<\/td>\n<\/tr>\n<tr>\n<td>Poli\u00e9ster bi-color<\/td>\n<td>828\/&#8230;<\/td>\n<td>Libre de silicona<\/td>\n<td>Epecialmente aptos para la inyjecci\u00f3n directa en bi-densidad de calzado de seguridad, aspecto mate-seda, m\u00ednimo ensuciamento del molde; id\u00f3neo para cuartos as\u00e9pticos\n<p>&nbsp;<\/p>\n<\/td>\n<\/tr>\n<\/tbody>\n<\/table>\n<\/div>\n\n\n\n<h2 class=\"wp-block-heading\">Desmoldeantes para poli\u00e9ter Mono-Color<\/h2>\n\n\n\n<div>\n<table width=\"100%\">\n<thead>\n<tr>\n<th>Aplicaci\u00f3n<\/th>\n<th>Art\u00edculo Rika<\/th>\n<th>Technolog\u00eda<\/th>\n<th>Decripci\u00f3n<\/th>\n<\/tr>\n<\/thead>\n<tbody>\n<tr>\n<td>Poli\u00e9ter mono-color<\/td>\n<td>VP 747<\/td>\n<td>Desmoldeante cl\u00e1sico a base de aceite y cera, comprobado en el mundo entero,&nbsp; alto porcentaje de sustancias s\u00f3lidas<\/td>\n<td>Muy f\u00e1cil proceso desmoldeador, aspecto mate-sofisticado, ideal para sus suelas de moda en PUR<\/td>\n<\/tr>\n<tr>\n<td>Poli\u00e9ter mono-color<\/td>\n<td>850\/&#8230;<\/td>\n<td>Desmoldeante cl\u00e1sico a base de aceite y cera, comprobado en el mundo entero,&nbsp; alto porcentaje de sustancias s\u00f3lidas<\/td>\n<td>Para suelas de moda en PUR o para la inyecci\u00f3n directa en PUR; sofisticado aspecto mate, para aplicaci\u00f3n convencional y electroest\u00e1tica<\/td>\n<\/tr>\n<\/tbody>\n<\/table>\n<\/div>\n\n\n<div id=\"eis\" class=\"page-section\"><div class=\"component-section\" data-paroller-factor=\"0.3\" data-paroller-factor-xs=\"0.1\" data-paroller-type=\"background\" data-paroller-direction=\"vertical\" style=\"background-attachment: scroll; background-image: url(\/wp-content\/uploads\/2017\/01\/eisb2.jpg); background-position: left bottom; background-repeat: no-repeat; background-size: cover; border-bottom-width: 0px; border-top-width: 0px; border-bottom-style: solid; border-top-style: solid; padding-bottom: 20px; padding-top: 240px;\"><div class=\"container\"><\/p>\n<h3>Desmoldeantes a base de agua<\/h3>\n<p><\/div><\/div><\/div>\n\n\n\n<div style=\"height:60px\" aria-hidden=\"true\" class=\"wp-block-spacer\"><\/div>\n\n\n\n<div>\n<table width=\"100%\">\n<thead>\n<tr>\n<th>Aplicaci\u00f3n<\/th>\n<th>Art\u00edculo Rika<\/th>\n<th>Technolog\u00eda<\/th>\n<th>Descripci\u00f3n<\/th>\n<\/tr>\n<\/thead>\n<tbody>\n<tr>\n<td>Poli\u00e9ster mono-color<\/td>\n<td>WRA 992\/&#8230;<\/td>\n<td>Emulsi\u00f3n basada en aceite<\/td>\n<td>Muy bueno y f\u00e1cil proceso desmoldeador; piel bonita y cerrada, con un tacto sofisticado<\/td>\n<\/tr>\n<tr>\n<td>Poli\u00e9ster bi-color<\/td>\n<td>WRA 995\/&#8230;<\/td>\n<td>Emulsi\u00f3n basada en aceite y cera<\/td>\n<td>Piel bonita y cerrada, sofisticado tacto goma con aspecto seda-mate<\/td>\n<\/tr>\n<tr>\n<td>Poli\u00e9ter mono-color<\/td>\n<td>WRA 993\/&#8230;<\/td>\n<td>Emulsi\u00f3n basada en aceite<\/td>\n<td>Muy f\u00e1cil proceso desmoldeador, tan apto para su producci\u00f3n de suelas como para la inyecci\u00f3n directa; puede ser entregado con efecto mate o brillante<\/td>\n<\/tr>\n<tr>\n<td>Suelas EVA<\/td>\n<td>WRA 994\/&#8230;<\/td>\n<td>Emulsi\u00f3n basada en aceite<\/td>\n<td>Ideal para desmoldear suelas EVA o partes t\u00e9cnicas en EVA; formas de venta:&nbsp; Concentrado o listo para usar<\/td>\n<\/tr>\n<\/tbody>\n<\/table>\n<\/div>\n","protected":false},"excerpt":{"rendered":"<p>Desmoldeantes para suelas en PUR y en EVA Nosotros tenemos la soluci\u00f3n \u00f3ptima para cualquier de sus desaf\u00edos en el campo de los desmoldeantes, no importa si hablamos de productos basados en agua, basados en disolventes, para pronto uso o de concentrados. Nosotros le facilitamos el producto m\u00e1s id\u00f3neo para cualquier aplicaci\u00f3n que le hiciere [&hellip;]<\/p>\n","protected":false},"author":1,"featured_media":0,"parent":2717,"menu_order":0,"comment_status":"closed","ping_status":"closed","template":"","meta":{"footnotes":""},"class_list":["post-3880","page","type-page","status-publish","hentry"],"translation":{"provider":"WPGlobus","version":"3.0.1","language":"es","enabled_languages":["de","en","es","fr"],"languages":{"de":{"title":true,"content":true,"excerpt":false},"en":{"title":true,"content":true,"excerpt":false},"es":{"title":false,"content":true,"excerpt":false},"fr":{"title":true,"content":true,"excerpt":false}}},"_links":{"self":[{"href":"https:\/\/www.rika-chemie.com\/es\/wp-json\/wp\/v2\/pages\/3880","targetHints":{"allow":["GET"]}}],"collection":[{"href":"https:\/\/www.rika-chemie.com\/es\/wp-json\/wp\/v2\/pages"}],"about":[{"href":"https:\/\/www.rika-chemie.com\/es\/wp-json\/wp\/v2\/types\/page"}],"author":[{"embeddable":true,"href":"https:\/\/www.rika-chemie.com\/es\/wp-json\/wp\/v2\/users\/1"}],"replies":[{"embeddable":true,"href":"https:\/\/www.rika-chemie.com\/es\/wp-json\/wp\/v2\/comments?post=3880"}],"version-history":[{"count":5,"href":"https:\/\/www.rika-chemie.com\/es\/wp-json\/wp\/v2\/pages\/3880\/revisions"}],"predecessor-version":[{"id":7018,"href":"https:\/\/www.rika-chemie.com\/es\/wp-json\/wp\/v2\/pages\/3880\/revisions\/7018"}],"up":[{"embeddable":true,"href":"https:\/\/www.rika-chemie.com\/es\/wp-json\/wp\/v2\/pages\/2717"}],"wp:attachment":[{"href":"https:\/\/www.rika-chemie.com\/es\/wp-json\/wp\/v2\/media?parent=3880"}],"curies":[{"name":"wp","href":"https:\/\/api.w.org\/{rel}","templated":true}]}}