{"id":3883,"date":"2018-02-02T13:21:57","date_gmt":"2018-02-02T12:21:57","guid":{"rendered":"http:\/\/192.168.2.211\/?page_id=3883"},"modified":"2026-01-09T10:56:45","modified_gmt":"2026-01-09T09:56:45","slug":"farbpasten","status":"publish","type":"page","link":"https:\/\/www.rika-chemie.com\/es\/products\/farbpasten\/","title":{"rendered":"Pastas coloreadas para sistemas de espuma en poliuretano"},"content":{"rendered":"\n<h1 class=\"wp-block-heading\">Pastas coloreadas para sistemas de espuma en poliuretano<\/h1>\n\n\n<div class=\"wp-block-image\">\n<figure class=\"alignright\"><img decoding=\"async\" src=\"https:\/\/www.rika-chemie.com\/wp-content\/uploads\/2019\/04\/farbpaste-200x300.jpg\" alt=\"\" class=\"wp-image-4199\"\/><\/figure>\n<\/div>\n\n\n<p><span style=\"color: #09589e;\"><\/span><\/p>\n\n\n\n<p>La aplicaci\u00f3n principal para nuestras pastas coloreadas PUR es la industria del calzado basada en poliuretano. RIKA-pastas coloreadas son pues especialmente aptas para la colorisaci\u00f3n eficaz de sistemas de espuma basados en poli\u00e9ster o poli\u00e9ter, como, por ejemplo, suelas (inyectadas) de zapatos de seguridad, zapatillas de deporte o calzado \u201coutdoor\u201d.<\/p>\n\n\n\n<p>B\u00e1sicamente podemos adaptar todas nuestras pastas coloreadas PUR a los escemas de color internacionales como RAL, PANTONE, NCS o HKS. Para ello, nuestro equipo de expertos en colorantes utiliza un sistema completo de c\u00e1lculao de formulaci\u00f3n de \u00faltima generaci\u00f3n. Todas las pastas coloreadas RIKA son aptas para su elaboraci\u00f3n mediante cabezal mezclador (m\u00e9todo de dosificaci\u00f3n) o mediante el m\u00e9todo batch, cuando se a\u00f1aden directamente a la componente A del sistema de espuma (poliol).<\/p>\n\n\n\n<p>Pastas coloreadas RIKA existen en todos los colores bases. Naturalmente reproducimos tambien el tono de color que haga falta seg\u00fan esp\u00e9cimenes de nuestros clientes. Todas las pastas coloreadas RIKA son libres de ftalatos. En cuanto a las cantidades disponibles existe todo un abanico de entre el pr\u00e1ctico cubo de 9 kgs hasta el econ\u00f3mico contenedor IBC de 1000 kgs para su producci\u00f3n en masa.<\/p>\n\n\n\n<div style=\"overflow-x: auto;\">\n<table style=\"height: 415px;\" width=\"690\">\n<thead>\n<tr>\n<th width=\"200\">Aplicaci\u00f3n<\/th>\n<th width=\"100\">Art\u00edculo Rika<\/th>\n<th>Technolog\u00eda<\/th>\n<th>Descripci\u00f3n<\/th>\n<\/tr>\n<\/thead>\n<tbody>\n<tr>\n<td>Sistemas de espuma en poli\u00e9ter y poliester, m\u00e9todo batch y dosificaci\u00f3n<\/td>\n<td>CP 1165\/&#8230;<\/td>\n<td>Pastas coloreadas PUR, basadas en poliol, en negro o negro intenso<\/td>\n<td>Pasta coloreada de alta gama, aplicaci\u00f3n universal, para colorear espumas en poli\u00e9ter y poliester, tanto en m\u00e9todo de dosificaci\u00f3n como en m\u00e9todo batch.<\/td>\n<\/tr>\n<tr>\n<td>Sistemas de espuma en poli\u00e9ter y poliester, m\u00e9todo batch y dosificaci\u00f3n<\/td>\n<td>CP 1163\/&#8230;<\/td>\n<td>Pastas coloreadas PUR basadas en poliol de distintos colores y pigmentos luminosos especialmente intensos<\/td>\n<td>Pasta coloreada de alta gama, aplicaci\u00f3n universal, para colorear espumas en poli\u00e9ter y poliester, tanto en m\u00e9todo de dosificaci\u00f3n como en m\u00e9todo batch. Distintos colores base o tonos de color seg\u00fan especimen del cliente.<\/td>\n<\/tr>\n<tr>\n<td>Sistemas de espuma en poli\u00e9ter y poliester, m\u00e9todo batch y dosificaci\u00f3n<\/td>\n<td>CP 1162\/&#8230;<\/td>\n<td>Pastas coloreadas PUR basadas en poliol, colorantes PUR blancos y claros con estabilisaci\u00f3n uv<\/td>\n<td>Pasta coloreada de alta gama, aplicaci\u00f3n universal, para colorear espumas en poli\u00e9ter y poliester, tanto en m\u00e9todo de dosificaci\u00f3n como en m\u00e9todo batch. Como la componente B de las espumas de poliuretano est\u00e1 compuesta de isocianatos arom\u00e1ticos, no es posible evitar un cierto amarillamiento del todo; sin embargo, mediante la estabilisaci\u00f3n uv este efecto puede ser frenado temporalmente. A\u00f1adiendo el aditivo de protecci\u00f3n ultravioleta, nuestras pastas coloreadas suelen conseguir el \u201cnivel 3\u201d en la Escala Internacional Woll de la resistencia a la luz &nbsp;(m\u00e9todo de test DIN EN ISO 105-B02).<\/td>\n<\/tr>\n<\/tbody>\n<\/table>\n<\/div>\n","protected":false},"excerpt":{"rendered":"<p>Pastas coloreadas para sistemas de espuma en poliuretano La aplicaci\u00f3n principal para nuestras pastas coloreadas PUR es la industria del calzado basada en poliuretano. RIKA-pastas coloreadas son pues especialmente aptas para la colorisaci\u00f3n eficaz de sistemas de espuma basados en poli\u00e9ster o poli\u00e9ter, como, por ejemplo, suelas (inyectadas) de zapatos de seguridad, zapatillas de deporte [&hellip;]<\/p>\n","protected":false},"author":1,"featured_media":0,"parent":2717,"menu_order":0,"comment_status":"closed","ping_status":"closed","template":"","meta":{"footnotes":""},"class_list":["post-3883","page","type-page","status-publish","hentry"],"translation":{"provider":"WPGlobus","version":"3.0.1","language":"es","enabled_languages":["de","en","es","fr"],"languages":{"de":{"title":true,"content":true,"excerpt":false},"en":{"title":true,"content":true,"excerpt":false},"es":{"title":true,"content":true,"excerpt":false},"fr":{"title":true,"content":true,"excerpt":false}}},"_links":{"self":[{"href":"https:\/\/www.rika-chemie.com\/es\/wp-json\/wp\/v2\/pages\/3883","targetHints":{"allow":["GET"]}}],"collection":[{"href":"https:\/\/www.rika-chemie.com\/es\/wp-json\/wp\/v2\/pages"}],"about":[{"href":"https:\/\/www.rika-chemie.com\/es\/wp-json\/wp\/v2\/types\/page"}],"author":[{"embeddable":true,"href":"https:\/\/www.rika-chemie.com\/es\/wp-json\/wp\/v2\/users\/1"}],"replies":[{"embeddable":true,"href":"https:\/\/www.rika-chemie.com\/es\/wp-json\/wp\/v2\/comments?post=3883"}],"version-history":[{"count":5,"href":"https:\/\/www.rika-chemie.com\/es\/wp-json\/wp\/v2\/pages\/3883\/revisions"}],"predecessor-version":[{"id":7014,"href":"https:\/\/www.rika-chemie.com\/es\/wp-json\/wp\/v2\/pages\/3883\/revisions\/7014"}],"up":[{"embeddable":true,"href":"https:\/\/www.rika-chemie.com\/es\/wp-json\/wp\/v2\/pages\/2717"}],"wp:attachment":[{"href":"https:\/\/www.rika-chemie.com\/es\/wp-json\/wp\/v2\/media?parent=3883"}],"curies":[{"name":"wp","href":"https:\/\/api.w.org\/{rel}","templated":true}]}}