{"id":3889,"date":"2018-02-02T13:26:25","date_gmt":"2018-02-02T12:26:25","guid":{"rendered":"http:\/\/192.168.2.211\/?page_id=3889"},"modified":"2026-01-09T11:03:54","modified_gmt":"2026-01-09T10:03:54","slug":"formenreiniger","status":"publish","type":"page","link":"https:\/\/www.rika-chemie.com\/es\/products\/formenreiniger\/","title":{"rendered":"Limpiamoldes"},"content":{"rendered":"\n<h1 class=\"wp-block-heading\">Limpiamoldes, Diluyentes, limpiadores para freidora<\/h1>\n\n\n\n<p>Son el complemento natural de nuestro portafolio. No importa si necesitan un limpiamoldes, un limpiador caliente para su freidora industrial (para limpiar caracoles de cabezales mezclador), un limpiador de m\u00e1quina o un diluyente (limpiador de tuber\u00eda), nosotros tenemos el producto m\u00e1s id\u00f3neo en nuestro programa. Todos nuestros limpiadores son aptos para las m\u00e1quinas de inyecci\u00f3n directa o de colada m\u00e1s comunes en le mercado.<\/p>\n\n\n\n<div class=\"table-1\">\n<table width=\"100%\">\n<thead>\n<tr>\n<th>Aplicaci\u00f3n<\/th>\n<th>Art\u00edculo Rika<\/th>\n<th>Technolog\u00eda<\/th>\n<th>Descripci\u00f3n<\/th>\n<\/tr>\n<\/thead>\n<tbody>\n<tr>\n<td>Diluyente y limpiatubos<\/td>\n<td>LVR 50\/205 &#8220;Rikamoll&#8221;<\/td>\n<td>Basdo en disolventes<\/td>\n<td>Limpiador para flotar eficazmente las tuber\u00edas, o&nbsp; para diluir nuestras pastas coloreadas PUR respectivamente<\/td>\n<\/tr>\n<tr>\n<td>Limpiamoldes<\/td>\n<td>LVR 60\/7<\/td>\n<td>Basdo en disolventes<\/td>\n<td>Limpiador para moldes PUR, libre de NMP<\/td>\n<\/tr>\n<tr>\n<td>Limpiador para freidora (Limpiacaracoles)<\/td>\n<td>LVR 56<\/td>\n<td>Basdo en disolventes<\/td>\n<td>Limpiador para freidoras industriales\/ para limpiar eficazmente los caracoles-mezcladores<\/td>\n<\/tr>\n<\/tbody>\n<\/table>\n<\/div>\n","protected":false},"excerpt":{"rendered":"<p>Limpiamoldes, Diluyentes, limpiadores para freidora Son el complemento natural de nuestro portafolio. No importa si necesitan un limpiamoldes, un limpiador caliente para su freidora industrial (para limpiar caracoles de cabezales mezclador), un limpiador de m\u00e1quina o un diluyente (limpiador de tuber\u00eda), nosotros tenemos el producto m\u00e1s id\u00f3neo en nuestro programa. Todos nuestros limpiadores son aptos [&hellip;]<\/p>\n","protected":false},"author":1,"featured_media":0,"parent":2717,"menu_order":0,"comment_status":"closed","ping_status":"closed","template":"","meta":{"footnotes":""},"class_list":["post-3889","page","type-page","status-publish","hentry"],"translation":{"provider":"WPGlobus","version":"3.0.1","language":"es","enabled_languages":["de","en","es","fr"],"languages":{"de":{"title":true,"content":true,"excerpt":false},"en":{"title":true,"content":true,"excerpt":false},"es":{"title":true,"content":true,"excerpt":false},"fr":{"title":true,"content":true,"excerpt":false}}},"_links":{"self":[{"href":"https:\/\/www.rika-chemie.com\/es\/wp-json\/wp\/v2\/pages\/3889","targetHints":{"allow":["GET"]}}],"collection":[{"href":"https:\/\/www.rika-chemie.com\/es\/wp-json\/wp\/v2\/pages"}],"about":[{"href":"https:\/\/www.rika-chemie.com\/es\/wp-json\/wp\/v2\/types\/page"}],"author":[{"embeddable":true,"href":"https:\/\/www.rika-chemie.com\/es\/wp-json\/wp\/v2\/users\/1"}],"replies":[{"embeddable":true,"href":"https:\/\/www.rika-chemie.com\/es\/wp-json\/wp\/v2\/comments?post=3889"}],"version-history":[{"count":5,"href":"https:\/\/www.rika-chemie.com\/es\/wp-json\/wp\/v2\/pages\/3889\/revisions"}],"predecessor-version":[{"id":7022,"href":"https:\/\/www.rika-chemie.com\/es\/wp-json\/wp\/v2\/pages\/3889\/revisions\/7022"}],"up":[{"embeddable":true,"href":"https:\/\/www.rika-chemie.com\/es\/wp-json\/wp\/v2\/pages\/2717"}],"wp:attachment":[{"href":"https:\/\/www.rika-chemie.com\/es\/wp-json\/wp\/v2\/media?parent=3889"}],"curies":[{"name":"wp","href":"https:\/\/api.w.org\/{rel}","templated":true}]}}