{"id":3891,"date":"2018-02-02T13:27:08","date_gmt":"2018-02-02T12:27:08","guid":{"rendered":"http:\/\/192.168.2.211\/?page_id=3891"},"modified":"2026-01-09T11:05:56","modified_gmt":"2026-01-09T10:05:56","slug":"antistatic","status":"publish","type":"page","link":"https:\/\/www.rika-chemie.com\/es\/antistatic\/","title":{"rendered":"Agentes antiest\u00e1ticos para sistemas de espuma PUR"},"content":{"rendered":"\n<h2 class=\"wp-block-heading\">Agentes antiest\u00e1ticos para sistemas de espuma PUR (suelas)<br><\/h2>\n\n\n\n<div style=\"height:25px\" aria-hidden=\"true\" class=\"wp-block-spacer\"><\/div>\n\n\n\n<div class=\"wp-block-media-text has-media-on-the-right is-stacked-on-mobile\" style=\"grid-template-columns:auto 22%\"><div class=\"wp-block-media-text__content\">\n<p class=\"has-text-align-left\">Nuestros agentes antiest\u00e1ticos \u2013 tambien disponibles con funci\u00f3n ESD \u2013 son la soluci\u00f3n ideal para su producci\u00f3n de calzado de seguridad, no importa si se trata de calzado laboral, tambien para ambientes muy sensibles, o de calzado para cuerpos especiales.<\/p>\n<\/div><figure class=\"wp-block-media-text__media\"><img loading=\"lazy\" decoding=\"async\" width=\"250\" height=\"250\" src=\"http:\/\/localhost\/wp-content\/uploads\/2019\/04\/esd-antistatic.jpg\" alt=\"\" class=\"wp-image-5688 size-full\" srcset=\"https:\/\/www.rika-chemie.com\/wp-content\/uploads\/2019\/04\/esd-antistatic.jpg 250w, https:\/\/www.rika-chemie.com\/wp-content\/uploads\/2019\/04\/esd-antistatic-150x150.jpg 150w, https:\/\/www.rika-chemie.com\/wp-content\/uploads\/2019\/04\/esd-antistatic-50x50.jpg 50w, https:\/\/www.rika-chemie.com\/wp-content\/uploads\/2019\/04\/esd-antistatic-65x65.jpg 65w\" sizes=\"auto, (max-width: 250px) 100vw, 250px\" \/><\/figure><\/div>\n\n\n\n<div style=\"height:50px\" aria-hidden=\"true\" class=\"wp-block-spacer\"><\/div>\n\n\n\n<div class=\"table-1\">\n<table width=\"100%\">\n<thead>\n<tr>\n<th>Aplicaci\u00f3n<\/th>\n<th>Producto Rika<\/th>\n<th>Base T\u00e9chnica<\/th>\n<th>Descripci\u00f3n<\/th>\n<\/tr>\n<\/thead>\n<tbody>\n<tr>\n<td>Antiest\u00e1tico para calzado de seguridad<\/td>\n<td>SP 1760<\/td>\n<td>Agente antiest\u00e1tico para aplicaciones est\u00e1ndar<\/td>\n<td>M\u00e9todo simple y eficaz para asegurar la &nbsp;conductividad de calzado de seguridad<\/td>\n<\/tr>\n<tr>\n<td>Antiest\u00e1tico para calzado de seguridad en zonas con protecci\u00f3n EX<\/td>\n<td>SP 1777<\/td>\n<td>Agente antiest\u00e1tico l\u00edquido con componente ESD para aplicaciones especiales (p.e. producciones con protecci\u00f3n EX)<\/td>\n<td>M\u00e9todo simple y eficaz para asegurar la conductividad de calzado de seguridad en ambientes laborales con protecci\u00f3n EX<\/td>\n<\/tr>\n<\/tbody>\n<\/table>\n<p><\/p><\/div>\n","protected":false},"excerpt":{"rendered":"<p>Agentes antiest\u00e1ticos para sistemas de espuma PUR (suelas) Nuestros agentes antiest\u00e1ticos \u2013 tambien disponibles con funci\u00f3n ESD \u2013 son la soluci\u00f3n ideal para su producci\u00f3n de calzado de seguridad, no importa si se trata de calzado laboral, tambien para ambientes muy sensibles, o de calzado para cuerpos especiales. Aplicaci\u00f3n Producto Rika Base T\u00e9chnica Descripci\u00f3n Antiest\u00e1tico [&hellip;]<\/p>\n","protected":false},"author":1,"featured_media":0,"parent":0,"menu_order":0,"comment_status":"closed","ping_status":"closed","template":"","meta":{"footnotes":""},"class_list":["post-3891","page","type-page","status-publish","hentry"],"translation":{"provider":"WPGlobus","version":"3.0.1","language":"es","enabled_languages":["de","en","es","fr"],"languages":{"de":{"title":true,"content":true,"excerpt":false},"en":{"title":true,"content":true,"excerpt":false},"es":{"title":true,"content":true,"excerpt":false},"fr":{"title":true,"content":true,"excerpt":false}}},"_links":{"self":[{"href":"https:\/\/www.rika-chemie.com\/es\/wp-json\/wp\/v2\/pages\/3891","targetHints":{"allow":["GET"]}}],"collection":[{"href":"https:\/\/www.rika-chemie.com\/es\/wp-json\/wp\/v2\/pages"}],"about":[{"href":"https:\/\/www.rika-chemie.com\/es\/wp-json\/wp\/v2\/types\/page"}],"author":[{"embeddable":true,"href":"https:\/\/www.rika-chemie.com\/es\/wp-json\/wp\/v2\/users\/1"}],"replies":[{"embeddable":true,"href":"https:\/\/www.rika-chemie.com\/es\/wp-json\/wp\/v2\/comments?post=3891"}],"version-history":[{"count":5,"href":"https:\/\/www.rika-chemie.com\/es\/wp-json\/wp\/v2\/pages\/3891\/revisions"}],"predecessor-version":[{"id":7026,"href":"https:\/\/www.rika-chemie.com\/es\/wp-json\/wp\/v2\/pages\/3891\/revisions\/7026"}],"wp:attachment":[{"href":"https:\/\/www.rika-chemie.com\/es\/wp-json\/wp\/v2\/media?parent=3891"}],"curies":[{"name":"wp","href":"https:\/\/api.w.org\/{rel}","templated":true}]}}