{"id":3893,"date":"2018-02-02T13:27:41","date_gmt":"2018-02-02T12:27:41","guid":{"rendered":"http:\/\/192.168.2.211\/?page_id=3893"},"modified":"2026-01-09T11:07:37","modified_gmt":"2026-01-09T10:07:37","slug":"lacke","status":"publish","type":"page","link":"https:\/\/www.rika-chemie.com\/es\/lacke\/","title":{"rendered":"Spritzfarben und Lacke f\u00fcr Ihre Sohlen- und Absatzproduktion"},"content":{"rendered":"\n<h1 class=\"wp-block-heading\">Pinturas y barnices para suelas y tacones<\/h1>\n\n\n<div class=\"wp-block-image\">\n<figure class=\"alignright\"><img loading=\"lazy\" decoding=\"async\" width=\"290\" height=\"300\" src=\"https:\/\/www.rika-chemie.com\/wp-content\/uploads\/2019\/04\/lacke-ral-290x300.jpg\" alt=\"\" class=\"wp-image-5683\" srcset=\"https:\/\/www.rika-chemie.com\/wp-content\/uploads\/2019\/04\/lacke-ral-290x300.jpg 290w, https:\/\/www.rika-chemie.com\/wp-content\/uploads\/2019\/04\/lacke-ral.jpg 400w\" sizes=\"auto, (max-width: 290px) 100vw, 290px\" \/><\/figure>\n<\/div>\n\n\n<p><\/p>\n\n\n\n<p>Tambien en el campo de los barnices y de las lacas nos hemos especializado en todas aquellas complejas aplicaciones como las exige la producci\u00f3n de moda de tacones y suelas basadas en pl\u00e1stico.<\/p>\n\n\n\n<p>En lo que a la gama de colores se refiere podemos f\u00e1cilmente reproducir, salvo muy pocas excepciones, el esquema completo RAL-, o sea, PANTONE. Barnices espec\u00edficos uv para suelas blancas o muy claras, tambien en transparente, son el complemento perfecto para nuestras pastas coloreadas PUR.<\/p>\n\n\n\n<p>Dependiendo del deseo que tenga el cliente podemos tambien reproducir todo un abanico de efectos especiales, como, por ejemplo, efecto metalizado, efecto estructural, efecto goma, efecto anti-deslizante o efecto de conductividad. Finalmente, somos nosotros mismos quienes producimos todos aquellos aglutinantes que hagan falta para la producci\u00f3n de nuestros colorantes y lacas, mediante el m\u00e9todo de poliadici\u00f3n.<\/p>\n\n\n\n<div style=\"overflow-x: auto;\">\n<table>\n<thead>\n<tr>\n<th>Aplicaci\u00f3n<\/th>\n<th>C\u00f3dico Rika<\/th>\n<th>Technolog\u00eda<\/th>\n<th>Descripci\u00f3n<\/th>\n<\/tr>\n<\/thead>\n<tbody>\n<tr>\n<td><strong>Barnices de inmersi\u00f3n<br>\n<\/strong>Para pintar suelas en PUR mediante inmersi\u00f3n.<\/td>\n<td>1400\/\u2026<\/td>\n<td>A base de disolvente<\/td>\n<td>Todos los <strong>barnices de inmersi\u00f3n<\/strong> Rika se destacan por su excelente adhesi\u00f3n en las piezas, as\u00ed que por su muy buena resistencia al desgaste.<\/td>\n<\/tr>\n<tr>\n<td><strong>Pinturas pulverizables<\/strong>Para pintar de forma eficaz suelas y tacones hechos de materiales PUR.<\/td>\n<td>1428\/\u2026<\/td>\n<td>A base de disolvente<\/td>\n<td>En el caso de las <strong>pinturas pulverizables<\/strong> Rika podemos, en un principio, reproducir casi todas las referencias RAL y PANTONE respectivamente, naturalmente tambien seg\u00fan esp\u00e9cimen de cliente. Todas las pinturas pulverizables Rika se destacan por su excelente adhesi\u00f3n en las piezas, as\u00ed que por su muy buena resistencia al desgaste.<\/td>\n<\/tr>\n<tr>\n<td><strong>Pinturas para impresi\u00f3n por tamp\u00f3n<\/strong>Para imprimir por tamp\u00f3n en suelas y tacones hechos de PUR, TPU, TPR, PS y ABS.<\/td>\n<td>1270\/\u2026<\/td>\n<td>A base de disolvente<\/td>\n<td>Todas las <strong>pinturas para impresi\u00f3n por tamp\u00f3n<\/strong> se realizan a base de esp\u00e9cimen de cliente.&nbsp; Todas las pinturas para impresi\u00f3n por tamp\u00f3n Rika se destacan por su excelente adhesi\u00f3n en las piezas, as\u00ed que por su muy buena resistencia al desgaste.<\/td>\n<\/tr>\n<\/tbody>\n<\/table>\n<\/div>\n","protected":false},"excerpt":{"rendered":"<p>Pinturas y barnices para suelas y tacones Tambien en el campo de los barnices y de las lacas nos hemos especializado en todas aquellas complejas aplicaciones como las exige la producci\u00f3n de moda de tacones y suelas basadas en pl\u00e1stico. En lo que a la gama de colores se refiere podemos f\u00e1cilmente reproducir, salvo muy [&hellip;]<\/p>\n","protected":false},"author":1,"featured_media":0,"parent":0,"menu_order":0,"comment_status":"closed","ping_status":"closed","template":"","meta":{"footnotes":""},"class_list":["post-3893","page","type-page","status-publish","hentry"],"translation":{"provider":"WPGlobus","version":"3.0.1","language":"es","enabled_languages":["de","en","es","fr"],"languages":{"de":{"title":true,"content":true,"excerpt":false},"en":{"title":true,"content":true,"excerpt":false},"es":{"title":false,"content":true,"excerpt":false},"fr":{"title":true,"content":true,"excerpt":false}}},"_links":{"self":[{"href":"https:\/\/www.rika-chemie.com\/es\/wp-json\/wp\/v2\/pages\/3893","targetHints":{"allow":["GET"]}}],"collection":[{"href":"https:\/\/www.rika-chemie.com\/es\/wp-json\/wp\/v2\/pages"}],"about":[{"href":"https:\/\/www.rika-chemie.com\/es\/wp-json\/wp\/v2\/types\/page"}],"author":[{"embeddable":true,"href":"https:\/\/www.rika-chemie.com\/es\/wp-json\/wp\/v2\/users\/1"}],"replies":[{"embeddable":true,"href":"https:\/\/www.rika-chemie.com\/es\/wp-json\/wp\/v2\/comments?post=3893"}],"version-history":[{"count":5,"href":"https:\/\/www.rika-chemie.com\/es\/wp-json\/wp\/v2\/pages\/3893\/revisions"}],"predecessor-version":[{"id":7030,"href":"https:\/\/www.rika-chemie.com\/es\/wp-json\/wp\/v2\/pages\/3893\/revisions\/7030"}],"wp:attachment":[{"href":"https:\/\/www.rika-chemie.com\/es\/wp-json\/wp\/v2\/media?parent=3893"}],"curies":[{"name":"wp","href":"https:\/\/api.w.org\/{rel}","templated":true}]}}