{"id":4086,"date":"2018-05-22T10:48:18","date_gmt":"2018-05-22T08:48:18","guid":{"rendered":"http:\/\/192.168.2.224\/?page_id=4086"},"modified":"2019-07-17T11:37:32","modified_gmt":"2019-07-17T09:37:32","slug":"datenschutzerklaerung","status":"publish","type":"page","link":"https:\/\/www.rika-chemie.com\/es\/datenschutzerklaerung\/","title":{"rendered":"Datenschutzerkl\u00e4rung"},"content":{"rendered":"<h1>Pol\u00edtica de privacidad<\/h1>\n<p>Fecha efectiva: July 12, 2019<\/p>\n<p>RIKA Chemie GmbH (&#8220;nosotros&#8221;, &#8220;a nosotros&#8221;, &#8220;nuestro&#8221;) opera el sitio web https:\/\/rika-chemie.com (en adelante, el &#8220;Servicio&#8221;).<\/p>\n<p>Esta p\u00e1gina le informa de nuestras pol\u00edticas en materia de recopilaci\u00f3n, uso y divulgaci\u00f3n de datos personales cuando utiliza nuestro Servicio y de las opciones de las que dispone en relaci\u00f3n con esos datos.<\/p>\n<p>Utilizamos sus datos para prestarle el Servicio y mejorarlo. Al utilizar el Servicio, usted acepta la recopilaci\u00f3n y el uso de informaci\u00f3n de conformidad con esta pol\u00edtica. A menos que esta Pol\u00edtica de privacidad defina lo contrario, los t\u00e9rminos utilizados en ella tienen los mismos significados que nuestros T\u00e9rminos y Condiciones, disponibles en el http:\/\/rika-chemie.com<\/p>\n<h2>Definiciones<\/h2>\n<ul>\n<li><strong>Servicio<\/strong>Servicio es el sitio web https:\/\/rika-chemie.com operado por RIKA Chemie GmbH<\/li>\n<li><strong>Datos personales<\/strong>Datos personales significa los datos sobre una persona f\u00edsica viva que puede ser identificada a partir de esos datos (o con esos datos y otra informaci\u00f3n de la que dispongamos o probablemente podamos disponer).<\/li>\n<li><strong>Datos de uso<\/strong>Datos de uso son los datos recopilados autom\u00e1ticamente, generados por el uso del Servicio o por la propia infraestructura del Servicio (por ejemplo, la duraci\u00f3n de la visita a una p\u00e1gina).<\/li>\n<li><strong>Cookies<\/strong>Las cookies son peque\u00f1os archivos ialmacenados en su dispositivo (ordenador o dispositivo m\u00f3vil).<\/li>\n<li><strong>Responsable del tratamiento<\/strong>Responsable del tratamiento significa la persona f\u00edsica o jur\u00eddica (de forma individual o conjuntamente con otras personas) que determina las finalidades del tratamiento y la forma en la que se trata o tratar\u00e1 cualquier informaci\u00f3n personal.A efectos de la presente Pol\u00edtica de privacidad, somos Responsables del tratamiento de sus Datos personales.<\/li>\n<li><strong>Encargados del tratamiento (o Proveedores de servicios)<\/strong>Encargado del tratamiento (o Proveedor de servicios) significa cualquier persona f\u00edsica o jur\u00eddica que trata los datos en nombre del Responsable del tratamiento.Podemos utilizar los servicios de diversos Proveedores de servicios a fin de tratar sus datos de forma m\u00e1s eficaz.<\/li>\n<li><strong>Interesado (o Usuario)<\/strong>El Interesado es cualquier persona f\u00edsica viva que utiliza nuestro Servicio y es el sujeto de los Datos personales.<\/li>\n<\/ul>\n<h2>Recopilaci\u00f3n y uso de la informaci\u00f3n<\/h2>\n<p>Recopilamos diferentes tipos de informaci\u00f3n con diversas finalidades para prestarle el<br \/>\nServicio y mejorarlo.<\/p>\n<h3>Tipos de datos recopilados<\/h3>\n<h4>Datos personales<\/h4>\n<p>Cuando utilice nuestro Servicio, es posible que le pidamos que nos proporcione determinada informaci\u00f3n personalmente identificable que podr\u00e1 ser utilizada para contactar con usted o para identificarle (&#8220;Datos personales&#8221;). La informaci\u00f3n personalmente identificable puede incluir, entre otras, la siguiente:<\/p>\n<ul>\n<li>Direcci\u00f3n de e-mail<\/li>\n<li>Nombre y apellidos<\/li>\n<li>N\u00famero de tel\u00e9fono<\/li>\n<li>Direcci\u00f3n, localidad, provincia, c\u00f3digo postal, ciudad<\/li>\n<li>Cookies y datos de uso<\/li>\n<\/ul>\n<h4>Datos de uso<\/h4>\n<p>Tambi\u00e9n recopilamos informaci\u00f3n sobre la forma en la que se accede y utiliza el Servicio (\u00abDatos de uso\u00bb). Estos Datos de uso pueden incluir informaci\u00f3n como la direcci\u00f3n del protocolo de Internet de su ordenador (por ejemplo, direcci\u00f3n IP), tipo de navegador, versi\u00f3n del navegador, las p\u00e1ginas que visita de nuestro Servicio, la hora y la fecha de su visita, el tiempo que pasa en esas p\u00e1ginas, identificadores exclusivos de dispositivos y otros datos de diagn\u00f3stico.<\/p>\n<h4>Datos de cookies y seguimiento<\/h4>\n<p>Utilizamos cookies y tecnolog\u00edas de seguimiento similares para rastrear la actividad de nuestro Servicio y mantener determinada informaci\u00f3n.<\/p>\n<p>Las cookies son archivos con una peque\u00f1a cantidad de datos que pueden incluir un identificador exclusivo an\u00f3nimo. Las cookies son enviadas a su navegador desde un sitio web y se almacenan en su dispositivo. Otras tecnolog\u00edas de seguimiento tambi\u00e9n utilizadas son balizas, etiquetas y scripts para recopilar y rastrear la informaci\u00f3n, as\u00ed como para mejorar y analizar nuestro Servicio.<\/p>\n<p>Usted puede ordenar a su navegador que rechace todas las cookies o que le avise cuando se env\u00eda una cookie. Sin embargo, si no acepta cookies, es posible que no pueda utilizar algunas partes de nuestro Servicio.<\/p>\n<p>Ejemplos de Cookies que utilizamos:<\/p>\n<ul>\n<li><strong>Cookies de sesi\u00f3n.<\/strong> Utilizamos Cookies de sesi\u00f3n para operar nuestro Servicio.<\/li>\n<li><strong>Cookies de preferencia.<\/strong> Utilizamos Cookies de preferencia para recordar sus preferencias y diversos ajustes.<\/li>\n<li><strong>Cookies de seguridad.<\/strong> Utilizamos Cookies de seguridad para fines de seguridad.<\/li>\n<\/ul>\n<h2>Uso de datos<\/h2>\n<p>RIKA Chemie GmbH utiliza los datos recopilados con diversas finalidades:<\/p>\n<ul>\n<li>Suministrar y mantener nuestro Servicio<\/li>\n<li>Notificarle cambios en nuestro Servicio<\/li>\n<li>Permitirle participar en funciones interactivas de nuestro Servicio cuando decida hacerlo<\/li>\n<li>Prestar asistencia al cliente<\/li>\n<li>Recopilar an\u00e1lisis o informaci\u00f3n valiosa que nos permitan mejorar nuestro Servicio<\/li>\n<li>Controlar el uso de nuestro Servicio<\/li>\n<li>Detectar, evitar y abordar problemas t\u00e9cnicos<\/li>\n<\/ul>\n<h2>Base legal para el tratamiento de datos personales de conformidad con el Reglamento General de Protecci\u00f3n de Datos (RGPD)<\/h2>\n<p>Si usted se encuentra en el Espacio Econ\u00f3mico Europeo (EEE), la base legal de RIKA Chemie GmbH para recopilar y utilizar la informaci\u00f3n personal descrita en esta Pol\u00edtica de privacidad depende de los Datos personales que recopilemos y del contexto espec\u00edfico en el que la recopilemos.<\/p>\n<p>RIKA Chemie GmbH puede tratar sus Datos personales por lo siguiente:<\/p>\n<ul>\n<li>Ejecutar un contrato con usted<\/li>\n<li>Usted nos ha dado permiso para hacerlo<\/li>\n<li>El tratamiento favorece a nuestros intereses leg\u00edtimos y no es contrario a sus derechos<\/li>\n<li>Para cumplir la ley<\/li>\n<\/ul>\n<h2>Conservaci\u00f3n de los datos<\/h2>\n<p>RIKA Chemie GmbH conservar\u00e1 sus Datos personales \u00fanicamente el tiempo necesario para los fines recogidos en esta Pol\u00edtica de privacidad. Conservaremos y utilizaremos sus Datos personales en la medida en que resulte necesario para cumplir nuestras obligaciones legales (por ejemplo, si estamos obligados a conservar sus datos para cumplir la legislaci\u00f3n aplicable), resolver conflictos y ejecutar nuestras pol\u00edticas y acuerdos legales.<\/p>\n<p>RIKA Chemie GmbH tambi\u00e9n conservar\u00e1 los Datos de uso con fines del an\u00e1lisis interno. Por lo general, los Datos de uso se conservan durante menos tiempo, salvo cuando estos datos se utilicen para reforzar la seguridad o para mejorar la funcionalidad de nuestro Servicio, o cuando estemos legalmente obligados a conservar estos datos durante periodos de tiempo m\u00e1s prolongados.<\/p>\n<h2>Transferencia de datos<\/h2>\n<p>Su informaci\u00f3n, incluyendo Datos personales, puede ser transferida a \u2014y mantenida en\u2014 ordenadores localizados fuera de su estado, provincia, pa\u00eds u otra jurisdicci\u00f3n gubernamental donde las leyes de protecci\u00f3n de datos pueden diferir de las de su jurisdicci\u00f3n.<\/p>\n<p>Si usted se encuentra fuera de Germany y decide facilitarnos informaci\u00f3n, tenga en cuenta que nosotros transferimos los datos, incluyendo Datos personales, a Germany y que los tratamos all\u00ed.<\/p>\n<p>Su aceptaci\u00f3n de esta Pol\u00edtica de privacidad seguida de su env\u00edo de esta informaci\u00f3n representa que est\u00e1 de acuerdo con dicha transferencia.<\/p>\n<p>RIKA Chemie GmbH emprender\u00e1 todas las medidas razonables necesarias para garantizar que sus datos sean tratados de forma segura y de conformidad con esta Pol\u00edtica de privacidad y no se realizar\u00e1 ninguna transferencia de sus Datos personales a una organizaci\u00f3n o pa\u00eds, salvo que existan unos controles adecuados establecidos incluyendo la seguridad de sus datos y otra informaci\u00f3n personal.<\/p>\n<h2>Divulgaci\u00f3n de datos<\/h2>\n<h3>Requisitos legales<\/h3>\n<p>RIKA Chemie GmbH puede divulgar sus Datos personales de buena fe cuando considere que esta acci\u00f3n es necesaria para lo siguiente:<\/p>\n<ul>\n<li>Cumplir una obligaci\u00f3n legal<\/li>\n<li>Proteger y defender los derechos o bienes de RIKA Chemie GmbH<\/li>\n<li>Prevenir o investigar posibles infracciones en relaci\u00f3n con el Servicio<\/li>\n<li>Proteger la seguridad personal de usuarios del Servicio o del p\u00fablico<\/li>\n<li>Protegerse frente a consecuencias legales<\/li>\n<\/ul>\n<h2>Seguridad de los datos<\/h2>\n<p>La seguridad de sus datos es importante para nosotros, pero recuerde que ning\u00fan m\u00e9todo de transmisi\u00f3n por Internet o m\u00e9todo de almacenamiento electr\u00f3nico resulta 100% seguro. A pesar de que nos esforzamos por utilizar medios comercialmente aceptables para proteger sus Datos personales, no podemos garantizar su seguridad absoluta.<\/p>\n<h2>Sus derechos de protecci\u00f3n de datos de conformidad con el Reglamento General de Protecci\u00f3n de Datos (RGPD)<\/h2>\n<p>Si usted reside en el Espacio Econ\u00f3mico Europeo (EEE), tiene determinados derechos en materia de protecci\u00f3n de datos. RIKA Chemie GmbH pretende emprender medidas razonables para que usted pueda corregir, modificar, suprimir o limitar el uso de sus Datos personales.<\/p>\n<p>Si desea ser informado de los Datos personales que mantenemos sobre usted y si desea ser eliminado de nuestros sistemas, contacte con nosotros.<\/p>\n<p>En determinadas circunstancias, tiene los siguientes derechos en materia de protecci\u00f3n de datos:<\/p>\n<ul>\n<li><strong>El derecho a acceder, actualizar o suprimir la informaci\u00f3n que tenemos sobre usted.<\/strong> Siempre que sea posible, usted puede acceder, actualizar o solicitar la supresi\u00f3n de sus Datos personales directamente dentro de la secci\u00f3n de configuraci\u00f3n de su cuenta. Si no puede realizar estas acciones usted mismo, contacte con nosotros para que le ayudemos.<\/li>\n<li><strong>El derecho de rectificaci\u00f3n.<\/strong> Tiene derecho a que su informaci\u00f3n sea rectificada si esa informaci\u00f3n es inexacta o incompleta.<\/li>\n<li><strong>El derecho de oposici\u00f3n.<\/strong> Tiene el derecho a oponerse a que tratemos sus Datos personales.<\/li>\n<li><strong>El derecho a la limitaci\u00f3n.<\/strong> Tiene derecho a solicitar que limitemos el tratamiento de sus datos personales.<\/li>\n<li><strong>El derecho a la portabilidad de los datos.<\/strong> Tiene derecho a que se le facilite una copia de los datos que mantenemos sobre usted en un formato estructurado, de uso com\u00fan y lectura mec\u00e1nica.<\/li>\n<li><strong>El derecho a retirar su consentimiento.<\/strong> Tiene derecho a retirar su consentimiento en cualquier momento cuando RIKA Chemie GmbH se haya basado en su consentimiento para tratar sus datos personales.<\/li>\n<\/ul>\n<p>Tenga en cuenta que es posible que le pidamos que verifique su identidad antes de responder a estas solicitudes.<\/p>\n<p>Tiene derecho a presentar una reclamaci\u00f3n a una autoridad de control en relaci\u00f3n con nuestra recopilaci\u00f3n y uso de sus Datos personales. Para m\u00e1s informaci\u00f3n, contacte con su autoridad de control local en el Espacio Econ\u00f3mico Europeo (EEE).<\/p>\n<h2>Proveedores de servicios<\/h2>\n<p>Podemos contratar a personas f\u00edsicas y jur\u00eddicas terceras para facilitar nuestro Servicio (&#8220;Proveedores de servicios&#8221;), para que presten el Servicio en nuestro nombre, para que suministren servicios relacionados con el Servicio o para que nos ayuden a analizar c\u00f3mo se utiliza nuestro Servicio.<\/p>\n<p>Estos terceros tienen acceso a sus Datos personales \u00fanicamente para realizar estas tareas en nuestro nombre y est\u00e1n obligados a no divulgarlos ni utilizarlos con ning\u00fan otro fin.<\/p>\n<h2>Enlaces a otros sitios<\/h2>\n<p>Nuestro Servicio puede contener enlaces a otros sitios no operados por nosotros. Si hace clic en el enlace de un tercero, ser\u00e1 dirigido al sitio de ese tercero. Le recomendamos encarecidamente que revise la Pol\u00edtica de privacidad de todos los sitios que visite.<\/p>\n<p>No tenemos ning\u00fan control ni asumimos responsabilidad alguna con respecto al contenido, las pol\u00edticas o pr\u00e1cticas de privacidad de sitios o servicios de terceros.<\/p>\n<h2>Privacidad del menor<\/h2>\n<p>Nuestro servicio no est\u00e1 dirigido a ning\u00fan menor de 18 a\u00f1os (en adelante, &#8220;Menor&#8221;).<\/p>\n<p>No recopilamos de forma consciente informaci\u00f3n personalmente identificable de menores de 18 a\u00f1os. Si es usted un padre\/madre o tutor y tiene conocimiento de que su hijo nos ha facilitado Datos personales, contacte con nosotros. Si tenemos conocimiento de que hemos recopilado Datos personales de menores sin verificaci\u00f3n del consentimiento parental, tomamos medidas para eliminar esa informaci\u00f3n de nuestros servidores.<\/p>\n<h2>Cambios en esta Pol\u00edtica de privacidad<\/h2>\n<p>Podemos actualizar nuestra Pol\u00edtica de privacidad peri\u00f3dicamente. Le notificaremos cualquier cambio publicando la nueva Pol\u00edtica de privacidad en esta p\u00e1gina.<\/p>\n<p>Le informaremos a trav\u00e9s del e-mail y\/o de un aviso destacado sobre nuestro Servicio antes de que el cambio entre en vigor y actualizaremos la \u00abfecha efectiva\u00bb en la parte superior de esta Pol\u00edtica de privacidad.<\/p>\n<p>Le recomendamos que revise esta Pol\u00edtica de privacidad peri\u00f3dicamente para comprobar si se ha introducido alg\u00fan cambio. Los cambios en esta Pol\u00edtica de privacidad entran en vigor cuando se publican en esta p\u00e1gina.<\/p>\n<h2>Contacte con nosotros<\/h2>\n<p>Si tiene alguna pregunta sobre esta Pol\u00edtica de privacidad, contacte con nosotros:<\/p>\n<ul>\n<li>Por e-mail: info@rika-chemie.com<\/li>\n<\/ul>\n","protected":false},"excerpt":{"rendered":"<p>Pol\u00edtica de privacidad Fecha efectiva: July 12, 2019 RIKA Chemie GmbH (&#8220;nosotros&#8221;, &#8220;a nosotros&#8221;, &#8220;nuestro&#8221;) opera el sitio web https:\/\/rika-chemie.com (en adelante, el &#8220;Servicio&#8221;). Esta p\u00e1gina le informa de nuestras pol\u00edticas en materia de recopilaci\u00f3n, uso y divulgaci\u00f3n de datos personales cuando utiliza nuestro Servicio y de las opciones de las que dispone en relaci\u00f3n [&hellip;]<\/p>\n","protected":false},"author":1,"featured_media":0,"parent":0,"menu_order":0,"comment_status":"closed","ping_status":"closed","template":"","meta":{"footnotes":""},"class_list":["post-4086","page","type-page","status-publish","hentry"],"translation":{"provider":"WPGlobus","version":"3.0.1","language":"es","enabled_languages":["de","en","es","fr"],"languages":{"de":{"title":true,"content":true,"excerpt":false},"en":{"title":false,"content":true,"excerpt":false},"es":{"title":false,"content":true,"excerpt":false},"fr":{"title":false,"content":true,"excerpt":false}}},"_links":{"self":[{"href":"https:\/\/www.rika-chemie.com\/es\/wp-json\/wp\/v2\/pages\/4086","targetHints":{"allow":["GET"]}}],"collection":[{"href":"https:\/\/www.rika-chemie.com\/es\/wp-json\/wp\/v2\/pages"}],"about":[{"href":"https:\/\/www.rika-chemie.com\/es\/wp-json\/wp\/v2\/types\/page"}],"author":[{"embeddable":true,"href":"https:\/\/www.rika-chemie.com\/es\/wp-json\/wp\/v2\/users\/1"}],"replies":[{"embeddable":true,"href":"https:\/\/www.rika-chemie.com\/es\/wp-json\/wp\/v2\/comments?post=4086"}],"version-history":[{"count":3,"href":"https:\/\/www.rika-chemie.com\/es\/wp-json\/wp\/v2\/pages\/4086\/revisions"}],"predecessor-version":[{"id":6116,"href":"https:\/\/www.rika-chemie.com\/es\/wp-json\/wp\/v2\/pages\/4086\/revisions\/6116"}],"wp:attachment":[{"href":"https:\/\/www.rika-chemie.com\/es\/wp-json\/wp\/v2\/media?parent=4086"}],"curies":[{"name":"wp","href":"https:\/\/api.w.org\/{rel}","templated":true}]}}