{"id":2717,"date":"2014-03-26T12:20:57","date_gmt":"2014-03-26T12:20:57","guid":{"rendered":"http:\/\/demo.theme4press.com\/evolve\/?page_id=2717"},"modified":"2026-01-09T11:09:52","modified_gmt":"2026-01-09T10:09:52","slug":"products","status":"publish","type":"page","link":"https:\/\/www.rika-chemie.com\/fr\/products\/","title":{"rendered":"Produits"},"content":{"rendered":"\n<h2 class=\"wp-block-heading\"><strong>La gamme de produits RIKA<\/strong><\/h2>\n\n\n\n<p>Vous trouverez ci-dessous un aper\u00e7u de nos principales familles de produits, pour vos besoins sp\u00e9cifiques ou d\u00e9veloppements sur mesure nous restons bien entendu \u00e0 votre disposition pour une \u00e9tude personnalis\u00e9e et vous proposer le produit le mieux adapt\u00e9 \u00e0 votre production.<\/p>\n\n\n\n<div style=\"height:50px\" aria-hidden=\"true\" class=\"wp-block-spacer\"><\/div>\n\n\n\n<div class=\"t4p-table table-1\">\n<table>\n<tbody>\n<tr style=\"border-radius: 15px; border-collapse: collapse;\">\n<td style=\"background-color: #0873bb; text-align: center;\"><span style=\"color: #ffffff; font-size: 25px;\"><a href=\"\/fr\/products\/trennmittel\/\"><span style=\"color: #ffffff;\"><b>D\u00e9moulants<\/b><\/span><\/a><\/span><\/td>\n<\/tr>\n<tr>\n<td style=\"background-color: #9bca3e; text-align: center;\"><span style=\"color: #ffffff; font-size: 25px;\"><a href=\"\/fr\/products\/farbpasten\/\"><span style=\"color: #ffffff;\"><b>P\u00e2tes Colorantes<\/b><\/span><\/a><\/span><\/td>\n<\/tr>\n<tr>\n<td style=\"background-color: #fdb717; text-align: center;\"><span style=\"color: #ffffff; font-size: 25px;\"><a href=\"\/fr\/products\/formenreiniger\/\"><span style=\"color: #ffffff;\"><b>D\u00e9capants moules<\/b><\/span><\/a><\/span><\/td>\n<\/tr>\n<tr>\n<td style=\"background-color: #ed2027; text-align: center;\"><span style=\"color: #ffffff; font-size: 25px;\"><a href=\"\/fr\/products\/lacke\/\"><span style=\"color: #ffffff;\"><b>Peintures Polyur\u00e9thane<\/b><\/span><\/a><\/span><\/td>\n<\/tr>\n<tr>\n<td style=\"background-color: #f48325; text-align: center;\"><span style=\"color: #ffffff; font-size: 25px;\"><a href=\"\/fr\/products\/antistatic\/\"><span style=\"color: #ffffff;\"><b>Agents antistatiques<\/b><\/span><\/a><\/span><\/td>\n<\/tr>\n<\/tbody>\n<\/table>\n<\/div>\n\n\n\n<p class=\"has-text-align-center\">Tous les produits peuvent \u00eatre adapt\u00e9s \u00e0 vos besoins sp\u00e9cifiques<\/p>\n","protected":false},"excerpt":{"rendered":"<p>La gamme de produits RIKA Vous trouverez ci-dessous un aper\u00e7u de nos principales familles de produits, pour vos besoins sp\u00e9cifiques ou d\u00e9veloppements sur mesure nous restons bien entendu \u00e0 votre disposition pour une \u00e9tude personnalis\u00e9e et vous proposer le produit le mieux adapt\u00e9 \u00e0 votre production. D\u00e9moulants P\u00e2tes Colorantes D\u00e9capants moules Peintures Polyur\u00e9thane Agents antistatiques [&hellip;]<\/p>\n","protected":false},"author":1,"featured_media":0,"parent":0,"menu_order":0,"comment_status":"closed","ping_status":"closed","template":"","meta":{"footnotes":""},"class_list":["post-2717","page","type-page","status-publish","hentry"],"translation":{"provider":"WPGlobus","version":"3.0.1","language":"fr","enabled_languages":["de","en","es","fr"],"languages":{"de":{"title":true,"content":true,"excerpt":false},"en":{"title":true,"content":true,"excerpt":false},"es":{"title":true,"content":true,"excerpt":false},"fr":{"title":true,"content":true,"excerpt":false}}},"_links":{"self":[{"href":"https:\/\/www.rika-chemie.com\/fr\/wp-json\/wp\/v2\/pages\/2717","targetHints":{"allow":["GET"]}}],"collection":[{"href":"https:\/\/www.rika-chemie.com\/fr\/wp-json\/wp\/v2\/pages"}],"about":[{"href":"https:\/\/www.rika-chemie.com\/fr\/wp-json\/wp\/v2\/types\/page"}],"author":[{"embeddable":true,"href":"https:\/\/www.rika-chemie.com\/fr\/wp-json\/wp\/v2\/users\/1"}],"replies":[{"embeddable":true,"href":"https:\/\/www.rika-chemie.com\/fr\/wp-json\/wp\/v2\/comments?post=2717"}],"version-history":[{"count":5,"href":"https:\/\/www.rika-chemie.com\/fr\/wp-json\/wp\/v2\/pages\/2717\/revisions"}],"predecessor-version":[{"id":7034,"href":"https:\/\/www.rika-chemie.com\/fr\/wp-json\/wp\/v2\/pages\/2717\/revisions\/7034"}],"wp:attachment":[{"href":"https:\/\/www.rika-chemie.com\/fr\/wp-json\/wp\/v2\/media?parent=2717"}],"curies":[{"name":"wp","href":"https:\/\/api.w.org\/{rel}","templated":true}]}}