{"id":2834,"date":"2014-03-27T14:46:28","date_gmt":"2014-03-27T14:46:28","guid":{"rendered":"http:\/\/demo.theme4press.com\/evolve\/?page_id=2834"},"modified":"2024-07-02T11:35:01","modified_gmt":"2024-07-02T09:35:01","slug":"corporate","status":"publish","type":"page","link":"https:\/\/www.rika-chemie.com\/fr\/","title":{"rendered":"Accueil"},"content":{"rendered":"\n<p class=\"has-drop-cap has-text-align-left justify-class\" style=\"font-size:18px\"><span style=\"color: #09589e;\"><strong>RIKA<\/strong><\/span> Chemie GmbH est votre partenaire de choix pour tous les produits auxiliaires utilis\u00e9s dans la production de chaussures en polyur\u00e9thane.<\/p>\n\n\n\n<p>Les d\u00e9moulants, les p\u00e2tes colorantes et les peintures polyur\u00e9thane constituent l&#8217;essentiel de notre portefeuille produits, compl\u00e9t\u00e9s par une gamme d&#8217;additifs tels que agents antistatiques, nettoyants pour moules et diluants. Pour l&#8217;\u00e9laboration de nos produits nous utilisons toujours les derni\u00e8res technologies disponibles afin de garantir un haut niveau de qualit\u00e9 et une parfaite tra<span lang=\"FR\" style=\"margin: 0px; line-height: 115%; font-family: 'Calibri','sans-serif'; font-size: 11pt;\">\u00e7<\/span>abilit\u00e9. Bien qu&#8217;il n&#8217;existe pas encore \u00e0 proprement parler de chimie 100% verte, il appartient \u00e0 notre philosophie de toujours proposer des produits \u00e9co-responsables ayant un impact limit\u00e9 sur l&#8217;environnement.<\/p>\n\n\n\n<div style=\"height:40px\" aria-hidden=\"true\" class=\"wp-block-spacer\"><\/div>\n\n\n\n<h2 class=\"wp-block-heading\"><span style=\"color: #09589e;\">La Gamme de produits RIKA<\/span><\/h2>\n\n\n\n<hr class=\"wp-block-separator has-alpha-channel-opacity\"\/>\n\n\n\n<p class=\"has-text-align-center\"><strong>Des produits chimiques innovants et \u00e9co-responsables pour l&#8217;industrie de la chaussure polyur\u00e9thane.<\/strong><\/p>\n\n\n<div class=\"wp-block-image\">\n<figure class=\"alignright\"><img loading=\"lazy\" decoding=\"async\" width=\"300\" height=\"275\" src=\"https:\/\/www.rika-chemie.com\/wp-content\/uploads\/2019\/04\/farbpasten-300x275.jpg\" alt=\"\" class=\"wp-image-5690\"\/><\/figure>\n<\/div>\n\n\n<p><\/p>\n\n\n\n<p>Quelque soit la complexit\u00e9 de vos besoins nos \u00e9quipements \u00e0 la pointe de la technologie nous permettent de toujours vous proposer une solution technique optimale. L&#8217;ensemble de nos p\u00e2tes colorantes, peintures et vernis polyur\u00e9thane peut \u00eatre r\u00e9alis\u00e9 d&#8217;apr\u00e8s coupures client ou selon les nuanciers RAL ou PANTONE. Notre coeur de m\u00e9tier se trouve dans le domaine des d\u00e9moulants, que ce soit en base solvant\u00e9e ou acqueuse, ou bien sans COV, nous avons toujours la solution la mieux adapt\u00e9e \u00e0 vos besoins. Notre gamme est logiquement compl\u00e9t\u00e9e par tous les produits auxiliaires utilis\u00e9s pour la production de semelles en polyur\u00e9tane: d\u00e9capants pour moules, diluants et agents antistatiques.<\/p>\n\n\n\n<div style=\"height:40px\" aria-hidden=\"true\" class=\"wp-block-spacer\"><\/div>\n\n\n\n<div class=\"t4p-table table-1\">\n<table>\n<tbody>\n<tr>\n<td style=\"background-color: #0873bb; text-align: center;\"><span style=\"color: #ffffff; font-size: 25px;\"><a href=\"\/fr\/products\/trennmittel\/\"><span style=\"color: #ffffff;\"><b>D\u00e9moulants<\/b><\/span><\/a><\/span><\/td>\n<\/tr>\n<tr>\n<td style=\"background-color: #9bca3e; text-align: center;\"><span style=\"color: #ffffff; font-size: 25px;\"><a href=\"\/fr\/products\/farbpasten\/\"><span style=\"color: #ffffff;\"><b>P\u00e2tes colorantes<\/b><\/span><\/a><\/span><\/td>\n<\/tr>\n<tr>\n<td style=\"background-color: #fdb717; text-align: center;\"><span style=\"color: #ffffff; font-size: 25px;\"><a href=\"\/fr\/products\/formenreiniger\/\"><span style=\"color: #ffffff;\"><b>D\u00e9capants moules<\/b><\/span><\/a><\/span><\/td>\n<\/tr>\n<tr>\n<td style=\"background-color: #ed2027; text-align: center;\"><span style=\"color: #ffffff; font-size: 25px;\"><a href=\"\/fr\/products\/lacke\/\"><span style=\"color: #ffffff;\"><b>Peintures et vernis<\/b><\/span><\/a><\/span><\/td>\n<\/tr>\n<tr>\n<td style=\"background-color: #f48325; text-align: center;\"><span style=\"color: #ffffff; font-size: 25px;\"><a href=\"\/fr\/products\/antistatic\/\"><span style=\"color: #ffffff;\"><b>Agents Antistatiques<\/b><\/span><\/a><\/span><\/td>\n<\/tr>\n<\/tbody>\n<\/table>\n<\/div>\n\n\n\n<div style=\"height:40px\" aria-hidden=\"true\" class=\"wp-block-spacer\"><\/div>\n\n\n\n<h2 class=\"wp-block-heading\"><span style=\"color: #09589e;\"><strong>Nos forces<\/strong><\/span><\/h2>\n\n\n\n<hr class=\"wp-block-separator has-alpha-channel-opacity\"\/>\n\n\n\n<div style=\"height:40px\" aria-hidden=\"true\" class=\"wp-block-spacer\"><\/div>\n\n\n<div class=\"componentz-content-boxes columns-3 content-boxes-1 content-boxes-icon-boxed row\"><div class=\"card-deck mb-0 mb-lg-3\"><br \/>\n<div class=\"col col-12 col-md-6 componentz-content-box px-sm-0 component-animated animated\" animation_class=\"component-animated animated\" data-animationType=\"slideInDown\" data-animationDuration=\"0.1\"><div class=\"card mb-4 w-100 text-center rounded shadow\" style=\"background-color: #ededed;\"><div class=\"card-img-top heading-with-icon\"><i style=\"color:#5b5b5b;\" class=\"p-2 fa fa-wrench mt-0\"><\/i><\/div><div class=\"card-body\"><p class=\"card-text\"><b>Produits d\u00e9velopp\u00e9s sur mesure pour nos clients<\/b><\/p><\/div><\/div><\/div><\/p>\n<p><div class=\"col col-12 col-md-6 componentz-content-box px-sm-0 component-animated animated\" animation_class=\"component-animated animated\" data-animationType=\"slideInDown\" data-animationDuration=\"0.1\"><div class=\"card mb-4 w-100 text-center rounded shadow\" style=\"background-color: #ededed;\"><div class=\"card-img-top heading-with-icon\"><i style=\"color:#5b5b5b;\" class=\"p-2 fa fa-check mt-0\"><\/i><\/div><div class=\"card-body\"><p class=\"card-text\"><b>Une grande flexibilit\u00e9, m\u00eame pour les applications les plus complexes<\/b><\/p><\/div><\/div><\/div><\/p>\n<p><div class=\"col col-12 col-md-6 componentz-content-box px-sm-0 component-animated animated\" animation_class=\"component-animated animated\" data-animationType=\"slideInDown\" data-animationDuration=\"0.1\"><div class=\"card mb-4 w-100 text-center rounded shadow\" style=\"background-color: #ededed;\"><div class=\"card-img-top heading-with-icon\"><i style=\"color:#5b5b5b;\" class=\"p-2 fa fa-plane mt-0\"><\/i><\/div><div class=\"card-body\"><p class=\"card-text\"><b>Un support technique international grace \u00e0 notre r\u00e9seau d&#8217;experts<\/b><\/p><\/div><\/div><\/div><br \/>\n<\/div><\/div>\n\n\n\n<div style=\"height:40px\" aria-hidden=\"true\" class=\"wp-block-spacer\"><\/div>\n\n\n\n<div class=\"wp-block-group\"><div class=\"wp-block-group__inner-container is-layout-constrained wp-block-group-is-layout-constrained\">\n<div class=\"wp-block-columns is-layout-flex wp-container-core-columns-is-layout-9d6595d7 wp-block-columns-is-layout-flex\">\n<div class=\"wp-block-column is-layout-flow wp-block-column-is-layout-flow\" style=\"flex-basis:33.33%\"><div class=\"wp-block-image\">\n<figure class=\"aligncenter size-full is-resized\"><img loading=\"lazy\" decoding=\"async\" width=\"249\" height=\"333\" src=\"http:\/\/neu.rika-chemie.com\/wp-content\/uploads\/2024\/07\/Kopf.jpg\" alt=\"\" class=\"wp-image-6924\" style=\"width:227px;height:auto\" srcset=\"https:\/\/www.rika-chemie.com\/wp-content\/uploads\/2024\/07\/Kopf.jpg 249w, https:\/\/www.rika-chemie.com\/wp-content\/uploads\/2024\/07\/Kopf-224x300.jpg 224w\" sizes=\"auto, (max-width: 249px) 100vw, 249px\" \/><\/figure>\n<\/div><\/div>\n\n\n\n<div class=\"wp-block-column is-layout-flow wp-block-column-is-layout-flow\" style=\"flex-basis:66.66%\">\n<p>Notre soci\u00e9t\u00e9 b\u00e9n\u00e9ficie aujourd\u2019hui d\u2019une excellente notori\u00e9t\u00e9 et d\u2019une fiabilit\u00e9 reconnues \u00e0 l\u2019international parmi les plus grands noms de la chaussure.<\/p>\n\n\n\n<p>Le d\u00e9veloppement et la fabrication de nos produits se font exclusivement en Allemagne selon les derniers standards de qualit\u00e9.&nbsp; <\/p>\n\n\n\n<p>C\u2019est par choix que la soci\u00e9t\u00e9 s\u2019est implant\u00e9e au coeur du berceau allemand de la chaussure dans les environs de Pirmasens pour ainsi b\u00e9n\u00e9ficier de la proximit\u00e9 des principaux acteurs du march\u00e9 en termes d\u2019innovation et de partage de connaissances autour des technologies de la chaussure.<\/p>\n<\/div>\n<\/div>\n<\/div><\/div>\n\n\n\n<p><\/p>\n","protected":false},"excerpt":{"rendered":"<p>RIKA Chemie GmbH est votre partenaire de choix pour tous les produits auxiliaires utilis\u00e9s dans la production de chaussures en polyur\u00e9thane. Les d\u00e9moulants, les p\u00e2tes colorantes et les peintures polyur\u00e9thane constituent l&#8217;essentiel de notre portefeuille produits, compl\u00e9t\u00e9s par une gamme d&#8217;additifs tels que agents antistatiques, nettoyants pour moules et diluants. Pour l&#8217;\u00e9laboration de nos produits [&hellip;]<\/p>\n","protected":false},"author":1,"featured_media":0,"parent":0,"menu_order":0,"comment_status":"closed","ping_status":"closed","template":"","meta":{"footnotes":""},"class_list":["post-2834","page","type-page","status-publish","hentry"],"translation":{"provider":"WPGlobus","version":"3.0.1","language":"fr","enabled_languages":["de","en","es","fr"],"languages":{"de":{"title":true,"content":true,"excerpt":false},"en":{"title":true,"content":true,"excerpt":false},"es":{"title":true,"content":true,"excerpt":false},"fr":{"title":true,"content":true,"excerpt":false}}},"_links":{"self":[{"href":"https:\/\/www.rika-chemie.com\/fr\/wp-json\/wp\/v2\/pages\/2834","targetHints":{"allow":["GET"]}}],"collection":[{"href":"https:\/\/www.rika-chemie.com\/fr\/wp-json\/wp\/v2\/pages"}],"about":[{"href":"https:\/\/www.rika-chemie.com\/fr\/wp-json\/wp\/v2\/types\/page"}],"author":[{"embeddable":true,"href":"https:\/\/www.rika-chemie.com\/fr\/wp-json\/wp\/v2\/users\/1"}],"replies":[{"embeddable":true,"href":"https:\/\/www.rika-chemie.com\/fr\/wp-json\/wp\/v2\/comments?post=2834"}],"version-history":[{"count":100,"href":"https:\/\/www.rika-chemie.com\/fr\/wp-json\/wp\/v2\/pages\/2834\/revisions"}],"predecessor-version":[{"id":6950,"href":"https:\/\/www.rika-chemie.com\/fr\/wp-json\/wp\/v2\/pages\/2834\/revisions\/6950"}],"wp:attachment":[{"href":"https:\/\/www.rika-chemie.com\/fr\/wp-json\/wp\/v2\/media?parent=2834"}],"curies":[{"name":"wp","href":"https:\/\/api.w.org\/{rel}","templated":true}]}}