{"id":3296,"date":"2017-01-19T05:46:37","date_gmt":"2017-01-19T05:46:37","guid":{"rendered":"http:\/\/demo.theme4press.com\/evolve\/?page_id=3296"},"modified":"2024-09-02T09:29:57","modified_gmt":"2024-09-02T07:29:57","slug":"about","status":"publish","type":"page","link":"https:\/\/www.rika-chemie.com\/fr\/about\/","title":{"rendered":"L&#8217;entreprise"},"content":{"rendered":"\n<h1 class=\"wp-block-heading\"><span style=\"color: #09589e;\"><strong>RIKA: VOTRE\u00a0 EXPERT POUR LA PRODUCTION DE CHAUSSURES EN POLYURETHANE<\/strong><\/span><\/h1>\n\n\n\n<div style=\"height:50px\" aria-hidden=\"true\" class=\"wp-block-spacer\"><\/div>\n\n\n\n<p>La soci\u00e9t\u00e9 f\u00fbt fond\u00e9e en 1997 par les dirigeants actuels, Dieter Weisenborn et Hans Buse. Tandis que Dieter Weisenborn a \u00e9tudi\u00e9 la chimie avec une sp\u00e9cialisation dans les mat\u00e9riaux&nbsp; plastics\/polyur\u00e9thanes, il est aujourd&#8217;hui en charge de l&#8217;innovation et du d\u00e9veloppement produits; son associ\u00e9 Hans Buse de formation commerciale est responsable administratif et financier. Tout deux b\u00e9n\u00e9ficient de plus de 50 ann\u00e9es d&#8217;exp\u00e9riences et d&#8217;une expertise in\u00e9gal\u00e9e dans le secteur de la chaussure polyur\u00e9thane.<\/p>\n\n\n\n<div style=\"height:50px\" aria-hidden=\"true\" class=\"wp-block-spacer\"><\/div>\n\n\n<div class=\"componentz-content-boxes columns-3 content-boxes-1 content-boxes-icon-boxed row\"><div class=\"card-deck mb-0 mb-lg-3\"><br \/>\n<div class=\"col col-12 col-md-6 componentz-content-box px-sm-0 component-animated animated\" animation_class=\"component-animated animated\" data-animationType=\"slideInDown\" data-animationDuration=\"0.1\"><div class=\"card mb-4 w-100 text-center rounded shadow\" style=\"background-color: #ededed;\"><div class=\"card-img-top heading-with-icon\"><i style=\"color:#5b5b5b;\" class=\"p-2 fas fa-landmark mt-0\"><\/i><\/div><div class=\"card-body\"><h5 class=\"card-title\"><b>Si\u00e8ge<\/b><\/h5><p class=\"card-text\">Le si\u00e8ge de la soci\u00e9t\u00e9 se trouve \u00e0 M\u00fcnchweiler an der Rodalb, dans les environs de Pirmasens (Rh\u00e9nanie &#8211; Palatinat) au coeur du berceau allemand de la chaussure.<\/p><\/div><\/div><\/div><\/p>\n<p><div class=\"col col-12 col-md-6 componentz-content-box px-sm-0 component-animated animated\" animation_class=\"component-animated animated\" data-animationType=\"slideInDown\" data-animationDuration=\"0.1\"><div class=\"card mb-4 w-100 text-center rounded shadow\" style=\"background-color: #ededed;\"><div class=\"card-img-top heading-with-icon\"><i style=\"color:#5b5b5b;\" class=\"p-2 fa fa-wrench mt-0\"><\/i><\/div><div class=\"card-body\"><h5 class=\"card-title\"><b>Production<\/b><\/h5><p class=\"card-text\">Le d\u00e9veloppement et la fabrication de nos produits se font exclusivement en Allemagne selon les standards de qualit\u00e9s europ\u00e9ens\u00a0 les plus exigeants.<\/p><\/div><\/div><\/div><\/p>\n<p><div class=\"col col-12 col-md-6 componentz-content-box px-sm-0 component-animated animated\" animation_class=\"component-animated animated\" data-animationType=\"slideInDown\" data-animationDuration=\"0.1\"><div class=\"card mb-4 w-100 text-center rounded shadow\" style=\"background-color: #ededed;\"><div class=\"card-img-top heading-with-icon\"><i style=\"color:#5b5b5b;\" class=\"p-2 fas fa-certificate mt-0\"><\/i><\/div><div class=\"card-body\"><h5 class=\"card-title\"><b>Certification<\/b><\/h5><p class=\"card-text\">Notre site est certifi\u00e9 ISO 9001 ISO 9001 &#038; 14001<\/p><\/div><\/div><\/div><br \/>\n<\/div><\/div>\n\n\n\n<div style=\"height:50px\" aria-hidden=\"true\" class=\"wp-block-spacer\"><\/div>\n\n\n<div class=\"componentz-content-boxes columns-1 content-boxes-2 content-boxes-icon-boxed row\"><div class=\"card-deck mb-0 mb-lg-3\"><br \/>\n<div class=\"col col-12 col-md-6 componentz-content-box px-sm-0 component-animated animated\" animation_class=\"component-animated animated\" data-animationType=\"slideInUp\" data-animationDuration=\"0.1\"><div class=\"card mb-4 w-100 text-center rounded shadow\" style=\"background-color: #ededed;\"><div class=\"card-img-top heading-with-icon\"><i style class=\"p-2 fas fa-thumbs-up mt-0\"><\/i><\/div><div class=\"card-body\"><h5 class=\"card-title\"><b>Nos forces<\/b><\/p>\n<hr>\n<p><\/h5><p class=\"card-text\">&#8211; Produits d\u00e9velopp\u00e9s sur mesure pour nos clients<br \/>\n&#8211; Haut niveau d&#8217;exigence en mati\u00e8re de qualit\u00e9 et d&#8217;innovation<br \/>\n&#8211; \u00c9quipement de laboratoire et d&#8217;analyse dernier cri<br \/>\n&#8211; Parc machine r\u00e9cent<br \/>\n&#8211; Forte pr\u00e9sence \u00e0 l&#8217;international<br \/>\n&#8211; Un support technique international<\/p><\/div><\/div><\/div><br \/>\n<\/div><\/div>\n\n\n\n<div style=\"height:50px\" aria-hidden=\"true\" class=\"wp-block-spacer\"><\/div>\n\n\n\n<h2 class=\"wp-block-heading\"><span style=\"color: #09589e;\"><strong>Partenariats<\/strong><\/span><\/h2>\n\n\n\n<hr class=\"wp-block-separator has-alpha-channel-opacity\"\/>\n\n\n\n<div style=\"height:33px\" aria-hidden=\"true\" class=\"wp-block-spacer\"><\/div>\n\n\n<div class=\"row\"> <div class=\"componentz-col-6 col-md-6 col-lg-6\" style=\"background-attachment: scroll; background-position: left top; background-repeat: no-repeat; background-size: cover;\"><div style=\"padding: 2rem;\"><strong>ISC-Pirmasens<\/strong> <br \/>Le centre de comp\u00e9tence international de la chaussure de Pirmasens, abr\u00e9g\u00e9 &#8220;ISC&#8221;, est un centre unique en son genre pour la formation et la recherche dans les domaines du d\u00e9veloppement et de la production industrielle de chaussures. Se sont \u00e9galement install\u00e9s \u00e0 proximit\u00e9 l&#8217;\u00c9cole sup\u00e9rieure de la Chaussure, le PFI centre de recherche et de certification, pour former un v\u00e9ritable campus universitaire autour de la chaussure sur les hauteurs de Pirmasens.<\/div><\/div> <div class=\"componentz-col-6 col-md-6 col-lg-6\" style=\"background-attachment: scroll; background-position: left top; background-repeat: no-repeat; background-size: cover;\"><div style=\"padding: 2rem;\"><strong>Footwear Innovation Lab GmbH<\/strong> <br \/>La soci\u00e9t\u00e9 priv\u00e9e Footwear Innovation Lab GmbH \u00e0 Pirmasens, fonctionne comme un groupe de r\u00e9flexion autour de l&#8217;automatisation des outils de production pour la chaussure du 21 \u00e8me si\u00e8cle. Un autre axe de r\u00e9flexion concerne l&#8217;utilisation de la r\u00e9alit\u00e9 virtuelle pour le d\u00e9veloppement de nouveaux mod\u00e8les ainsi que de la r\u00e9alit\u00e9 virtuelle augment\u00e9e pour la mise au point de nouvelles applications industrielles dans le domaine du polyur\u00e9thane notamment.<\/div><\/div> <\/div>\n\n\n\n<div style=\"height:50px\" aria-hidden=\"true\" class=\"wp-block-spacer\"><\/div>\n\n\n\n<h2 class=\"wp-block-heading\"><span style=\"color: #09589e;\"><strong>Notre principale mati\u00e8re premi\u00e8re: L&#8217;\u00e9quipe RIKA<\/strong><\/span><\/h2>\n\n\n\n<hr class=\"wp-block-separator has-alpha-channel-opacity\"\/>\n\n\n\n<div style=\"height:50px\" aria-hidden=\"true\" class=\"wp-block-spacer\"><\/div>\n\n\n\n<p>Derri\u00e8re la marque Rika Chemie se trouve une \u00e9quipe exp\u00e9riment\u00e9e et motiv\u00e9e compos\u00e9e de, chimistes, ing\u00e9nieurs en plasturgie, de techniciens en application et d&#8217;ing\u00e9nieurs commerciaux pour r\u00e9pondre au plus pr\u00e8s \u00e0 la demande de nos clients. Que ce soit en fran\u00e7ais, en espagnol, en anglais ou en allemand nous parlons votre langue.<\/p>\n\n\n\n<div style=\"height:48px\" aria-hidden=\"true\" class=\"wp-block-spacer\"><\/div>\n\n\n<div class=\"componentz-content-boxes columns-2 content-boxes-3 content-boxes-icon-boxed row\"><div class=\"card-deck mb-0 mb-lg-3\"><br \/>\n<div class=\"col col-12 col-md-6 componentz-content-box px-sm-0 component-animated animated\" animation_class=\"component-animated animated\" data-animationType=\"fadeInLeft\" data-animationDuration=\"0.1\"><div class=\"card mb-4 w-100 text-center rounded shadow\"><div class=\"card-img-top heading-with-icon\"><img loading=\"lazy\" decoding=\"async\" src=\"\/wp-content\/uploads\/2024\/07\/d_weisenborn.png\" width=\"150\" height=\"150\" \/><\/div><div class=\"card-body\"><h5 class=\"card-title\"><b>Dieter Weisenborn<\/b><\/p>\n<hr>\n<p>Dirigeant associ\u00e9<\/h5><p class=\"card-text\">Dieter Weisenborn, co-fondateur et dirigeant associ\u00e9 de la soci\u00e9t\u00e9, avec plus de 50 ans d\u2019exp\u00e9riences dans l\u2019industrie polyur\u00e9thane il dispose d\u2019une exp\u00e9rience in\u00e9gal\u00e9e dans ce domaine. En particulier pour ce qui touche aux d\u00e9moulants pour polyur\u00e9thane il est reconnu par la profession  comme l\u2019un des meilleurs experts mondiaux. L\u2019ensemble des produits que nous commercialisons b\u00e9n\u00e9ficient de sa touche.<\/p><\/div><\/div><\/div><\/p>\n<p><div class=\"col col-12 col-md-6 componentz-content-box px-sm-0 component-animated animated\" animation_class=\"component-animated animated\" data-animationType=\"fadeInRight\" data-animationDuration=\"0.1\"><div class=\"card mb-4 w-100 text-center rounded shadow\"><div class=\"card-img-top heading-with-icon\"><img loading=\"lazy\" decoding=\"async\" src=\"\/wp-content\/uploads\/2019\/05\/buse.png\" width=\"150\" height=\"150\" \/><\/div><div class=\"card-body\"><h5 class=\"card-title\"><b>Hans Buse<\/b><\/p>\n<hr>\n<p>Dirigeant associ\u00e9<\/h5><p class=\"card-text\">Hans Buse, co-fondateur et dirigeant associ\u00e9, il b\u00e9n\u00e9ficie \u00e9galement de plus de 50 ans d\u2019exp\u00e9rience dans la chimie pour l\u2019industrie de la chaussure. De formation commerciale il est en charge de la gestion administrative et financi\u00e8re de l\u2019entreprise.<\/p><\/div><\/div><\/div><br \/>\n<\/div><\/div>\n\n\n<div class=\"componentz-content-boxes columns-2 content-boxes-4 content-boxes-icon-boxed row\"><div class=\"card-deck mb-0 mb-lg-3\"><br \/>\n<div class=\"col col-12 col-md-6 componentz-content-box px-sm-0 component-animated animated\" animation_class=\"component-animated animated\" data-animationType=\"fadeInLeft\" data-animationDuration=\"0.1\"><div class=\"card mb-4 w-100 text-center rounded shadow\"><div class=\"card-img-top heading-with-icon\"><img loading=\"lazy\" decoding=\"async\" src=\"\/wp-content\/uploads\/2019\/05\/theysohn.png\" width=\"150\" height=\"150\" \/><\/div><div class=\"card-body\"><h5 class=\"card-title\"><b>Regine Theysohn<\/b><\/p>\n<hr>\n<p>Responsable de l'administration des ventes<\/h5><p class=\"card-text\">Avec plus de 40 ans d\u2019exp\u00e9rience \u00e0 l\u2019international dans la vente de produits technique pour l\u2019industrie de la chaussure Regine Theysohn est en charge de l\u2019administration des ventes et de la logistique. Elle est votre interlocuteur pour les commandes et les exp\u00e9ditions. Langues: Allemand, anglais et fran\u00e7ais.<\/p>\n<hr>\n<p><i>Tel.: 06395 &#8211; 910 1515<\/i><\/p><\/div><\/div><\/div><br \/>\n<div class=\"col col-12 col-md-6 componentz-content-box px-sm-0 component-animated animated\" animation_class=\"component-animated animated\" data-animationType=\"fadeInRight\" data-animationDuration=\"0.1\"><div class=\"card mb-4 w-100 text-center rounded shadow\"><div class=\"card-img-top heading-with-icon\"><i style class=\"p-2 fas fa-user mt-0 fa-flip-horizontal\"><\/i><\/div><div class=\"card-body\"><h5 class=\"card-title\"><b>Kristina Rauth<\/b><\/p>\n<hr>\n<p>Achats et services administratifs<\/h5><p class=\"card-text\">Kristina Rauth est en charge des pr\u00e9visions et de l\u2019approvisionnement des mati\u00e8re premi\u00e8res.<br \/>\nLangues: Allemand et anglais.<\/p>\n<hr>\n<p><i>Tel: 06395 &#8211; 910 1518<\/i><\/p><\/div><\/div><\/div><br \/>\n<\/div><\/div>\n","protected":false},"excerpt":{"rendered":"<p>RIKA: VOTRE\u00a0 EXPERT POUR LA PRODUCTION DE CHAUSSURES EN POLYURETHANE La soci\u00e9t\u00e9 f\u00fbt fond\u00e9e en 1997 par les dirigeants actuels, Dieter Weisenborn et Hans Buse. Tandis que Dieter Weisenborn a \u00e9tudi\u00e9 la chimie avec une sp\u00e9cialisation dans les mat\u00e9riaux&nbsp; plastics\/polyur\u00e9thanes, il est aujourd&#8217;hui en charge de l&#8217;innovation et du d\u00e9veloppement produits; son associ\u00e9 Hans Buse [&hellip;]<\/p>\n","protected":false},"author":1,"featured_media":0,"parent":0,"menu_order":0,"comment_status":"closed","ping_status":"closed","template":"","meta":{"footnotes":""},"class_list":["post-3296","page","type-page","status-publish","hentry"],"translation":{"provider":"WPGlobus","version":"3.0.1","language":"fr","enabled_languages":["de","en","es","fr"],"languages":{"de":{"title":true,"content":true,"excerpt":false},"en":{"title":true,"content":true,"excerpt":false},"es":{"title":true,"content":true,"excerpt":false},"fr":{"title":true,"content":true,"excerpt":false}}},"_links":{"self":[{"href":"https:\/\/www.rika-chemie.com\/fr\/wp-json\/wp\/v2\/pages\/3296","targetHints":{"allow":["GET"]}}],"collection":[{"href":"https:\/\/www.rika-chemie.com\/fr\/wp-json\/wp\/v2\/pages"}],"about":[{"href":"https:\/\/www.rika-chemie.com\/fr\/wp-json\/wp\/v2\/types\/page"}],"author":[{"embeddable":true,"href":"https:\/\/www.rika-chemie.com\/fr\/wp-json\/wp\/v2\/users\/1"}],"replies":[{"embeddable":true,"href":"https:\/\/www.rika-chemie.com\/fr\/wp-json\/wp\/v2\/comments?post=3296"}],"version-history":[{"count":5,"href":"https:\/\/www.rika-chemie.com\/fr\/wp-json\/wp\/v2\/pages\/3296\/revisions"}],"predecessor-version":[{"id":7000,"href":"https:\/\/www.rika-chemie.com\/fr\/wp-json\/wp\/v2\/pages\/3296\/revisions\/7000"}],"wp:attachment":[{"href":"https:\/\/www.rika-chemie.com\/fr\/wp-json\/wp\/v2\/media?parent=3296"}],"curies":[{"name":"wp","href":"https:\/\/api.w.org\/{rel}","templated":true}]}}