{"id":3301,"date":"2017-01-19T05:51:54","date_gmt":"2017-01-19T05:51:54","guid":{"rendered":"http:\/\/demo.theme4press.com\/evolve\/?page_id=3301"},"modified":"2026-01-06T11:42:41","modified_gmt":"2026-01-06T10:42:41","slug":"partner","status":"publish","type":"page","link":"https:\/\/www.rika-chemie.com\/fr\/partner\/","title":{"rendered":"Partner"},"content":{"rendered":"\n<hr class=\"wp-block-separator has-alpha-channel-opacity\"\/>\n\n\n\n<h2 class=\"wp-block-heading\">Spanien<\/h2>\n\n\n\n<h4 class=\"wp-block-heading\"><strong>Pol\u00edmeros de la Ribera, S.L.<\/strong><\/h4>\n\n\n\n<p>Sr. Ignacio Ruiz Huguet<br>Calle Vial Catalu\u00f1a<br>Pol\u00edgono Labradas, Nave 15<br>31500 Tudela, Navarra<br>Espa\u00f1a<br>Tel.: +34 948 402455<br>Mail: polydre@gmail.com<\/p>\n\n\n\n<hr class=\"wp-block-separator has-alpha-channel-opacity\"\/>\n\n\n\n<h2 class=\"wp-block-heading\">China<\/h2>\n\n\n<div class=\"wp-block-image\">\n<figure class=\"alignright\"><img loading=\"lazy\" decoding=\"async\" width=\"300\" height=\"33\" src=\"https:\/\/www.rika-chemie.com\/wp-content\/uploads\/2019\/03\/\u5fb7\u58eb\u80af\u6807\u5fd7OK-300x33.jpg\" alt=\"\" class=\"wp-image-4978\" srcset=\"https:\/\/www.rika-chemie.com\/wp-content\/uploads\/2019\/03\/\u5fb7\u58eb\u80af\u6807\u5fd7OK-300x33.jpg 300w, https:\/\/www.rika-chemie.com\/wp-content\/uploads\/2019\/03\/\u5fb7\u58eb\u80af\u6807\u5fd7OK-768x84.jpg 768w, https:\/\/www.rika-chemie.com\/wp-content\/uploads\/2019\/03\/\u5fb7\u58eb\u80af\u6807\u5fd7OK-1024x112.jpg 1024w, https:\/\/www.rika-chemie.com\/wp-content\/uploads\/2019\/03\/\u5fb7\u58eb\u80af\u6807\u5fd7OK.jpg 1391w\" sizes=\"auto, (max-width: 300px) 100vw, 300px\" \/><\/figure>\n<\/div>\n\n\n<p><strong>DESCHEM CO., LTD.&nbsp;<\/strong><br>Mr. Wayne Huang<br>No. G48, Di 7 Qi, Jiangbin Apartment, Wanjiang Qu<br>Dongguan City, Guangdong Province, China<br>Tel.: +86 769 227 16 411<br>Mail: deschem@defumaterial.com<\/p>\n\n\n\n<p><strong>Taipei Headquarters<\/strong><br>3F-1, NO.2, Lane 212, Sec3, Heping E.Rd.<br>Taipei, Taiwan, R.O.C.<br>Tel.: +886 2 2739 3351<br>Postal: 106<br>Mail: deschembvi@yahoo.com.tw<\/p>\n","protected":false},"excerpt":{"rendered":"<p>Spanien Pol\u00edmeros de la Ribera, S.L. Sr. Ignacio Ruiz HuguetCalle Vial Catalu\u00f1aPol\u00edgono Labradas, Nave 1531500 Tudela, NavarraEspa\u00f1aTel.: +34 948 402455Mail: polydre@gmail.com China DESCHEM CO., LTD.&nbsp;Mr. Wayne HuangNo. G48, Di 7 Qi, Jiangbin Apartment, Wanjiang QuDongguan City, Guangdong Province, ChinaTel.: +86 769 227 16 411Mail: deschem@defumaterial.com Taipei Headquarters3F-1, NO.2, Lane 212, Sec3, Heping E.Rd.Taipei, Taiwan, R.O.C.Tel.: [&hellip;]<\/p>\n","protected":false},"author":1,"featured_media":0,"parent":0,"menu_order":0,"comment_status":"closed","ping_status":"closed","template":"","meta":{"footnotes":""},"class_list":["post-3301","page","type-page","status-publish","hentry"],"translation":{"provider":"WPGlobus","version":"3.0.1","language":"fr","enabled_languages":["de","en","es","fr"],"languages":{"de":{"title":true,"content":true,"excerpt":false},"en":{"title":false,"content":false,"excerpt":false},"es":{"title":false,"content":false,"excerpt":false},"fr":{"title":false,"content":false,"excerpt":false}}},"_links":{"self":[{"href":"https:\/\/www.rika-chemie.com\/fr\/wp-json\/wp\/v2\/pages\/3301","targetHints":{"allow":["GET"]}}],"collection":[{"href":"https:\/\/www.rika-chemie.com\/fr\/wp-json\/wp\/v2\/pages"}],"about":[{"href":"https:\/\/www.rika-chemie.com\/fr\/wp-json\/wp\/v2\/types\/page"}],"author":[{"embeddable":true,"href":"https:\/\/www.rika-chemie.com\/fr\/wp-json\/wp\/v2\/users\/1"}],"replies":[{"embeddable":true,"href":"https:\/\/www.rika-chemie.com\/fr\/wp-json\/wp\/v2\/comments?post=3301"}],"version-history":[{"count":4,"href":"https:\/\/www.rika-chemie.com\/fr\/wp-json\/wp\/v2\/pages\/3301\/revisions"}],"predecessor-version":[{"id":7007,"href":"https:\/\/www.rika-chemie.com\/fr\/wp-json\/wp\/v2\/pages\/3301\/revisions\/7007"}],"wp:attachment":[{"href":"https:\/\/www.rika-chemie.com\/fr\/wp-json\/wp\/v2\/media?parent=3301"}],"curies":[{"name":"wp","href":"https:\/\/api.w.org\/{rel}","templated":true}]}}