{"id":3721,"date":"2018-01-29T13:19:38","date_gmt":"2018-01-29T12:19:38","guid":{"rendered":"http:\/\/localhost\/?page_id=3721"},"modified":"2024-06-26T11:44:55","modified_gmt":"2024-06-26T09:44:55","slug":"impressum","status":"publish","type":"page","link":"https:\/\/www.rika-chemie.com\/fr\/impressum\/","title":{"rendered":"Imprimer"},"content":{"rendered":"<p>Rika Chemie GmbH<br \/>\nIndustriestrasse 10<br \/>\nD-66981 M\u00fcnchweiler<\/p>\n<p><strong>Repr\u00e9sent\u00e9 par:<\/strong><br \/>\nDieter Weisenborn, Hans Buse<\/p>\n<p><strong>Contact:<\/strong><br \/>\nT\u00e9l\u00e9phone: +49 63 95 &#8211; 99 47 57<br \/>\nFax: + 49 63 95 &#8211; 99 47 60<br \/>\nE-Mail: info@rika-chemie.com<\/p>\n<p><strong>Enregistrement:<\/strong><br \/>\nEnregistrement au tribunal d&#8217;enregistrement: Zweibr\u00fccken<br \/>\nNum\u00e9ro d&#8217;inscription: HRB 23202<\/p>\n<p><strong>N \u00b0 de TVA:<\/strong><br \/>\nNum\u00e9ro d&#8217;identification de la taxe de vente selon \u00a727a de la loi sur la taxe de vente: DE812352380.<\/p>\n<h2>Avertissement:<\/h2>\n<h3>Responsabilit\u00e9 du contenu<\/h3>\n<p>Le contenu de nos pages a \u00e9t\u00e9 cr\u00e9\u00e9 avec le plus grand soin. Pour l&#8217;exactitude, l&#8217;exhaustivit\u00e9 et l&#8217;actualit\u00e9 du contenu, nous ne pouvons toutefois pas garantir. En tant que prestataire de services, nous sommes responsables, conform\u00e9ment au \u00a7 7 Abs.1 du TMG, de son propre contenu, conform\u00e9ment \u00e0 la l\u00e9gislation g\u00e9n\u00e9rale. Conform\u00e9ment aux \u00a7 8 \u00e0 10 de la TMG, en tant que fournisseur de services, nous ne sommes toutefois pas oblig\u00e9s de surveiller les informations externes transmises ou stock\u00e9es, ni d\u2019enqu\u00eater sur les circonstances qui indiquent une activit\u00e9 ill\u00e9gale. Les obligations de supprimer ou de bloquer l&#8217;utilisation d&#8217;informations en vertu du droit g\u00e9n\u00e9ral restent inchang\u00e9es. Cependant, la responsabilit\u00e9 \u00e0 cet \u00e9gard n\u2019est possible qu\u2019\u00e0 partir du moment o\u00f9 une infraction sp\u00e9cifique est connue. D\u00e8s notification des violations appropri\u00e9es, nous supprimerons ce contenu imm\u00e9diatement.<\/p>\n<h3>Responsabilit\u00e9 des liens<\/h3>\n<p>Notre offre contient des liens vers des sites externes de tiers sur le contenu desquels nous n&#8217;avons aucune influence. Par cons\u00e9quent, nous ne pouvons assumer aucune responsabilit\u00e9 pour ces contenus externes. Le contenu des pages li\u00e9es est toujours la responsabilit\u00e9 du fournisseur ou de l&#8217;op\u00e9rateur des pages. Les pages li\u00e9es ont \u00e9t\u00e9 v\u00e9rifi\u00e9es pour les violations l\u00e9gales possibles au moment de la liaison. Le contenu ill\u00e9gal n&#8217;\u00e9tait pas reconnaissable au moment de la cr\u00e9ation du lien. Toutefois, un contr\u00f4le permanent du contenu des pages li\u00e9es n\u2019est pas raisonnable sans preuves concr\u00e8tes d\u2019une violation du droit. Lors de la notification des violations, nous supprimerons ces liens imm\u00e9diatement.<\/p>\n<h3>Droit d&#8217;auteur<\/h3>\n<p>Le contenu et les travaux sur ces pages cr\u00e9\u00e9s par les exploitants du site sont soumis au droit d&#8217;auteur allemand. La duplication, le traitement, la distribution et toute forme d&#8217;exploitation en dehors des limites du droit d&#8217;auteur n\u00e9cessitent le consentement \u00e9crit de l&#8217;auteur ou du cr\u00e9ateur concern\u00e9. Les t\u00e9l\u00e9chargements et les copies de ce site sont r\u00e9serv\u00e9s \u00e0 un usage priv\u00e9 et non commercial. Dans la mesure o\u00f9 le contenu de ce c\u00f4t\u00e9 n&#8217;a pas \u00e9t\u00e9 cr\u00e9\u00e9 par l&#8217;op\u00e9rateur, les droits d&#8217;auteur de tiers sont pris en compte. En particulier, le contenu de tiers est identifi\u00e9 comme tel. Si vous \u00eates toujours au courant d&#8217;une violation du droit d&#8217;auteur, nous vous demanderons une note. Lors de la notification des violations, nous supprimerons ce contenu imm\u00e9diatement.<\/p>\n","protected":false},"excerpt":{"rendered":"<p>Rika Chemie GmbH Industriestrasse 10 D-66981 M\u00fcnchweiler Repr\u00e9sent\u00e9 par: Dieter Weisenborn, Hans Buse Contact: T\u00e9l\u00e9phone: +49 63 95 &#8211; 99 47 57 Fax: + 49 63 95 &#8211; 99 47 60 E-Mail: info@rika-chemie.com Enregistrement: Enregistrement au tribunal d&#8217;enregistrement: Zweibr\u00fccken Num\u00e9ro d&#8217;inscription: HRB 23202 N \u00b0 de TVA: Num\u00e9ro d&#8217;identification de la taxe de vente selon [&hellip;]<\/p>\n","protected":false},"author":1,"featured_media":0,"parent":0,"menu_order":0,"comment_status":"closed","ping_status":"closed","template":"","meta":{"footnotes":""},"class_list":["post-3721","page","type-page","status-publish","hentry"],"translation":{"provider":"WPGlobus","version":"3.0.1","language":"fr","enabled_languages":["de","en","es","fr"],"languages":{"de":{"title":true,"content":true,"excerpt":false},"en":{"title":true,"content":true,"excerpt":false},"es":{"title":true,"content":true,"excerpt":false},"fr":{"title":true,"content":true,"excerpt":false}}},"_links":{"self":[{"href":"https:\/\/www.rika-chemie.com\/fr\/wp-json\/wp\/v2\/pages\/3721","targetHints":{"allow":["GET"]}}],"collection":[{"href":"https:\/\/www.rika-chemie.com\/fr\/wp-json\/wp\/v2\/pages"}],"about":[{"href":"https:\/\/www.rika-chemie.com\/fr\/wp-json\/wp\/v2\/types\/page"}],"author":[{"embeddable":true,"href":"https:\/\/www.rika-chemie.com\/fr\/wp-json\/wp\/v2\/users\/1"}],"replies":[{"embeddable":true,"href":"https:\/\/www.rika-chemie.com\/fr\/wp-json\/wp\/v2\/comments?post=3721"}],"version-history":[{"count":5,"href":"https:\/\/www.rika-chemie.com\/fr\/wp-json\/wp\/v2\/pages\/3721\/revisions"}],"predecessor-version":[{"id":6856,"href":"https:\/\/www.rika-chemie.com\/fr\/wp-json\/wp\/v2\/pages\/3721\/revisions\/6856"}],"wp:attachment":[{"href":"https:\/\/www.rika-chemie.com\/fr\/wp-json\/wp\/v2\/media?parent=3721"}],"curies":[{"name":"wp","href":"https:\/\/api.w.org\/{rel}","templated":true}]}}