{"id":3880,"date":"2018-02-02T13:17:56","date_gmt":"2018-02-02T12:17:56","guid":{"rendered":"http:\/\/192.168.2.211\/?page_id=3880"},"modified":"2026-01-09T10:59:36","modified_gmt":"2026-01-09T09:59:36","slug":"trennmittel","status":"publish","type":"page","link":"https:\/\/www.rika-chemie.com\/fr\/products\/trennmittel\/","title":{"rendered":"D\u00e9moulants"},"content":{"rendered":"\n<h1 class=\"wp-block-heading\">D\u00e9moulants pour semelles PU et EVA<\/h1>\n\n\n<div class=\"wp-block-image\">\n<figure class=\"alignright\"><img loading=\"lazy\" decoding=\"async\" width=\"300\" height=\"201\" src=\"https:\/\/www.rika-chemie.com\/wp-content\/uploads\/2019\/04\/TPU_Form-300x201.jpg\" alt=\"\" class=\"wp-image-5551\" srcset=\"https:\/\/www.rika-chemie.com\/wp-content\/uploads\/2019\/04\/TPU_Form-300x201.jpg 300w, https:\/\/www.rika-chemie.com\/wp-content\/uploads\/2019\/04\/TPU_Form.jpg 597w\" sizes=\"auto, (max-width: 300px) 100vw, 300px\" \/><\/figure>\n<\/div>\n\n\n<p>Nous avons pour chacune de vos exigences en mati\u00e8re de d\u00e9moulants la solution technique la mieux adapt\u00e9e \u00e0 vos besoins, tous nos produits sont disponibles en base solvant\u00e9e ou en base aqueuse, pr\u00eat \u00e0 l&#8217;emploi ou en concentr\u00e9. Que votre syst\u00e8me soit en mousse polyester ou polyether,&nbsp;mono-densit\u00e9 ou bi-densit\u00e9, aspect mat ou brillant, mousse compacte ou faible densit\u00e9, nous avons le produit ad\u00e9quat pour votre production.<\/p>\n\n\n\n<p>Nous adaptons toujours nos d\u00e9moulants \u00e0 votre m\u00e9thode d&#8217;application, que ce soit en manuel, par robot ou avec une installation \u00e9lectrostatique. Notre longue exp\u00e9rience dans ce domaine nous permet \u00e9galement de vous apporter notre expertise pour le choix de vos \u00e9quipement d&#8217;application de d\u00e9moulants.<\/p>\n\n\n\n<p>Tous les d\u00e9moulants de la gamme RIKA se distinguent par leur facilit\u00e9 de mise en oeuvre, par leur consommation r\u00e9duite, ainsi que par un encrassement minimal des moules. Nos d\u00e9moulants sp\u00e9ciaux avec teneur en COV r\u00e9duite, sans \u00e9tain ou sans silicone compl\u00e8tent naturellement notre offre.<\/p>\n\n\n\n<h2 class=\"wp-block-heading\">D\u00e9moulant pour mousse Polyester Mono-Densit\u00e9<\/h2>\n\n\n\n<div style=\"overflow-x: auto;\">\n<table width=\"100%\">\n<thead>\n<tr>\n<th>Utilisation<\/th>\n<th>R\u00e9f\u00e9rence-Rika<\/th>\n<th>Technologie<\/th>\n<th>Description<\/th>\n<\/tr>\n<\/thead>\n<tbody>\n<tr>\n<td>Polyester-Mono-Densit\u00e9<\/td>\n<td>TM 800\/&#8230;<\/td>\n<td>D\u00e9moulant haute performance, base 100% huiles synth\u00e9tiques<\/td>\n<td>Encrassement des moules r\u00e9duits, excellent d\u00e9moulage, touch\u00e9 sec, mise en peinture ais\u00e9e.<\/td>\n<\/tr>\n<\/tbody>\n<\/table>\n<\/div>\n\n\n\n<h2 class=\"wp-block-heading\">D\u00e9moulant pour mousse Polyester Double-Densit\u00e9<\/h2>\n\n\n\n<div style=\"overflow-x: auto;\">\n<table width=\"100%\">\n<thead>\n<tr>\n<th><span style=\"display: inline !important; float: none; background-color: transparent; color: #444444; cursor: text; font-family: Georgia,'Bitstream Charter',serif; font-size: 12px; font-style: normal; font-variant: normal; font-weight: 400; letter-spacing: normal; line-height: 18px; orphans: 2; text-align: left; text-decoration: none; text-indent: 0px; text-transform: none; -webkit-text-stroke-width: 0px; white-space: normal; word-spacing: 0px;\">Utilisation<\/span><\/th>\n<th><span style=\"display: inline !important; float: none; background-color: transparent; color: #444444; cursor: text; font-family: Georgia,'Bitstream Charter',serif; font-size: 12px; font-style: normal; font-variant: normal; font-weight: 400; letter-spacing: normal; line-height: 18px; orphans: 2; text-align: left; text-decoration: none; text-indent: 0px; text-transform: none; -webkit-text-stroke-width: 0px; white-space: normal; word-spacing: 0px;\">R\u00e9f\u00e9rence-Rika<\/span><\/th>\n<th>Technologie<\/th>\n<th><span style=\"display: inline !important; float: none; background-color: transparent; color: #444444; cursor: text; font-family: Georgia,'Bitstream Charter',serif; font-size: 12px; font-style: normal; font-variant: normal; font-weight: 400; letter-spacing: normal; line-height: 18px; orphans: 2; text-align: left; text-decoration: none; text-indent: 0px; text-transform: none; -webkit-text-stroke-width: 0px; white-space: normal; word-spacing: 0px;\">Description<\/span><\/th>\n<\/tr>\n<\/thead>\n<tbody>\n<tr>\n<td>Polyester Double-Densit\u00e9<\/td>\n<td>820\/\u2026<\/td>\n<td>D\u00e9moulants \u00e0 base d&#8217;huiles et cires, High Solid<\/td>\n<td>D\u00e9moulant haute performance sp\u00e9cialement adapt\u00e9s pour la production de chaussures de s\u00e9curit\u00e9 bi-densit\u00e9; aspect satin\u00e9 et uniforme, encrassement r\u00e9duit des moules.<\/td>\n<\/tr>\n<tr>\n<td>Polyester Double-Densit\u00e9<\/td>\n<td>828\/\u2026<\/td>\n<td>D\u00e9moulants sans silicone<\/td>\n<td>D\u00e9moulant haute performance sp\u00e9cialement adapt\u00e9s pour la production de chaussures de s\u00e9curit\u00e9 bi-densit\u00e9; aspect satin\u00e9 et uniforme, encrassement r\u00e9duit des moules; adapt\u00e9 aux salles blanches.<\/td>\n<\/tr>\n<\/tbody>\n<\/table>\n<\/div>\n\n\n\n<h2 class=\"wp-block-heading\">D\u00e9moulant pour mousse Polyether Mono-Densit\u00e9<\/h2>\n\n\n\n<div style=\"overflow-x: auto;\">\n<table width=\"100%\">\n<thead>\n<tr>\n<th><span style=\"display: inline !important; float: none; background-color: transparent; color: #444444; cursor: text; font-family: Georgia,'Bitstream Charter',serif; font-size: 12px; font-style: normal; font-variant: normal; font-weight: 400; letter-spacing: normal; line-height: 18px; orphans: 2; text-align: left; text-decoration: none; text-indent: 0px; text-transform: none; -webkit-text-stroke-width: 0px; white-space: normal; word-spacing: 0px;\">Utilisation<\/span><\/th>\n<th><span style=\"display: inline !important; float: none; background-color: transparent; color: #444444; cursor: text; font-family: Georgia,'Bitstream Charter',serif; font-size: 12px; font-style: normal; font-variant: normal; font-weight: 400; letter-spacing: normal; line-height: 18px; orphans: 2; text-align: left; text-decoration: none; text-indent: 0px; text-transform: none; -webkit-text-stroke-width: 0px; white-space: normal; word-spacing: 0px;\">R\u00e9f\u00e9rence-Rika<\/span><\/th>\n<th>Technologie<\/th>\n<th><span style=\"display: inline !important; float: none; background-color: transparent; color: #444444; cursor: text; font-family: Georgia,'Bitstream Charter',serif; font-size: 12px; font-style: normal; font-variant: normal; font-weight: 400; letter-spacing: normal; line-height: 18px; orphans: 2; text-align: left; text-decoration: none; text-indent: 0px; text-transform: none; -webkit-text-stroke-width: 0px; white-space: normal; word-spacing: 0px;\">Description<\/span><\/th>\n<\/tr>\n<\/thead>\n<tbody>\n<tr>\n<td>Polyether Mono-Densit\u00e9<\/td>\n<td>VP 747<\/td>\n<td>Un d\u00e9moulant de r\u00e9f\u00e9rence, \u00e0 base d&#8217;huiles et cires, High Solid<\/td>\n<td>Excellent d\u00e9moulage, aspect mat et uniforme, particuli\u00e8rement adapt\u00e9 pour les semelles mode.<\/td>\n<\/tr>\n<tr>\n<td>Polyether Mono-Densit\u00e9<\/td>\n<td>850\/\u2026<\/td>\n<td>Un d\u00e9moulant de r\u00e9f\u00e9rence, \u00e0 base d&#8217;huiles et de cires, High Solid<\/td>\n<td>Particuli\u00e8rement adapt\u00e9 pour l&#8217;injection directe de semelles mode; Tr\u00e8s beau rendu mat et uniforme, application conventionnelle ou \u00e9lectrostatique.<\/td>\n<\/tr>\n<\/tbody>\n<\/table>\n<\/div>\n\n\n<div id=\"eis\" class=\"page-section\"><div class=\"component-section\" data-paroller-factor=\"0.3\" data-paroller-factor-xs=\"0.1\" data-paroller-type=\"background\" data-paroller-direction=\"vertical\" style=\"background-attachment: scroll; background-image: url(\/wp-content\/uploads\/2017\/01\/eisb2.jpg); background-position: left bottom; background-repeat: no-repeat; background-size: cover; border-bottom-width: 0px; border-top-width: 0px; border-bottom-style: solid; border-top-style: solid; padding-bottom: 20px; padding-top: 240px;\"><div class=\"container\"><\/p>\n<h3>D\u00e9moulant en base aqueuse<\/h3>\n<p><\/div><\/div><\/div>\n\n\n\n<div style=\"height:49px\" aria-hidden=\"true\" class=\"wp-block-spacer\"><\/div>\n\n\n\n<div style=\"overflow-x: auto;\">\n<table width=\"100%\">\n<thead>\n<tr>\n<th><span style=\"display: inline !important; float: none; background-color: transparent; color: #444444; cursor: text; font-family: Georgia,'Bitstream Charter',serif; font-size: 12px; font-style: normal; font-variant: normal; font-weight: 400; letter-spacing: normal; line-height: 18px; orphans: 2; text-align: left; text-decoration: none; text-indent: 0px; text-transform: none; -webkit-text-stroke-width: 0px; white-space: normal; word-spacing: 0px;\">Utilisation<\/span><\/th>\n<th><span style=\"display: inline !important; float: none; background-color: transparent; color: #444444; cursor: text; font-family: Georgia,'Bitstream Charter',serif; font-size: 12px; font-style: normal; font-variant: normal; font-weight: 400; letter-spacing: normal; line-height: 18px; orphans: 2; text-align: left; text-decoration: none; text-indent: 0px; text-transform: none; -webkit-text-stroke-width: 0px; white-space: normal; word-spacing: 0px;\">R\u00e9f\u00e9rence-Rika<\/span><\/th>\n<th>Technologie<\/th>\n<th><span style=\"display: inline !important; float: none; background-color: transparent; color: #444444; cursor: text; font-family: Georgia,'Bitstream Charter',serif; font-size: 12px; font-style: normal; font-variant: normal; font-weight: 400; letter-spacing: normal; line-height: 18px; orphans: 2; text-align: left; text-decoration: none; text-indent: 0px; text-transform: none; -webkit-text-stroke-width: 0px; white-space: normal; word-spacing: 0px;\">Description<\/span><\/th>\n<\/tr>\n<\/thead>\n<tbody>\n<tr>\n<td>Polyester-Mono-Densit\u00e9<\/td>\n<td>WRA 992\/\u2026<\/td>\n<td>Huiles synth\u00e9tiques en base aqueuse<\/td>\n<td>Excellent d\u00e9moulage; Tr\u00e8s beau rendu avec un touch\u00e9 agr\u00e9able.<\/td>\n<\/tr>\n<tr>\n<td>Polyester Bi-Densit\u00e9<\/td>\n<td>WRA 995\/&#8230;<\/td>\n<td>Huiles et cires en base aqueuse<\/td>\n<td>Pour la production de chaussures de s\u00e9curit\u00e9; Tr\u00e8s beau rendu mat et uniforme avec une belle peau,&nbsp; effet Rubber-touch<\/td>\n<\/tr>\n<tr>\n<td>Polyether Mono-Densit\u00e9<\/td>\n<td>WRA 993\/\u2026<\/td>\n<td>Huiles synth\u00e9tiques en base aqueuse<\/td>\n<td>Excellent d\u00e9moulage, pour la production de semelles ou chaussures en injection directe; diff\u00e9rents finis possibles du mat au brillant<\/td>\n<\/tr>\n<tr>\n<td>Semelles-EVA<\/td>\n<td>WRA 994\/\u2026<\/td>\n<td>Huiles synth\u00e9tiques en base aqueuse<\/td>\n<td>Pour la production de semelles ou pi\u00e8ces techniques en EVA; disponibles en pr\u00eats \u00e0 l&#8217;emploi ou concentr\u00e9s<\/td>\n<\/tr>\n<\/tbody>\n<\/table>\n<\/div>\n","protected":false},"excerpt":{"rendered":"<p>D\u00e9moulants pour semelles PU et EVA Nous avons pour chacune de vos exigences en mati\u00e8re de d\u00e9moulants la solution technique la mieux adapt\u00e9e \u00e0 vos besoins, tous nos produits sont disponibles en base solvant\u00e9e ou en base aqueuse, pr\u00eat \u00e0 l&#8217;emploi ou en concentr\u00e9. Que votre syst\u00e8me soit en mousse polyester ou polyether,&nbsp;mono-densit\u00e9 ou bi-densit\u00e9, [&hellip;]<\/p>\n","protected":false},"author":1,"featured_media":0,"parent":2717,"menu_order":0,"comment_status":"closed","ping_status":"closed","template":"","meta":{"footnotes":""},"class_list":["post-3880","page","type-page","status-publish","hentry"],"translation":{"provider":"WPGlobus","version":"3.0.1","language":"fr","enabled_languages":["de","en","es","fr"],"languages":{"de":{"title":true,"content":true,"excerpt":false},"en":{"title":true,"content":true,"excerpt":false},"es":{"title":false,"content":true,"excerpt":false},"fr":{"title":true,"content":true,"excerpt":false}}},"_links":{"self":[{"href":"https:\/\/www.rika-chemie.com\/fr\/wp-json\/wp\/v2\/pages\/3880","targetHints":{"allow":["GET"]}}],"collection":[{"href":"https:\/\/www.rika-chemie.com\/fr\/wp-json\/wp\/v2\/pages"}],"about":[{"href":"https:\/\/www.rika-chemie.com\/fr\/wp-json\/wp\/v2\/types\/page"}],"author":[{"embeddable":true,"href":"https:\/\/www.rika-chemie.com\/fr\/wp-json\/wp\/v2\/users\/1"}],"replies":[{"embeddable":true,"href":"https:\/\/www.rika-chemie.com\/fr\/wp-json\/wp\/v2\/comments?post=3880"}],"version-history":[{"count":5,"href":"https:\/\/www.rika-chemie.com\/fr\/wp-json\/wp\/v2\/pages\/3880\/revisions"}],"predecessor-version":[{"id":7018,"href":"https:\/\/www.rika-chemie.com\/fr\/wp-json\/wp\/v2\/pages\/3880\/revisions\/7018"}],"up":[{"embeddable":true,"href":"https:\/\/www.rika-chemie.com\/fr\/wp-json\/wp\/v2\/pages\/2717"}],"wp:attachment":[{"href":"https:\/\/www.rika-chemie.com\/fr\/wp-json\/wp\/v2\/media?parent=3880"}],"curies":[{"name":"wp","href":"https:\/\/api.w.org\/{rel}","templated":true}]}}