{"id":3883,"date":"2018-02-02T13:21:57","date_gmt":"2018-02-02T12:21:57","guid":{"rendered":"http:\/\/192.168.2.211\/?page_id=3883"},"modified":"2026-01-09T10:56:45","modified_gmt":"2026-01-09T09:56:45","slug":"farbpasten","status":"publish","type":"page","link":"https:\/\/www.rika-chemie.com\/fr\/products\/farbpasten\/","title":{"rendered":"P\u00e2tes Colorantes"},"content":{"rendered":"\n<h1 class=\"wp-block-heading\">P\u00e2tes colorantes pour syst\u00e8mes Polyur\u00e9thane<\/h1>\n\n\n<div class=\"wp-block-image\">\n<figure class=\"alignright\"><img loading=\"lazy\" decoding=\"async\" width=\"200\" height=\"300\" src=\"https:\/\/www.rika-chemie.com\/wp-content\/uploads\/2019\/04\/farbpaste-200x300.jpg\" alt=\"\" class=\"wp-image-5689\" srcset=\"https:\/\/www.rika-chemie.com\/wp-content\/uploads\/2019\/04\/farbpaste-200x300.jpg 200w, https:\/\/www.rika-chemie.com\/wp-content\/uploads\/2019\/04\/farbpaste.jpg 300w\" sizes=\"auto, (max-width: 200px) 100vw, 200px\" \/><\/figure>\n<\/div>\n\n\n<p><\/p>\n\n\n\n<p>Nos p\u00e2tes colorantes sont principalement destin\u00e9es \u00e0 l&#8217;industrie de la chaussure pour la coloration des semelles en polyur\u00e9thane. Les p\u00e2tes colorantes RIKA sont particuli\u00e8rement adapt\u00e9es pour la coloration de mousses polyester ou polyether, que ce soit en semelles unitaires ou en injection directe sur tige comme les chaussures de s\u00e9curit\u00e9, de loisirs ou de sport.<\/p>\n\n\n\n<p>Les teintes sont en principe r\u00e9alis\u00e9es \u00e0 la demande de nos clients d&#8217;apr\u00e8s coupures. Nous d\u00e9veloppons \u00e9galement de nombreuses teintes selon les nuanciers couramment utilis\u00e9s dans l&#8217;industrie tels que RAL, PANTONE, NCS ou HKS. Pour la mise au point des couleurs notre \u00e9quipe de coloristes s&#8217;appuie sur une solution digitale de mesure et formulation de couleurs de derni\u00e8re g\u00e9n\u00e9ration.<\/p>\n\n\n\n<p>Les p\u00e2tes colorantes RIKA sont aussi bien adapt\u00e9es pour une utilisation par pompe doseuse \u00e0 la t\u00eate d&#8217;injection, que pour une utilisation en r\u00e9servoir de polyol o\u00f9 la couleur est alors directement m\u00e9lang\u00e9e au Polyol (composant A).<\/p>\n\n\n\n<p>De part la composition chimique du polyur\u00e9thane dont le composant B est constitu\u00e9 d&#8217;isocyanates aromatiques il n&#8217;est pas possible d&#8217;\u00e9viter le jaunissement des mousses polyur\u00e9thane dans les coloris blancs ou clairs, mais ce ph\u00e9nom\u00e8ne peut \u00eatre att\u00e9nu\u00e9 et retard\u00e9 dans le temps en stabilisant la p\u00e2te colorante aux UV.<\/p>\n\n\n\n<p>Toutes les p\u00e2tes colorantes RIKA sont produites \u00e0 partir de pigments rigoureusement s\u00e9lectionn\u00e9s pour leur puret\u00e9 et leur stabilit\u00e9, et ne contiennent aucun phtalate.<\/p>\n\n\n\n<p>Notre flexibilit\u00e9 nous permet de proposer notre gamme de p\u00e2tes colorantes dans des conditionnements allant de 9 kg jusqu&#8217;\u00e0 1000 kg en conteneur IBC pour les productions de masse.<span style=\"color: #09589e;\"><br>\n<\/span><\/p>\n\n\n\n<div style=\"overflow-x: auto;\">\n<table style=\"height: 415px;\" width=\"690\">\n<thead>\n<tr>\n<th width=\"200\">Utilisation<\/th>\n<th width=\"100\">R\u00e9f. RIKA<\/th>\n<th>Technologie<\/th>\n<th>Description<\/th>\n<\/tr>\n<\/thead>\n<tbody>\n<tr>\n<td>Coloration&nbsp; de mousses Polyester et Polyether, par pompe doseuse ou par le r\u00e9servoir de polyol<\/td>\n<td>CP 1165\/&#8230;<\/td>\n<td>Pigments organiques noirs dissout dans du Polyol<\/td>\n<td>P\u00e2te colorante universelle haute performance, pour la coloration de mousses Polyether et Polyester.<\/td>\n<\/tr>\n<tr>\n<td>Coloration&nbsp; de mousses Polyester et Polyether, par pompe doseuse ou par le r\u00e9servoir de polyol<\/td>\n<td>CP 1163\/&#8230;<\/td>\n<td>Pigments lumineux de type organiques et inorganiques dissouts dans du Polyol<\/td>\n<td>P\u00e2te colorante universelle haute performance, pour la coloration de mousses Polyether et Polyester. Disponibles dans toutes les couleurs primaires ou selon coupures client.<\/td>\n<\/tr>\n<tr>\n<td>Coloration&nbsp; de mousses Polyester et Polyether, par pompe doseuse ou par le r\u00e9servoir de polyol<\/td>\n<td>CP 1162\/\u2026<\/td>\n<td>Pigments blancs et clairs dissouts dans du polyol et stabilis\u00e9s aux UV<\/td>\n<td>P\u00e2te colorante universelle haute performance, pour la coloration de mousses Polyether et Polyester avec des coloris blancs ou clairs stabilis\u00e9s aux UV.<\/td>\n<\/tr>\n<\/tbody>\n<\/table>\n<\/div>\n","protected":false},"excerpt":{"rendered":"<p>P\u00e2tes colorantes pour syst\u00e8mes Polyur\u00e9thane Nos p\u00e2tes colorantes sont principalement destin\u00e9es \u00e0 l&#8217;industrie de la chaussure pour la coloration des semelles en polyur\u00e9thane. Les p\u00e2tes colorantes RIKA sont particuli\u00e8rement adapt\u00e9es pour la coloration de mousses polyester ou polyether, que ce soit en semelles unitaires ou en injection directe sur tige comme les chaussures de s\u00e9curit\u00e9, [&hellip;]<\/p>\n","protected":false},"author":1,"featured_media":0,"parent":2717,"menu_order":0,"comment_status":"closed","ping_status":"closed","template":"","meta":{"footnotes":""},"class_list":["post-3883","page","type-page","status-publish","hentry"],"translation":{"provider":"WPGlobus","version":"3.0.1","language":"fr","enabled_languages":["de","en","es","fr"],"languages":{"de":{"title":true,"content":true,"excerpt":false},"en":{"title":true,"content":true,"excerpt":false},"es":{"title":true,"content":true,"excerpt":false},"fr":{"title":true,"content":true,"excerpt":false}}},"_links":{"self":[{"href":"https:\/\/www.rika-chemie.com\/fr\/wp-json\/wp\/v2\/pages\/3883","targetHints":{"allow":["GET"]}}],"collection":[{"href":"https:\/\/www.rika-chemie.com\/fr\/wp-json\/wp\/v2\/pages"}],"about":[{"href":"https:\/\/www.rika-chemie.com\/fr\/wp-json\/wp\/v2\/types\/page"}],"author":[{"embeddable":true,"href":"https:\/\/www.rika-chemie.com\/fr\/wp-json\/wp\/v2\/users\/1"}],"replies":[{"embeddable":true,"href":"https:\/\/www.rika-chemie.com\/fr\/wp-json\/wp\/v2\/comments?post=3883"}],"version-history":[{"count":5,"href":"https:\/\/www.rika-chemie.com\/fr\/wp-json\/wp\/v2\/pages\/3883\/revisions"}],"predecessor-version":[{"id":7014,"href":"https:\/\/www.rika-chemie.com\/fr\/wp-json\/wp\/v2\/pages\/3883\/revisions\/7014"}],"up":[{"embeddable":true,"href":"https:\/\/www.rika-chemie.com\/fr\/wp-json\/wp\/v2\/pages\/2717"}],"wp:attachment":[{"href":"https:\/\/www.rika-chemie.com\/fr\/wp-json\/wp\/v2\/media?parent=3883"}],"curies":[{"name":"wp","href":"https:\/\/api.w.org\/{rel}","templated":true}]}}