{"id":3889,"date":"2018-02-02T13:26:25","date_gmt":"2018-02-02T12:26:25","guid":{"rendered":"http:\/\/192.168.2.211\/?page_id=3889"},"modified":"2026-01-09T11:03:54","modified_gmt":"2026-01-09T10:03:54","slug":"formenreiniger","status":"publish","type":"page","link":"https:\/\/www.rika-chemie.com\/fr\/products\/formenreiniger\/","title":{"rendered":"D\u00e9capant moule"},"content":{"rendered":"\n<h1 class=\"wp-block-heading\">D\u00e9capant moule, Diluant, Nettoyant \u00e0 chaud<\/h1>\n\n\n\n<p>En compl\u00e9ments naturels de notre portfolio produits nous proposons toute une gamme de produits de nettoyage pour vos machines d&#8217;injection polyur\u00e9thane: du d\u00e9capant moule, au nettoyant \u00e0 chaud pour t\u00eate d&#8217;injection, au diluant pour le nettoyage des flexibles d&#8217;injection nous pouvons vous proposer le produit ad\u00e9quat.<\/p>\n\n\n\n<div style=\"overflow-x: auto;\">\n<table width=\"100%\">\n<thead>\n<tr>\n<th>Utilisation<\/th>\n<th>R\u00e9f\u00e9rence RIKA<\/th>\n<th>Description<\/th>\n<\/tr>\n<\/thead>\n<tbody>\n<tr>\n<td>Diluants et nettoyant pour flexibles ou tuyaux<\/td>\n<td>LVR 50\/205 &#8220;Rikamoll&#8221;<\/td>\n<td>Solvent pour le nettoyage&nbsp; des tuyaux d&#8217;alimentation de p\u00e2tes colorantes; Permet \u00e9galement de diluer nos p\u00e2tes colorantes pour modifier la viscosit\u00e9<\/td>\n<\/tr>\n<tr>\n<td>D\u00e9capant moule<\/td>\n<td>LVR 60\/7<\/td>\n<td>D\u00e9capant pour moule, permet d&#8217;\u00e9liminer les r\u00e9sidus de PU; Formulation sans NMP<\/td>\n<\/tr>\n<tr>\n<td>Nettoyant \u00e0 chaud<\/td>\n<td>LVR 56<\/td>\n<td>Nettoyant \u00e0 chaud pour un nettoyage efficace des vis d&#8217;injection, utilisation avec appareil chauffant de type friteuse<\/td>\n<\/tr>\n<\/tbody>\n<\/table>\n<\/div>\n","protected":false},"excerpt":{"rendered":"<p>D\u00e9capant moule, Diluant, Nettoyant \u00e0 chaud En compl\u00e9ments naturels de notre portfolio produits nous proposons toute une gamme de produits de nettoyage pour vos machines d&#8217;injection polyur\u00e9thane: du d\u00e9capant moule, au nettoyant \u00e0 chaud pour t\u00eate d&#8217;injection, au diluant pour le nettoyage des flexibles d&#8217;injection nous pouvons vous proposer le produit ad\u00e9quat. Utilisation R\u00e9f\u00e9rence RIKA [&hellip;]<\/p>\n","protected":false},"author":1,"featured_media":0,"parent":2717,"menu_order":0,"comment_status":"closed","ping_status":"closed","template":"","meta":{"footnotes":""},"class_list":["post-3889","page","type-page","status-publish","hentry"],"translation":{"provider":"WPGlobus","version":"3.0.1","language":"fr","enabled_languages":["de","en","es","fr"],"languages":{"de":{"title":true,"content":true,"excerpt":false},"en":{"title":true,"content":true,"excerpt":false},"es":{"title":true,"content":true,"excerpt":false},"fr":{"title":true,"content":true,"excerpt":false}}},"_links":{"self":[{"href":"https:\/\/www.rika-chemie.com\/fr\/wp-json\/wp\/v2\/pages\/3889","targetHints":{"allow":["GET"]}}],"collection":[{"href":"https:\/\/www.rika-chemie.com\/fr\/wp-json\/wp\/v2\/pages"}],"about":[{"href":"https:\/\/www.rika-chemie.com\/fr\/wp-json\/wp\/v2\/types\/page"}],"author":[{"embeddable":true,"href":"https:\/\/www.rika-chemie.com\/fr\/wp-json\/wp\/v2\/users\/1"}],"replies":[{"embeddable":true,"href":"https:\/\/www.rika-chemie.com\/fr\/wp-json\/wp\/v2\/comments?post=3889"}],"version-history":[{"count":5,"href":"https:\/\/www.rika-chemie.com\/fr\/wp-json\/wp\/v2\/pages\/3889\/revisions"}],"predecessor-version":[{"id":7022,"href":"https:\/\/www.rika-chemie.com\/fr\/wp-json\/wp\/v2\/pages\/3889\/revisions\/7022"}],"up":[{"embeddable":true,"href":"https:\/\/www.rika-chemie.com\/fr\/wp-json\/wp\/v2\/pages\/2717"}],"wp:attachment":[{"href":"https:\/\/www.rika-chemie.com\/fr\/wp-json\/wp\/v2\/media?parent=3889"}],"curies":[{"name":"wp","href":"https:\/\/api.w.org\/{rel}","templated":true}]}}