{"id":3891,"date":"2018-02-02T13:27:08","date_gmt":"2018-02-02T12:27:08","guid":{"rendered":"http:\/\/192.168.2.211\/?page_id=3891"},"modified":"2026-01-09T11:05:56","modified_gmt":"2026-01-09T10:05:56","slug":"antistatic","status":"publish","type":"page","link":"https:\/\/www.rika-chemie.com\/fr\/antistatic\/","title":{"rendered":"Agents Antistatiques"},"content":{"rendered":"\n<h1 class=\"wp-block-heading\">Agents antistatiques pour mousses polyur\u00e9thane<\/h1>\n\n\n\n<div style=\"height:22px\" aria-hidden=\"true\" class=\"wp-block-spacer\"><\/div>\n\n\n\n<div class=\"wp-block-media-text has-media-on-the-right is-stacked-on-mobile\" style=\"grid-template-columns:auto 22%\"><div class=\"wp-block-media-text__content\">\n<p class=\"has-text-align-left\">Nos agents antistatiques liquides sont la solution id\u00e9ale pour la production de mousses polyur\u00e9thane conductrices. Faciles \u00e0 mettre en oeuvre ils vous permettent de produire des chaussures des chaussures de s\u00e9curit\u00e9 conformes \u00e0 la norme ESD.<\/p>\n<\/div><figure class=\"wp-block-media-text__media\"><img loading=\"lazy\" decoding=\"async\" width=\"250\" height=\"250\" src=\"http:\/\/localhost\/wp-content\/uploads\/2019\/04\/esd-antistatic.jpg\" alt=\"\" class=\"wp-image-5688 size-full\" srcset=\"https:\/\/www.rika-chemie.com\/wp-content\/uploads\/2019\/04\/esd-antistatic.jpg 250w, https:\/\/www.rika-chemie.com\/wp-content\/uploads\/2019\/04\/esd-antistatic-150x150.jpg 150w, https:\/\/www.rika-chemie.com\/wp-content\/uploads\/2019\/04\/esd-antistatic-50x50.jpg 50w, https:\/\/www.rika-chemie.com\/wp-content\/uploads\/2019\/04\/esd-antistatic-65x65.jpg 65w\" sizes=\"auto, (max-width: 250px) 100vw, 250px\" \/><\/figure><\/div>\n\n\n\n<div style=\"height:50px\" aria-hidden=\"true\" class=\"wp-block-spacer\"><\/div>\n\n\n\n<div class=\"table-1\">\n<table width=\"100%\">\n<thead>\n<tr>\n<th>Utilisation<\/th>\n<th>R\u00e9f. Rika<\/th>\n<th>Technologie<\/th>\n<th>Description<\/th>\n<\/tr>\n<\/thead>\n<tbody>\n<tr>\n<td>Agent anti-statique pour chaussures de s\u00e9curit\u00e9<\/td>\n<td>SP 1760\/1761<\/td>\n<td>Agent antistatique standard sous forme liquide<\/td>\n<td>Produit simple \u00e0 mettre en oeuvre par rajout dans le polyol pour am\u00e9liorer la conductivit\u00e9 des semelles des chaussures de s\u00e9curit\u00e9<\/td>\n<\/tr>\n<tr>\n<td>Agent anti-statique permettant de r\u00e9pondre \u00e0 la norme ESD pour chaussures de s\u00e9curit\u00e9<\/td>\n<td>SP 1777<\/td>\n<td>Agent antistatique liquide&nbsp; pour r\u00e9pondre \u00e0 la norme ESD<\/td>\n<td>Produit simple \u00e0 mettre en oeuvre par rajout dans le polyol, compatible avec la norme ESD pour la production de chaussures de s\u00e9curit\u00e9 utilis\u00e9es en milieu ATEX<\/td>\n<\/tr>\n<\/tbody>\n<\/table>\n<\/div>\n","protected":false},"excerpt":{"rendered":"<p>Agents antistatiques pour mousses polyur\u00e9thane Nos agents antistatiques liquides sont la solution id\u00e9ale pour la production de mousses polyur\u00e9thane conductrices. Faciles \u00e0 mettre en oeuvre ils vous permettent de produire des chaussures des chaussures de s\u00e9curit\u00e9 conformes \u00e0 la norme ESD. Utilisation R\u00e9f. Rika Technologie Description Agent anti-statique pour chaussures de s\u00e9curit\u00e9 SP 1760\/1761 Agent [&hellip;]<\/p>\n","protected":false},"author":1,"featured_media":0,"parent":0,"menu_order":0,"comment_status":"closed","ping_status":"closed","template":"","meta":{"footnotes":""},"class_list":["post-3891","page","type-page","status-publish","hentry"],"translation":{"provider":"WPGlobus","version":"3.0.1","language":"fr","enabled_languages":["de","en","es","fr"],"languages":{"de":{"title":true,"content":true,"excerpt":false},"en":{"title":true,"content":true,"excerpt":false},"es":{"title":true,"content":true,"excerpt":false},"fr":{"title":true,"content":true,"excerpt":false}}},"_links":{"self":[{"href":"https:\/\/www.rika-chemie.com\/fr\/wp-json\/wp\/v2\/pages\/3891","targetHints":{"allow":["GET"]}}],"collection":[{"href":"https:\/\/www.rika-chemie.com\/fr\/wp-json\/wp\/v2\/pages"}],"about":[{"href":"https:\/\/www.rika-chemie.com\/fr\/wp-json\/wp\/v2\/types\/page"}],"author":[{"embeddable":true,"href":"https:\/\/www.rika-chemie.com\/fr\/wp-json\/wp\/v2\/users\/1"}],"replies":[{"embeddable":true,"href":"https:\/\/www.rika-chemie.com\/fr\/wp-json\/wp\/v2\/comments?post=3891"}],"version-history":[{"count":5,"href":"https:\/\/www.rika-chemie.com\/fr\/wp-json\/wp\/v2\/pages\/3891\/revisions"}],"predecessor-version":[{"id":7026,"href":"https:\/\/www.rika-chemie.com\/fr\/wp-json\/wp\/v2\/pages\/3891\/revisions\/7026"}],"wp:attachment":[{"href":"https:\/\/www.rika-chemie.com\/fr\/wp-json\/wp\/v2\/media?parent=3891"}],"curies":[{"name":"wp","href":"https:\/\/api.w.org\/{rel}","templated":true}]}}