{"id":3893,"date":"2018-02-02T13:27:41","date_gmt":"2018-02-02T12:27:41","guid":{"rendered":"http:\/\/192.168.2.211\/?page_id=3893"},"modified":"2026-01-09T11:07:37","modified_gmt":"2026-01-09T10:07:37","slug":"lacke","status":"publish","type":"page","link":"https:\/\/www.rika-chemie.com\/fr\/lacke\/","title":{"rendered":"Peintures, vernis et encres de tampographie"},"content":{"rendered":"\n<h1 class=\"wp-block-heading\">Peintures et vernis pour semelles et talons<\/h1>\n\n\n<div class=\"wp-block-image\">\n<figure class=\"alignright\"><img loading=\"lazy\" decoding=\"async\" width=\"290\" height=\"300\" src=\"https:\/\/www.rika-chemie.com\/wp-content\/uploads\/2019\/04\/lacke-ral-290x300.jpg\" alt=\"\" class=\"wp-image-5683\" srcset=\"https:\/\/www.rika-chemie.com\/wp-content\/uploads\/2019\/04\/lacke-ral-290x300.jpg 290w, https:\/\/www.rika-chemie.com\/wp-content\/uploads\/2019\/04\/lacke-ral.jpg 400w\" sizes=\"auto, (max-width: 290px) 100vw, 290px\" \/><\/figure>\n<\/div>\n\n\n<p><\/p>\n\n\n\n<p>Pour la mise en peinture des semelles et talons de chaussures modes nous avons d\u00e9velopp\u00e9 toute une gamme de peintures et laques sp\u00e9cialement adapt\u00e9es&nbsp; aux exigences de production des chaussures avec semelles en polyur\u00e9thane et talons en ABS ou polystyr\u00e8ne.<\/p>\n\n\n\n<p>Nous sommes en mesure de proposer la quasi totalit\u00e9 des couleurs des nuanciers RAL ou Pantone. Pour les coloris clairs nous proposons \u00e9galement tout une gamme de peinture stabilis\u00e9e aux UV qui associ\u00e9es \u00e0 nos p\u00e2tes colorantes stabilis\u00e9es aux UV offre la meilleure solution contre le jaunissement des semelles.<\/p>\n\n\n\n<p>Toutes les peintures peuvent \u00eatre r\u00e9alis\u00e9e avec diff\u00e9rentes effets, que ce soit en finition brillante, mate ou satin\u00e9e, ou avec aspect m\u00e9tallique, structur\u00e9 ou touch\u00e9 caoutchouc. Enfin toutes les peintures sont r\u00e9alis\u00e9es \u00e0 partir de nos propres liants produits par un proc\u00e9d\u00e9 de polyaddition de polyisocyanates,&nbsp; ceci garantissant \u00e0 nos clients une tenue optimale sur tous les supports couramment utilis\u00e9s dans l&#8217;industrie de la chaussure.<\/p>\n\n\n\n<div style=\"overflow-x: auto;\">\n<table>\n<thead>\n<tr>\n<th>Utilisation<\/th>\n<th>R\u00e9f\u00e9rence-Rika<\/th>\n<th>Technologie<\/th>\n<th>Description<\/th>\n<\/tr>\n<\/thead>\n<tbody>\n<tr>\n<td><strong>Peinture \u00e0 tremper<br>\n<\/strong>Pour le mise en peinture par trempage des semelles en polyur\u00e9thane.<\/td>\n<td>1400\/\u2026<\/td>\n<td>Base solvant\u00e9e<\/td>\n<td>Les peintures \u00e0 tremper Rika se distinguent par leur excellente accroche et par leur tr\u00e8s bonne r\u00e9sistance \u00e0 l&#8217;abrasion.<\/td>\n<\/tr>\n<tr>\n<td><strong>Peinture application pistolet<\/strong><br>\nPour la mise en peinture des semelles en polyur\u00e9thane et des talons en ABS ou polystyr\u00e8ne.<\/td>\n<td>1428\/\u2026<\/td>\n<td>Base solvant\u00e9e<\/td>\n<td>La gamme des peintures pour application pistolet sont disponibles dans la plupart des teintes RAL ou Pantone, ou selon coupures clients. Ces peintures se distinguent par leur excellent pouvoir couvrant et par leur tr\u00e8s bonne r\u00e9sistance \u00e0 l&#8217;abrasion.<\/td>\n<\/tr>\n<tr>\n<td><strong>Encre de tampographie<\/strong><br>\nPour l&#8217;impression des semelles et talons en PUR-, TPU-, TPR-, PS- et ABS.<\/td>\n<td>1270\/\u2026<\/td>\n<td>Base solvant\u00e9e<\/td>\n<td>Les encres de tampographie RIKA sont r\u00e9alis\u00e9es selon coupures client ou bien disponibles en CMYK. Nos encres de tampographie se distinguent par leur excellente accroche et par leur tr\u00e8s bonne r\u00e9sistance \u00e0 l&#8217;abrasion.<\/td>\n<\/tr>\n<\/tbody>\n<\/table>\n<\/div>\n","protected":false},"excerpt":{"rendered":"<p>Peintures et vernis pour semelles et talons Pour la mise en peinture des semelles et talons de chaussures modes nous avons d\u00e9velopp\u00e9 toute une gamme de peintures et laques sp\u00e9cialement adapt\u00e9es&nbsp; aux exigences de production des chaussures avec semelles en polyur\u00e9thane et talons en ABS ou polystyr\u00e8ne. Nous sommes en mesure de proposer la quasi [&hellip;]<\/p>\n","protected":false},"author":1,"featured_media":0,"parent":0,"menu_order":0,"comment_status":"closed","ping_status":"closed","template":"","meta":{"footnotes":""},"class_list":["post-3893","page","type-page","status-publish","hentry"],"translation":{"provider":"WPGlobus","version":"3.0.1","language":"fr","enabled_languages":["de","en","es","fr"],"languages":{"de":{"title":true,"content":true,"excerpt":false},"en":{"title":true,"content":true,"excerpt":false},"es":{"title":false,"content":true,"excerpt":false},"fr":{"title":true,"content":true,"excerpt":false}}},"_links":{"self":[{"href":"https:\/\/www.rika-chemie.com\/fr\/wp-json\/wp\/v2\/pages\/3893","targetHints":{"allow":["GET"]}}],"collection":[{"href":"https:\/\/www.rika-chemie.com\/fr\/wp-json\/wp\/v2\/pages"}],"about":[{"href":"https:\/\/www.rika-chemie.com\/fr\/wp-json\/wp\/v2\/types\/page"}],"author":[{"embeddable":true,"href":"https:\/\/www.rika-chemie.com\/fr\/wp-json\/wp\/v2\/users\/1"}],"replies":[{"embeddable":true,"href":"https:\/\/www.rika-chemie.com\/fr\/wp-json\/wp\/v2\/comments?post=3893"}],"version-history":[{"count":5,"href":"https:\/\/www.rika-chemie.com\/fr\/wp-json\/wp\/v2\/pages\/3893\/revisions"}],"predecessor-version":[{"id":7030,"href":"https:\/\/www.rika-chemie.com\/fr\/wp-json\/wp\/v2\/pages\/3893\/revisions\/7030"}],"wp:attachment":[{"href":"https:\/\/www.rika-chemie.com\/fr\/wp-json\/wp\/v2\/media?parent=3893"}],"curies":[{"name":"wp","href":"https:\/\/api.w.org\/{rel}","templated":true}]}}