{"id":4086,"date":"2018-05-22T10:48:18","date_gmt":"2018-05-22T08:48:18","guid":{"rendered":"http:\/\/192.168.2.224\/?page_id=4086"},"modified":"2019-07-17T11:37:32","modified_gmt":"2019-07-17T09:37:32","slug":"datenschutzerklaerung","status":"publish","type":"page","link":"https:\/\/www.rika-chemie.com\/fr\/datenschutzerklaerung\/","title":{"rendered":"Datenschutzerkl\u00e4rung"},"content":{"rendered":"<h1>Politique de Confidentialit\u00e9<\/h1>\n<p>Date de prise d&#8217;effet: July 12, 2019<\/p>\n<p>RIKA Chemie GmbH (&#8220;nous&#8221;, &#8220;notre&#8221;, &#8220;nos&#8221;) exploite le site web https:\/\/rika-chemie.com (ci-apr\u00e8s d\u00e9sign\u00e9 par le terme &#8220;Service&#8221;).<\/p>\n<p>Cette page vous explique nos politiques en mati\u00e8re de collecte, d&#8217;utilisation et de communication des donn\u00e9es \u00e0 caract\u00e8re personnel lorsque vous utilisez notre Service ainsi que les choix qui s&#8217;offrent \u00e0 vous en ce qui concerne ces donn\u00e9es.<\/p>\n<p>Nous utilisons vos donn\u00e9es pour fournir et am\u00e9liorer le Service. En utilisant le Service, vous consentez \u00e0 la collecte et \u00e0 l&#8217;utilisation d&#8217;informations conform\u00e9ment \u00e0 la pr\u00e9sente politique. Sauf d\u00e9finition contraire dans la pr\u00e9sente Politique de Confidentialit\u00e9, les termes utilis\u00e9s dans la pr\u00e9sente Politique de Confidentialit\u00e9 ont la m\u00eame signification que dans nos Conditions G\u00e9n\u00e9rales qui sont disponibles sur http:\/\/rika-chemie.com<\/p>\n<h2>D\u00e9finitions<\/h2>\n<ul>\n<li><strong>Service<\/strong>Par Service on entend le site web https:\/\/rika-chemie.com exploit\u00e9 par RIKA Chemie GmbH<\/li>\n<li><strong>Donn\u00e9es \u00e0 caract\u00e8re personnel<\/strong>Donn\u00e9es \u00e0 Caract\u00e8re Personnel d\u00e9signe des donn\u00e9es concernant un individu vivant qui peut \u00eatre identifi\u00e9 \u00e0 partir de ces donn\u00e9es (ou \u00e0 partir de ces donn\u00e9es et d&#8217;autres informations en notre possession ou susceptibles d&#8217;entrer en notre possession).<\/li>\n<li><strong>Donn\u00e9es d&#8217;Utilisation<\/strong>Les Donn\u00e9es d&#8217;Utilisation sont recueillies automatiquement et sont g\u00e9n\u00e9r\u00e9es soit par l&#8217;utilisation du Service, soit par l&#8217;infrastructure du Service proprement dite (par exemple, dur\u00e9e de consultation d&#8217;une page).<\/li>\n<li><strong>Cookies<\/strong>Les cookies sont de petits fichiers enregistr\u00e9s sur votre dispositif (ordinateur ou dispositif mobile).<\/li>\n<li><strong>Responsable du Traitement<\/strong>Responsable du Traitement d\u00e9signe la personne physique ou morale (seule, ou conjointement ou en commun avec d&#8217;autres personnes) qui d\u00e9termine les finalit\u00e9s et les modalit\u00e9s selon lesquelles toutes les donn\u00e9es personnelles sont trait\u00e9es ou doivent l&#8217;\u00eatre.\n<p>Aux fins de la pr\u00e9sente Politique de Confidentialit\u00e9, nous sommes un Responsable du Traitement de vos donn\u00e9es \u00e0 caract\u00e8re personnel.<\/li>\n<li><strong>Sous-Traitants (ou Prestataires de Services)<\/strong>Le terme Sous-Traitant (ou Prestataire de Service) d\u00e9signe toute personne physique ou morale qui traite les donn\u00e9es au nom du Responsable du Traitement.\n<p>Il se peut que nous fassions appel aux services de plusieurs Prestataires de Services afin de traiter vos donn\u00e9es plus efficacement.<\/li>\n<li><strong>Personne Concern\u00e9e (ou Utilisateur)<\/strong>Par Personne Concern\u00e9e, on entend toute personne vivante qui utilise notre Service et est le sujet de Donn\u00e9es \u00e0 Caract\u00e8re Personnel.<\/li>\n<\/ul>\n<h2>Collecte et utilisation des donn\u00e9es<\/h2>\n<p>Nous recueillons plusieurs types de donn\u00e9es \u00e0 diff\u00e9rentes fins en vue de vous fournir notre Service et de l&#8217;am\u00e9liorer.<\/p>\n<h3>Types de donn\u00e9es recueillies<\/h3>\n<h4>Donn\u00e9es \u00e0 Caract\u00e8re Personnel<\/h4>\n<p>Lorsque vous utilisez notre Service, il est possible que nous vous demandions de nous fournir certaines donn\u00e9es personnelles nominatives qui peuvent servir \u00e0 vous contacter ou \u00e0 vous identifier (&#8220;Donn\u00e9es \u00e0 Caract\u00e8re Personnel&#8221;). Les donn\u00e9es personnelles nominatives peuvent comprendre, mais de mani\u00e8re non limitative:<\/p>\n<ul>\n<li>Adresse e-mail<\/li>\n<li>Pr\u00e9nom et nom de famille<\/li>\n<li>Num\u00e9ro de t\u00e9l\u00e9phone<\/li>\n<li>Adresse, ville, province, \u00e9tat, code postal<\/li>\n<li>Cookies et Donn\u00e9es d&#8217;Utilisation<\/li>\n<\/ul>\n<h4>Donn\u00e9es d&#8217;Utilisation<\/h4>\n<p>Nous pouvons \u00e9galement recueillir des informations relatives au mode d&#8217;acc\u00e8s et d&#8217;utilisation du Service (&#8220;Donn\u00e9es d&#8217;Utilisation&#8221;). Ces Donn\u00e9es d&#8217;Utilisation peuvent comprendre des informations telles que l&#8217;adresse de protocole Internet (c.-\u00e0-d. l&#8217;adresse IP) de votre ordinateur, le type de navigateur, la version du navigateur, les pages de notre Service que vous consultez, la date et l&#8217;heure de votre visite, le temps pass\u00e9 sur ces pages, les identifiants uniques de dispositifs ainsi que d&#8217;autres donn\u00e9es de diagnostic.<\/p>\n<h4>Suivi et donn\u00e9es de cookies<\/h4>\n<p>Nous avons recours \u00e0 des cookies et \u00e0 d&#8217;autres technologies de suivi similaires pour effectuer un suivi des activit\u00e9s effectu\u00e9es dans notre Service, et nous conservons certaines informations.<\/p>\n<p>Les cookies sont des fichiers \u00e0 faible volume de donn\u00e9es pouvant comporter un identifiant unique anonyme. Les cookies sont envoy\u00e9s \u00e0 votre navigateur depuis un site web et sont stock\u00e9s sur votre dispositif. D&#8217;autres technologies de suivi telles que les pixels, les balises et les scripts sont \u00e9galement utilis\u00e9es pour recueillir et suivre des informations et afin d&#8217;am\u00e9liorer et d&#8217;analyser notre Service.<\/p>\n<p>Vous pouvez demander \u00e0 votre navigateur de refuser tous les cookies ou de vous avertir lorsqu&#8217;un cookie est envoy\u00e9. Toutefois, si vous n&#8217;acceptez pas les cookies, il se peut que vous ne puissiez pas utiliser certains \u00e9l\u00e9ments de notre Service.<\/p>\n<p>Exemples de cookies que nous utilisons :<\/p>\n<ul>\n<li><strong>Cookies de Session.<\/strong> Nous utilisons des Cookies de Session pour faire fonctionner notre Service.<\/li>\n<li><strong>Cookies de Pr\u00e9f\u00e9rences.<\/strong> Nous utilisons des Cookies de Pr\u00e9f\u00e9rences pour m\u00e9moriser vos pr\u00e9f\u00e9rences et vos diff\u00e9rents param\u00e8tres.<\/li>\n<li><strong>Cookies de S\u00e9curit\u00e9.<\/strong> Nous utilisons des Cookies de S\u00e9curit\u00e9 pour des raisons de s\u00e9curit\u00e9.<\/li>\n<\/ul>\n<h2>Utilisation des donn\u00e9es<\/h2>\n<p>RIKA Chemie GmbH utilise les donn\u00e9es recueillies \u00e0 des fins diverses:<\/p>\n<ul>\n<li>Pour fournir et assurer notre Service<\/li>\n<li>Pour vous faire part des changements apport\u00e9s \u00e0 notre Service<\/li>\n<li>Pour vous permettre d&#8217;utiliser les fonctions interactives de notre Service quand vous le souhaitez<\/li>\n<li>Pour assurer l&#8217;assistance client<\/li>\n<li>Pour recueillir des donn\u00e9es pr\u00e9cieuses ou d&#8217;analyses qui nous permettront d&#8217;am\u00e9liorer notre Service<\/li>\n<li>Pour contr\u00f4ler l&#8217;utilisation de notre Service<\/li>\n<li>Pour d\u00e9tecter, pr\u00e9venir et r\u00e9gler les probl\u00e8mes techniques<\/li>\n<\/ul>\n<h2>Fondement juridique du traitement des donn\u00e9es \u00e0 caract\u00e8re personnel en vertu du R\u00e8glement G\u00e9n\u00e9ral relatif \u00e0 la Protection des Donn\u00e9es (RGPD)<\/h2>\n<p>Si vous r\u00e9sidez dans l&#8217;Espace \u00e9conomique europ\u00e9en (EEE), le fondement juridique de RIKA Chemie GmbH en ce qui concerne la collecte et l&#8217;utilisation des donn\u00e9es personnelles d\u00e9crites dans la pr\u00e9sente Politique de Confidentialit\u00e9 d\u00e9pend des Donn\u00e9es \u00e0 Caract\u00e8re Personnel que nous recueillons et du contexte pr\u00e9cis dans lequel nous les recueillons.<\/p>\n<p>RIKA Chemie GmbH peut traiter vos Donn\u00e9es \u00e0 Caract\u00e8re Personnel:<\/p>\n<ul>\n<li>Parce que nous avons besoin d&#8217;ex\u00e9cuter un contrat pass\u00e9 avec vous<\/li>\n<li>Parce que vous nous avez autoris\u00e9s \u00e0 le faire<\/li>\n<li>Parce que nous avons un int\u00e9r\u00eat l\u00e9gitime \u00e0 effectuer ce traitement et que vos droits ne priment pas sur cet int\u00e9r\u00eat l\u00e9gitime<\/li>\n<li>Pour respecter la loi<\/li>\n<\/ul>\n<h2>Conservation des donn\u00e9es<\/h2>\n<p>RIKA Chemie GmbH ne conservera vos Donn\u00e9es \u00e0 Caract\u00e8re Personnel que tant que cela sera n\u00e9cessaire aux fins stipul\u00e9es dans la pr\u00e9sente Politique de Confidentialit\u00e9. Nous conserverons et utiliserons vos Donn\u00e9es \u00e0 Caract\u00e8re Personnel dans la mesure o\u00f9 cela sera n\u00e9cessaire pour que nous puissions nous acquitter de nos obligations l\u00e9gales (par exemple, pour respecter la l\u00e9gislation en vigueur), r\u00e9soudre des diff\u00e9rends et appliquer nos accords et nos politiques.<\/p>\n<p>RIKA Chemie GmbH conservera \u00e9galement les Donn\u00e9es d&#8217;Utilisation \u00e0 des fins d&#8217;analyses internes. Les Donn\u00e9es d&#8217;Utilisation sont g\u00e9n\u00e9ralement conserv\u00e9es pour une p\u00e9riode plus courte, sauf lorsque ces donn\u00e9es sont utilis\u00e9es pour renforcer la s\u00e9curit\u00e9 ou pour am\u00e9liorer les fonctionnalit\u00e9s de notre Service, ou si nous sommes l\u00e9galement tenus de conserver ces donn\u00e9es plus longtemps.<\/p>\n<h2>Transfert des donn\u00e9es<\/h2>\n<p>Les informations vous concernant, notamment vos Donn\u00e9es \u00e0 Caract\u00e8re Personnel, peuvent \u00eatre transf\u00e9r\u00e9es de votre r\u00e9gion, province, pays, ou autre division territoriale vers des ordinateurs \u2013 et stock\u00e9es sur ces derniers \u2013 situ\u00e9s \u00e0 un endroit o\u00f9 la l\u00e9gislation relative \u00e0 la protection des donn\u00e9es diff\u00e8re de celle du territoire o\u00f9 vous r\u00e9sidez.<\/p>\n<p>Si vous r\u00e9sidez hors de\/du Germany et que vous choisissez de nous communiquer des informations, sachez que nous transf\u00e9rons les donn\u00e9es, y compris les Donn\u00e9es \u00e0 Caract\u00e8re Personnel, vers le\/la Germany et que nous les y traitons.<\/p>\n<p>En acceptant la pr\u00e9sente Politique de Confidentialit\u00e9 puis en soumettant ces informations, vous consentez \u00e0 ce transfert.<\/p>\n<p>RIKA Chemie GmbH prendra toutes les mesures raisonnablement n\u00e9cessaires pour faire en sorte que vos donn\u00e9es soient trait\u00e9es de mani\u00e8re s\u00e9curis\u00e9e et conform\u00e9ment \u00e0 la pr\u00e9sente Politique de Confidentialit\u00e9 et vos Donn\u00e9es \u00e0 Caract\u00e8re Personnel ne seront transf\u00e9r\u00e9es vers aucune organisation ni aucun pays \u00e0 moins que des contr\u00f4les ad\u00e9quats ne soient en place, notamment en ce qui concerne la s\u00e9curit\u00e9 de vos donn\u00e9es et d&#8217;autres donn\u00e9es personnelles.<\/p>\n<h2>Communication de donn\u00e9es<\/h2>\n<h3>Exigences l\u00e9gales<\/h3>\n<p>RIKA Chemie GmbH peut communiquer vos Donn\u00e9es \u00e0 Caract\u00e8re Personnel si elle estime de bonne foi que cela est n\u00e9cessaire pour:<\/p>\n<ul>\n<li>S&#8217;acquitter d&#8217;une obligation l\u00e9gale<\/li>\n<li>Prot\u00e9ger et d\u00e9fendre les droits ou les biens de RIKA Chemie GmbH<\/li>\n<li>Pr\u00e9venir d&#8217;\u00e9ventuels actes r\u00e9pr\u00e9hensibles ou enqu\u00eater sur de tels actes dans le cadre du Service<\/li>\n<li>Assurer la s\u00e9curit\u00e9 personnelle des utilisateurs du Service ou du public<\/li>\n<li>Se prot\u00e9ger contre la responsabilit\u00e9 civile<\/li>\n<\/ul>\n<h2>S\u00e9curit\u00e9 des donn\u00e9es<\/h2>\n<p>La s\u00e9curit\u00e9 de vos donn\u00e9es nous tient \u00e0 c\u0153ur. Toutefois, n&#8217;oubliez pas qu&#8217;aucune m\u00e9thode de transmission de donn\u00e9es par Internet ou m\u00e9thode de stockage \u00e9lectronique n&#8217;est s\u00fbre \u00e0 100 %. Bien que nous nous efforcions d&#8217;utiliser des m\u00e9thodes commercialement acceptables pour prot\u00e9ger vos Donn\u00e9es \u00e0 Caract\u00e8re Personnel, nous ne pouvons pas leur garantir une s\u00e9curit\u00e9 absolue.<\/p>\n<h2>Droits \u00e0 la protection des donn\u00e9es qui vous sont accord\u00e9s par le R\u00e8glement G\u00e9n\u00e9ral relatif \u00e0 la Protection des Donn\u00e9es (RGPD)<\/h2>\n<p>Si vous r\u00e9sidez dans l&#8217;Espace \u00e9conomique europ\u00e9en (EEE), vous avez certains droits en mati\u00e8re de protection des donn\u00e9es. RIKA Chemie GmbH entend prendre des mesures raisonnables pour vous permettre de corriger, de modifier, ou de supprimer vos Donn\u00e9es \u00e0 Caract\u00e8re Personnel ou d&#8217;en limiter l&#8217;utilisation.<\/p>\n<p>Si vous souhaitez savoir quelles Donn\u00e9es \u00e0 Caract\u00e8re Personnel nous d\u00e9tenons \u00e0 votre sujet et voulez qu&#8217;elles soient supprim\u00e9es de nos syst\u00e8mes, veuillez nous contacter.<\/p>\n<p>Dans certaines circonstances, vous avez les droits suivants en mati\u00e8re de protection des donn\u00e9es:<\/p>\n<ul>\n<li><strong>Le droit d&#8217;acc\u00e9der aux informations que nous d\u00e9tenons \u00e0 votre sujet, de les actualiser ou de les supprimer.<\/strong> Lorsque cette option est propos\u00e9e, vous pouvez consulter ou actualiser vos Donn\u00e9es \u00e0 Caract\u00e8re Personnel ou en demander la suppression dans la section param\u00e8tres de votre compte. Si vous ne pouvez pas effectuer ces actions vous-m\u00eame, merci de nous contacter pour obtenir de l&#8217;aide.<\/li>\n<li><strong>Droit de rectification.<\/strong> Vous avez le droit de faire rectifier vos donn\u00e9es si elles sont inexactes ou incompl\u00e8tes.<\/li>\n<li><strong>Droit d&#8217;opposition.<\/strong> Vous avez le droit de vous opposer \u00e0 ce que nous traitions vos Donn\u00e9es \u00e0 Caract\u00e8re Personnel.<\/li>\n<li><strong>Droit de limitation<\/strong> Vous avez le droit de nous demander de limiter le traitement de vos donn\u00e9es personnelles.<\/li>\n<li><strong>Le droit \u00e0 la portabilit\u00e9 des donn\u00e9es.<\/strong> Vous avez le droit de recevoir une copie des informations que nous d\u00e9tenons \u00e0 votre sujet dans un format couramment utilis\u00e9, structur\u00e9 et lisible par une machine.<\/li>\n<li><strong>Droit au retrait du consentement.<\/strong> Vous avez \u00e9galement le droit de retirer votre consentement \u00e0 tout moment si RIKA Chemie GmbH s&#8217;est appuy\u00e9 sur votre consentement pour traiter vos donn\u00e9es personnelles.<\/li>\n<\/ul>\n<p>Veuillez noter que nous pouvons vous demander de prouver votre identit\u00e9 avant de r\u00e9pondre \u00e0 des demandes de cette nature.<\/p>\n<p>Vous avez le droit de d\u00e9poser plainte aupr\u00e8s d&#8217;une autorit\u00e9 de protection des donn\u00e9es au sujet de notre collecte et de notre utilisation de vos Donn\u00e9es \u00e0 Caract\u00e8re Personnel. Pour plus de pr\u00e9cisions, veuillez contacter l&#8217;autorit\u00e9 de protection des donn\u00e9es la plus proche de vous dans l&#8217;Espace \u00e9conomique europ\u00e9en (EEE).<\/p>\n<h2>Prestataires de services<\/h2>\n<p>Nous pouvons faire appel \u00e0 des soci\u00e9t\u00e9s tierces et \u00e0 des tierces personnes pour faciliter la prestation de notre Service (&#8220;Prestataires de Services&#8221;), assurer le Service en notre nom, assurer des services li\u00e9s au Service ou nous aider \u00e0 analyser la fa\u00e7on dont notre Service est utilis\u00e9.<\/p>\n<p>Ces tiers n&#8217;ont acc\u00e8s \u00e0 vos Donn\u00e9es \u00e0 Caract\u00e8re Personnel que pour effectuer ces t\u00e2ches en notre nom et il leur est interdit de les communiquer ou de les utiliser \u00e0 quelle qu&#8217;autre fin.<\/p>\n<h2>Liens pointant vers d&#8217;autres sites<\/h2>\n<p>Il se peut que notre Service contienne des liens pointant vers d&#8217;autres sites que nous n&#8217;exploitons pas. Si vous cliquez sur un lien de tiers, vous serez redirig\u00e9 vers le site de ce tiers. Nous vous recommandons vivement d&#8217;examiner la politique de confidentialit\u00e9 de chacun des sites que vous consultez.<\/p>\n<p>Nous n&#8217;avons aucun contr\u00f4le sur le contenu, les politiques ou pratiques de confidentialit\u00e9 des sites ou services de tiers et d\u00e9clinons toute responsabilit\u00e9 en ce qui les concerne.<\/p>\n<h2>Vie priv\u00e9e des enfants<\/h2>\n<p>Notre Service ne s&#8217;adresse pas aux personnes de moins de 18 ans (&#8220;Enfants&#8221;).<\/p>\n<p>Nous ne recueillons pas sciemment de donn\u00e9es personnelles nominatives aupr\u00e8s de personnes de moins de 18 ans. Si vous \u00eates un parent ou un tuteur et que vous savez que votre Enfant nous a communiqu\u00e9 des Donn\u00e9es \u00e0 Caract\u00e8re Personnel, veuillez nous contacter. Si nous apprenons que nous avons recueilli des Donn\u00e9es \u00e0 Caract\u00e8re Personnel aupr\u00e8s d&#8217;enfants sans v\u00e9rifier s&#8217;il y a consentement parental, nous faisons le n\u00e9cessaire pour supprimer ces informations de nos serveurs.<\/p>\n<h2>Modifications de la pr\u00e9sente Politique de Confidentialit\u00e9<\/h2>\n<p>Nous nous r\u00e9servons le droit d&#8217;actualiser notre Politique de Confidentialit\u00e9 de temps \u00e0 autre. Nous vous informerons de toute modification en publiant la nouvelle Politique de Confidentialit\u00e9 sur cette page.<\/p>\n<p>Avant que la modification ne prenne effet, nous vous en informerons par e-mail et\/ ou en pla\u00e7ant un avis bien en vue dans notre Service et nous actualiserons la &#8220;date de prise d&#8217;effet&#8221; qui figure en haut de la pr\u00e9sente Politique de Confidentialit\u00e9.<\/p>\n<p>Nous vous conseillons de consulter la pr\u00e9sente Politique de Confidentialit\u00e9 p\u00e9riodiquement pour prendre connaissance de toute modification. Les modifications apport\u00e9es \u00e0 la pr\u00e9sente Politique de Confidentialit\u00e9 prennent effet lorsqu&#8217;elles sont publi\u00e9es sur cette page.<\/p>\n<h2>Nous contacter<\/h2>\n<p>Pour toute question relative \u00e0 la pr\u00e9sente Politique de Confidentialit\u00e9, veuillez nous contacter:<\/p>\n<ul>\n<li>Par courrier \u00e9lectronique: info@rika-chemie.com<\/li>\n<\/ul>\n","protected":false},"excerpt":{"rendered":"<p>Politique de Confidentialit\u00e9 Date de prise d&#8217;effet: July 12, 2019 RIKA Chemie GmbH (&#8220;nous&#8221;, &#8220;notre&#8221;, &#8220;nos&#8221;) exploite le site web https:\/\/rika-chemie.com (ci-apr\u00e8s d\u00e9sign\u00e9 par le terme &#8220;Service&#8221;). Cette page vous explique nos politiques en mati\u00e8re de collecte, d&#8217;utilisation et de communication des donn\u00e9es \u00e0 caract\u00e8re personnel lorsque vous utilisez notre Service ainsi que les choix [&hellip;]<\/p>\n","protected":false},"author":1,"featured_media":0,"parent":0,"menu_order":0,"comment_status":"closed","ping_status":"closed","template":"","meta":{"footnotes":""},"class_list":["post-4086","page","type-page","status-publish","hentry"],"translation":{"provider":"WPGlobus","version":"3.0.1","language":"fr","enabled_languages":["de","en","es","fr"],"languages":{"de":{"title":true,"content":true,"excerpt":false},"en":{"title":false,"content":true,"excerpt":false},"es":{"title":false,"content":true,"excerpt":false},"fr":{"title":false,"content":true,"excerpt":false}}},"_links":{"self":[{"href":"https:\/\/www.rika-chemie.com\/fr\/wp-json\/wp\/v2\/pages\/4086","targetHints":{"allow":["GET"]}}],"collection":[{"href":"https:\/\/www.rika-chemie.com\/fr\/wp-json\/wp\/v2\/pages"}],"about":[{"href":"https:\/\/www.rika-chemie.com\/fr\/wp-json\/wp\/v2\/types\/page"}],"author":[{"embeddable":true,"href":"https:\/\/www.rika-chemie.com\/fr\/wp-json\/wp\/v2\/users\/1"}],"replies":[{"embeddable":true,"href":"https:\/\/www.rika-chemie.com\/fr\/wp-json\/wp\/v2\/comments?post=4086"}],"version-history":[{"count":3,"href":"https:\/\/www.rika-chemie.com\/fr\/wp-json\/wp\/v2\/pages\/4086\/revisions"}],"predecessor-version":[{"id":6116,"href":"https:\/\/www.rika-chemie.com\/fr\/wp-json\/wp\/v2\/pages\/4086\/revisions\/6116"}],"wp:attachment":[{"href":"https:\/\/www.rika-chemie.com\/fr\/wp-json\/wp\/v2\/media?parent=4086"}],"curies":[{"name":"wp","href":"https:\/\/api.w.org\/{rel}","templated":true}]}}